{"id":2971,"date":"2022-05-19T23:29:08","date_gmt":"2022-05-19T21:29:08","guid":{"rendered":"https:\/\/cormac.eu\/?post_type=product&#038;p=2971"},"modified":"2022-06-01T11:56:02","modified_gmt":"2022-06-01T09:56:02","slug":"colector-de-corte-de-alambre-2","status":"publish","type":"product","link":"https:\/\/cormac.eu\/es\/product\/wire-cut-manifold\/","title":{"rendered":"Colector de corte de alambre"},"content":{"rendered":"<p>Los colectores de deposici\u00f3n presurizados est\u00e1n dise\u00f1ados para conectarse directamente a una unidad de alimentaci\u00f3n continua o a un sistema de dosificaci\u00f3n como una unidad de bombeo. Al tratarse de sistemas cerrados en los que no se utilizan tolvas, estos colectores de deposici\u00f3n son especialmente adecuados para la deposici\u00f3n de masas delicadas y espumas ligeras. Los colectores de corte de alambre pueden crearse a partir de <a href=\"https:\/\/cormac.eu\/es\/producto\/colector-de-deposito\/\">\"colector \"liso<\/a> para un dep\u00f3sito de malvavisco de un solo color o de nuestras versiones combinadas para un dep\u00f3sito de dos colores. Las v\u00e1lvulas rotativas suelen ser servoaccionadas, mientras que el accesorio de corte por hilo de vaiv\u00e9n se acciona neum\u00e1ticamente.<\/p>\n<p>&nbsp;<\/p>\n<p><strong>Aplicaciones<\/strong><\/p>\n<p><img decoding=\"async\" class=\"alignnone wp-image-2975\" src=\"https:\/\/cormac.eu\/wp-content\/uploads\/2022\/05\/wymbs-wire-cut-product-3.jpg\" alt=\"\" width=\"154\" height=\"134\" \/>\u00a0 <img decoding=\"async\" class=\"alignnone wp-image-2974\" src=\"https:\/\/cormac.eu\/wp-content\/uploads\/2022\/05\/wymbs-wire-cut-product-2.jpg\" alt=\"\" width=\"166\" height=\"132\" \/> <img decoding=\"async\" class=\"alignnone wp-image-2973\" src=\"https:\/\/cormac.eu\/wp-content\/uploads\/2022\/05\/wymbs-wire-cut-product-1.jpg\" alt=\"\" width=\"166\" height=\"151\" \/><\/p>\n<p>&nbsp;<\/p>\n<p>&nbsp;<\/p>\n<p>&nbsp;<\/p>\n<table>\n<tbody>\n<tr>\n<td width=\"253\">\u00a0<strong>Caracter\u00edsticas<\/strong><\/td>\n<td width=\"351\">\u00a0<strong>Beneficios<\/strong><\/td>\n<\/tr>\n<tr>\n<td>Construcci\u00f3n de aluminio de alta calidad<\/td>\n<td>\n<ul>\n<li>Peso ligero<\/li>\n<li>Fuerte<\/li>\n<\/ul>\n<\/td>\n<\/tr>\n<tr>\n<td>Equilibrado del sistema sin herramientas<\/td>\n<td>\n<ul>\n<li>F\u00e1cil equilibrado de la presi\u00f3n del sistema<\/li>\n<\/ul>\n<\/td>\n<\/tr>\n<tr>\n<td>Sistema interno de circulaci\u00f3n de agua<\/td>\n<td>\n<ul>\n<li>Calefacci\u00f3n y refrigeraci\u00f3n controladas<\/li>\n<\/ul>\n<\/td>\n<\/tr>\n<tr>\n<td>V\u00e1lvula rotativa servoaccionada sellada en pol\u00edmero no met\u00e1lico<\/td>\n<td>\n<ul>\n<li>Alta resistencia<\/li>\n<li>baja fricci\u00f3n<\/li>\n<li>control perfecto del movimiento de las v\u00e1lvulas<\/li>\n<\/ul>\n<\/td>\n<\/tr>\n<tr>\n<td>Opciones<\/td>\n<td>\n<ul>\n<li>Accesorios de limpieza adicionales para la limpieza en l\u00ednea (CIP)<\/li>\n<li>Aleaciones especiales que protegen contra masas con alto nivel de acidez<\/li>\n<\/ul>\n<\/td>\n<\/tr>\n<\/tbody>\n<\/table>\n<p>&nbsp;<\/p>","protected":false},"excerpt":{"rendered":"<p>Colector de corte de alambre , generalmente para la fabricaci\u00f3n de productos de malvavisco de fondo plano<\/p>","protected":false},"featured_media":2972,"comment_status":"open","ping_status":"closed","template":"","meta":{"uix_meta_title":"","uix_meta_description":"","uix_canonical_url":""},"product_brand":[],"product_cat":[104],"product_tag":[196],"class_list":{"0":"post-2971","1":"product","2":"type-product","3":"status-publish","4":"has-post-thumbnail","6":"product_cat-processing","7":"product_tag-marshmallows","9":"first","10":"instock","11":"sold-individually","12":"shipping-taxable","13":"purchasable","14":"product-type-simple"},"_links":{"self":[{"href":"https:\/\/cormac.eu\/es\/wp-json\/wp\/v2\/product\/2971","targetHints":{"allow":["GET"]}}],"collection":[{"href":"https:\/\/cormac.eu\/es\/wp-json\/wp\/v2\/product"}],"about":[{"href":"https:\/\/cormac.eu\/es\/wp-json\/wp\/v2\/types\/product"}],"replies":[{"embeddable":true,"href":"https:\/\/cormac.eu\/es\/wp-json\/wp\/v2\/comments?post=2971"}],"wp:featuredmedia":[{"embeddable":true,"href":"https:\/\/cormac.eu\/es\/wp-json\/wp\/v2\/media\/2972"}],"wp:attachment":[{"href":"https:\/\/cormac.eu\/es\/wp-json\/wp\/v2\/media?parent=2971"}],"wp:term":[{"taxonomy":"product_brand","embeddable":true,"href":"https:\/\/cormac.eu\/es\/wp-json\/wp\/v2\/product_brand?post=2971"},{"taxonomy":"product_cat","embeddable":true,"href":"https:\/\/cormac.eu\/es\/wp-json\/wp\/v2\/product_cat?post=2971"},{"taxonomy":"product_tag","embeddable":true,"href":"https:\/\/cormac.eu\/es\/wp-json\/wp\/v2\/product_tag?post=2971"}],"curies":[{"name":"wp","href":"https:\/\/api.w.org\/{rel}","templated":true}]}}