{"id":2969,"date":"2022-05-19T23:25:00","date_gmt":"2022-05-19T21:25:00","guid":{"rendered":"https:\/\/cormac.eu\/?post_type=product&#038;p=2969"},"modified":"2022-06-05T22:25:45","modified_gmt":"2022-06-05T20:25:45","slug":"colector-combinado-presurizado","status":"publish","type":"product","link":"https:\/\/cormac.eu\/es\/product\/pressurized-combined-manifold\/","title":{"rendered":"Colector combinado presurizado"},"content":{"rendered":"<p>Los colectores de deposici\u00f3n presurizados est\u00e1n dise\u00f1ados para conectarse directamente a una unidad de alimentaci\u00f3n continua o a un sistema de dosificaci\u00f3n como una unidad de bombeo. Dado que se trata de sistemas cerrados en los que no se utilizan tolvas, estos colectores de deposici\u00f3n son especialmente adecuados para la deposici\u00f3n de masas delicadas y espumas ligeras. Los depositadores combinados o de llenado central tienen dos c\u00e1maras de masa y dos filas de v\u00e1lvulas de control de caudal. Esto permite depositar diferentes masas simult\u00e1neamente a trav\u00e9s de una boquilla.<\/p>\n<p><strong>Aplicaciones:<\/strong><\/p>\n<p>Mermelada en malvavisco, crema de chocolate en malvavisco, caramelo blando en malvavisco, lado a lado malvavisco, crema de galleta y mermelada<\/p>\n<p><img decoding=\"async\" class=\"alignnone wp-image-2966\" src=\"https:\/\/cormac.eu\/wp-content\/uploads\/2022\/05\/wymbs-product-CFD-3.jpg\" alt=\"\" width=\"157\" height=\"130\" \/> <img decoding=\"async\" class=\"alignnone wp-image-2965\" src=\"https:\/\/cormac.eu\/wp-content\/uploads\/2022\/05\/wymbs-product-CFD-2.jpg\" alt=\"\" width=\"159\" height=\"131\" \/> <img decoding=\"async\" class=\"alignnone wp-image-2967\" src=\"https:\/\/cormac.eu\/wp-content\/uploads\/2022\/05\/wymbs-product-CFD-4.jpg\" alt=\"\" width=\"194\" height=\"156\" \/> <img loading=\"lazy\" decoding=\"async\" class=\"alignnone wp-image-2963\" src=\"https:\/\/cormac.eu\/wp-content\/uploads\/2022\/05\/wymbs-product-CFD-1.jpg\" alt=\"\" width=\"180\" height=\"168\" \/><\/p>\n<p>&nbsp;<\/p>\n<table>\n<tbody>\n<tr>\n<td width=\"253\">\u00a0<strong>Caracter\u00edsticas<\/strong><\/td>\n<td width=\"351\">\u00a0<strong>Beneficios<\/strong><\/td>\n<\/tr>\n<tr>\n<td>Construcci\u00f3n de aluminio de alta calidad<\/td>\n<td>\n<ul>\n<li>Peso ligero<\/li>\n<li>Fuerte<\/li>\n<\/ul>\n<\/td>\n<\/tr>\n<tr>\n<td>Equilibrado del sistema sin herramientas<\/td>\n<td>\n<ul>\n<li>F\u00e1cil equilibrado de la presi\u00f3n del sistema<\/li>\n<\/ul>\n<\/td>\n<\/tr>\n<tr>\n<td>Sistema interno de circulaci\u00f3n de agua<\/td>\n<td>\n<ul>\n<li>Calefacci\u00f3n y refrigeraci\u00f3n controladas<\/li>\n<\/ul>\n<\/td>\n<\/tr>\n<tr>\n<td>V\u00e1lvula rotativa sellada en pol\u00edmero no met\u00e1lico<\/td>\n<td>\n<ul>\n<li>Alta resistencia<\/li>\n<li>baja fricci\u00f3n<\/li>\n<\/ul>\n<\/td>\n<\/tr>\n<tr>\n<td>V\u00e1lvula rotativa servoaccionada<\/td>\n<td>\n<ul>\n<li>Control preciso del movimiento de las v\u00e1lvulas<\/li>\n<\/ul>\n<\/td>\n<\/tr>\n<tr>\n<td>Opciones<\/td>\n<td>\n<ul>\n<li>Accesorios de limpieza adicionales para la limpieza en l\u00ednea (CIP)<\/li>\n<li>Aleaciones especiales que protegen contra masas con alto nivel de acidez<\/li>\n<li>Boquillas especiales de doble dep\u00f3sito<\/li>\n<li>Boquillas especiales multipico<\/li>\n<\/ul>\n<\/td>\n<\/tr>\n<\/tbody>\n<\/table>\n<p>&nbsp;<\/p>","protected":false},"excerpt":{"rendered":"<p>Colector presurizado para depositar en el centro, lado a lado y multicapa<\/p>","protected":false},"featured_media":2962,"comment_status":"open","ping_status":"closed","template":"","meta":{"uix_meta_title":"","uix_meta_description":"","uix_canonical_url":""},"product_brand":[],"product_cat":[104],"product_tag":[187,196],"class_list":{"0":"post-2969","1":"product","2":"type-product","3":"status-publish","4":"has-post-thumbnail","6":"product_cat-processing","7":"product_tag-biscuit-creams","8":"product_tag-marshmallows","10":"first","11":"instock","12":"shipping-taxable","13":"product-type-simple"},"_links":{"self":[{"href":"https:\/\/cormac.eu\/es\/wp-json\/wp\/v2\/product\/2969","targetHints":{"allow":["GET"]}}],"collection":[{"href":"https:\/\/cormac.eu\/es\/wp-json\/wp\/v2\/product"}],"about":[{"href":"https:\/\/cormac.eu\/es\/wp-json\/wp\/v2\/types\/product"}],"replies":[{"embeddable":true,"href":"https:\/\/cormac.eu\/es\/wp-json\/wp\/v2\/comments?post=2969"}],"wp:featuredmedia":[{"embeddable":true,"href":"https:\/\/cormac.eu\/es\/wp-json\/wp\/v2\/media\/2962"}],"wp:attachment":[{"href":"https:\/\/cormac.eu\/es\/wp-json\/wp\/v2\/media?parent=2969"}],"wp:term":[{"taxonomy":"product_brand","embeddable":true,"href":"https:\/\/cormac.eu\/es\/wp-json\/wp\/v2\/product_brand?post=2969"},{"taxonomy":"product_cat","embeddable":true,"href":"https:\/\/cormac.eu\/es\/wp-json\/wp\/v2\/product_cat?post=2969"},{"taxonomy":"product_tag","embeddable":true,"href":"https:\/\/cormac.eu\/es\/wp-json\/wp\/v2\/product_tag?post=2969"}],"curies":[{"name":"wp","href":"https:\/\/api.w.org\/{rel}","templated":true}]}}