{"id":2951,"date":"2022-05-19T22:53:20","date_gmt":"2022-05-19T20:53:20","guid":{"rendered":"https:\/\/cormac.eu\/?post_type=product&#038;p=2951"},"modified":"2022-06-05T15:15:09","modified_gmt":"2022-06-05T13:15:09","slug":"colector-de-deposito","status":"publish","type":"product","link":"https:\/\/cormac.eu\/es\/product\/depositing-manifold\/","title":{"rendered":"Colector de dep\u00f3sito presurizado"},"content":{"rendered":"<p>Los colectores de deposici\u00f3n presurizados est\u00e1n dise\u00f1ados para conectarse directamente a una unidad de alimentaci\u00f3n continua o a un sistema de dosificaci\u00f3n como una unidad de bombeo. Al tratarse de sistemas cerrados en los que no se utilizan tolvas, estos colectores de deposici\u00f3n son especialmente adecuados para la deposici\u00f3n de masas delicadas y espumas ligeras. La versi\u00f3n de \"deposici\u00f3n simple\" tiene una c\u00e1mara de masa en la que se iguala la presi\u00f3n del sistema. Cada boquilla de deposici\u00f3n del distribuidor se controla mediante una v\u00e1lvula de control de caudal independiente. De este modo se consigue un equilibrio preciso de la presi\u00f3n a lo largo de todo el colector.<\/p>\n<p>&nbsp;<\/p>\n<p>Aplicaciones<\/p>\n<p><img decoding=\"async\" class=\"alignnone wp-image-2959\" src=\"https:\/\/cormac.eu\/wp-content\/uploads\/2022\/05\/Wymbs-picture-4-DMF.jpg\" alt=\"\" width=\"107\" height=\"107\" srcset=\"https:\/\/cormac.eu\/wp-content\/uploads\/2022\/05\/Wymbs-picture-4-DMF.jpg 125w, https:\/\/cormac.eu\/wp-content\/uploads\/2022\/05\/Wymbs-picture-4-DMF-100x100.jpg 100w\" sizes=\"(max-width: 107px) 100vw, 107px\" \/> <img decoding=\"async\" class=\"alignnone size-full wp-image-2958\" src=\"https:\/\/cormac.eu\/wp-content\/uploads\/2022\/05\/Wymbs-picture-3-DMF.jpg\" alt=\"\" width=\"125\" height=\"125\" srcset=\"https:\/\/cormac.eu\/wp-content\/uploads\/2022\/05\/Wymbs-picture-3-DMF.jpg 125w, https:\/\/cormac.eu\/wp-content\/uploads\/2022\/05\/Wymbs-picture-3-DMF-100x100.jpg 100w\" sizes=\"(max-width: 125px) 100vw, 125px\" \/> <img decoding=\"async\" class=\"alignnone size-full wp-image-2957\" src=\"https:\/\/cormac.eu\/wp-content\/uploads\/2022\/05\/Wymbs-picture-2-DMF.jpg\" alt=\"\" width=\"125\" height=\"125\" srcset=\"https:\/\/cormac.eu\/wp-content\/uploads\/2022\/05\/Wymbs-picture-2-DMF.jpg 125w, https:\/\/cormac.eu\/wp-content\/uploads\/2022\/05\/Wymbs-picture-2-DMF-100x100.jpg 100w\" sizes=\"(max-width: 125px) 100vw, 125px\" \/>\u00a0 \u00a0 <img loading=\"lazy\" decoding=\"async\" class=\"alignnone wp-image-2960\" src=\"https:\/\/cormac.eu\/wp-content\/uploads\/2022\/05\/strawberry-jaffa-cakes-1-300x227.jpg\" alt=\"\" width=\"139\" height=\"105\" srcset=\"https:\/\/cormac.eu\/wp-content\/uploads\/2022\/05\/strawberry-jaffa-cakes-1-300x227.jpg 300w, https:\/\/cormac.eu\/wp-content\/uploads\/2022\/05\/strawberry-jaffa-cakes-1-768x581.jpg 768w, https:\/\/cormac.eu\/wp-content\/uploads\/2022\/05\/strawberry-jaffa-cakes-1-600x454.jpg 600w, https:\/\/cormac.eu\/wp-content\/uploads\/2022\/05\/strawberry-jaffa-cakes-1.jpg 969w\" sizes=\"(max-width: 139px) 100vw, 139px\" \/><\/p>\n<p>&nbsp;<\/p>\n<table>\n<tbody>\n<tr>\n<td width=\"253\">\u00a0<strong>Caracter\u00edsticas<\/strong><\/td>\n<td width=\"351\">\u00a0<strong>Beneficios<\/strong><\/td>\n<\/tr>\n<tr>\n<td>Construcci\u00f3n de aluminio de alta calidad<\/td>\n<td>\n<ul>\n<li>Peso ligero<\/li>\n<li>Fuerte<\/li>\n<\/ul>\n<\/td>\n<\/tr>\n<tr>\n<td>Equilibrado del sistema sin herramientas<\/td>\n<td>\n<ul>\n<li>F\u00e1cil equilibrado de la presi\u00f3n del sistema<\/li>\n<\/ul>\n<\/td>\n<\/tr>\n<tr>\n<td>Sistema interno de circulaci\u00f3n de agua<\/td>\n<td>\n<ul>\n<li>Calefacci\u00f3n y refrigeraci\u00f3n controladas<\/li>\n<\/ul>\n<\/td>\n<\/tr>\n<tr>\n<td>V\u00e1lvula rotativa sellada en pol\u00edmero no met\u00e1lico<\/td>\n<td>\n<ul>\n<li>Alta resistencia<\/li>\n<li>baja fricci\u00f3n<\/li>\n<\/ul>\n<\/td>\n<\/tr>\n<tr>\n<td>Opciones<\/td>\n<td>\n<ul>\n<li>Accesorios de limpieza adicionales para la limpieza en l\u00ednea (CIP)<\/li>\n<li>Aleaciones especiales que protegen contra masas con alto nivel de acidez<\/li>\n<li>v\u00e1lvula rotativa servoaccionada o accionada neum\u00e1ticamente<\/li>\n<\/ul>\n<\/td>\n<\/tr>\n<\/tbody>\n<\/table>\n<p>&nbsp;<\/p>","protected":false},"excerpt":{"rendered":"<p>Colector de dep\u00f3sito presurizado para trabajar en un sistema cerrado<\/p>","protected":false},"featured_media":2955,"comment_status":"open","ping_status":"closed","template":"","meta":{"uix_meta_title":"","uix_meta_description":"","uix_canonical_url":""},"product_brand":[],"product_cat":[104],"product_tag":[187,215,210,191,196],"class_list":{"0":"post-2951","1":"product","2":"type-product","3":"status-publish","4":"has-post-thumbnail","6":"product_cat-processing","7":"product_tag-biscuit-creams","8":"product_tag-center-filled-products","9":"product_tag-cookies","10":"product_tag-fondants-icings","11":"product_tag-marshmallows","13":"first","14":"instock","15":"shipping-taxable","16":"product-type-simple"},"_links":{"self":[{"href":"https:\/\/cormac.eu\/es\/wp-json\/wp\/v2\/product\/2951","targetHints":{"allow":["GET"]}}],"collection":[{"href":"https:\/\/cormac.eu\/es\/wp-json\/wp\/v2\/product"}],"about":[{"href":"https:\/\/cormac.eu\/es\/wp-json\/wp\/v2\/types\/product"}],"replies":[{"embeddable":true,"href":"https:\/\/cormac.eu\/es\/wp-json\/wp\/v2\/comments?post=2951"}],"wp:featuredmedia":[{"embeddable":true,"href":"https:\/\/cormac.eu\/es\/wp-json\/wp\/v2\/media\/2955"}],"wp:attachment":[{"href":"https:\/\/cormac.eu\/es\/wp-json\/wp\/v2\/media?parent=2951"}],"wp:term":[{"taxonomy":"product_brand","embeddable":true,"href":"https:\/\/cormac.eu\/es\/wp-json\/wp\/v2\/product_brand?post=2951"},{"taxonomy":"product_cat","embeddable":true,"href":"https:\/\/cormac.eu\/es\/wp-json\/wp\/v2\/product_cat?post=2951"},{"taxonomy":"product_tag","embeddable":true,"href":"https:\/\/cormac.eu\/es\/wp-json\/wp\/v2\/product_tag?post=2951"}],"curies":[{"name":"wp","href":"https:\/\/api.w.org\/{rel}","templated":true}]}}