{"id":2930,"date":"2022-04-24T20:27:13","date_gmt":"2022-04-24T18:27:13","guid":{"rendered":"https:\/\/cormac.eu\/?post_type=product&#038;p=2930"},"modified":"2022-06-01T12:04:54","modified_gmt":"2022-06-01T10:04:54","slug":"linea-de-moldeo-por-inyeccion-2","status":"publish","type":"product","link":"https:\/\/cormac.eu\/es\/product\/one-shot-moulding-line\/","title":{"rendered":"L\u00ednea de moldeo de una sola toma"},"content":{"rendered":"<p>Las l\u00edneas Knobel de moldeo por inyecci\u00f3n son sistemas modulares de moldeo de chocolate que crecen con sus necesidades. El concepto modular permite al productor aumentar la capacidad paso a paso a\u00f1adiendo nuevos componentes dentro de la gama de los cuatro est\u00e1ndares:<br \/>\nKCM 275, con moldes de 275 x 175\/205 mm<br \/>\nKCM 380, con moldes de 380 x 295 mm<br \/>\nKCM 500, con moldes de 450 x 425 mm<br \/>\nKCM 650, con moldes de 650 x 500 mm<\/p>\n<p>Como primer paso se puede utilizar una KCM Alpha Compact con mesa vibratoria y espiral de enfriamiento.<\/p>\n<p><img decoding=\"async\" class=\"alignnone size-full wp-image-2931\" src=\"https:\/\/cormac.eu\/wp-content\/uploads\/2022\/04\/Knobel-one-shot-modular-step-1.jpg\" alt=\"\" width=\"220\" height=\"177\" \/><\/p>\n<p>Como segundo paso, puede a\u00f1adirse un sistema de transporte con precalentamiento del molde.<\/p>\n<p><img decoding=\"async\" class=\"alignnone size-full wp-image-2932\" src=\"https:\/\/cormac.eu\/wp-content\/uploads\/2022\/04\/Knobel-one-shot-modular-step-2.jpg\" alt=\"\" width=\"220\" height=\"165\" \/><\/p>\n<p>Y como tercer paso puede a\u00f1adirse un sistema autom\u00e1tico de desmoldeo y cambio de moldes.<\/p>\n<p><img decoding=\"async\" class=\"alignnone size-full wp-image-2933\" src=\"https:\/\/cormac.eu\/wp-content\/uploads\/2022\/04\/Knobel-one-shot-modular-step-3.jpg\" alt=\"\" width=\"220\" height=\"135\" \/><\/p>\n<p>Las depositadoras utilizadas en estas l\u00edneas son todas capaces de producir productos rellenos con un solo disparo (Chocolate + Relleno). Utilizando el utillaje adecuado puede incluso producir productos de doble relleno en el llamado triple disparo.<\/p>\n<p><img loading=\"lazy\" decoding=\"async\" class=\"alignnone size-full wp-image-2926\" src=\"https:\/\/cormac.eu\/wp-content\/uploads\/2022\/04\/Knobel-one-shot-app-2.jpg\" alt=\"\" width=\"113\" height=\"108\" \/> \u00a0<img loading=\"lazy\" decoding=\"async\" class=\"alignnone size-full wp-image-2925\" src=\"https:\/\/cormac.eu\/wp-content\/uploads\/2022\/04\/Knobel-one-shot-app-1.jpg\" alt=\"\" width=\"107\" height=\"101\" \/><\/p>\n<p>&nbsp;<\/p>\n<table style=\"height: 661px\" width=\"692\">\n<tbody>\n<tr>\n<td width=\"197\">\u00a0<strong>Caracter\u00edsticas<\/strong><\/td>\n<td width=\"197\">\u00a0<strong>Beneficios<\/strong><\/td>\n<\/tr>\n<tr>\n<td>sistema patentado de pist\u00f3n giratorio<\/td>\n<td>\n<ul>\n<li>f\u00e1cil desmontaje<\/li>\n<li>f\u00e1cil limpieza y cambio r\u00e1pido<\/li>\n<li>alta precisi\u00f3n de dep\u00f3sito<\/li>\n<\/ul>\n<\/td>\n<\/tr>\n<tr>\n<td>\u00a0servoaccionado<\/td>\n<td>\n<ul>\n<li>alta precisi\u00f3n<\/li>\n<\/ul>\n<\/td>\n<\/tr>\n<tr>\n<td>dise\u00f1o canti-lever<\/td>\n<td>\n<ul>\n<li>f\u00e1cil limpieza<\/li>\n<li>buen acceso<\/li>\n<\/ul>\n<\/td>\n<\/tr>\n<tr>\n<td>\u00a0transporte sin cadena<\/td>\n<td>\n<ul>\n<li>variedad de moldes posible<\/li>\n<\/ul>\n<\/td>\n<\/tr>\n<tr>\n<td>sistema de detecci\u00f3n de moho<\/td>\n<td>\n<ul>\n<li>acciones espec\u00edficas para cada producto en cada fase de producci\u00f3n<\/li>\n<\/ul>\n<\/td>\n<\/tr>\n<tr>\n<td>dise\u00f1o modular<\/td>\n<td>\n<ul>\n<li>flexibilidad<\/li>\n<\/ul>\n<\/td>\n<\/tr>\n<\/tbody>\n<\/table>\n<p>&nbsp;<\/p>","protected":false},"excerpt":{"rendered":"<p>L\u00ednea completa de moldeo de chocolate de un solo paso para producir art\u00edculos de chocolate rellenos.<\/p>","protected":false},"featured_media":2937,"comment_status":"open","ping_status":"closed","template":"","meta":{"uix_meta_title":"","uix_meta_description":"","uix_canonical_url":""},"product_brand":[],"product_cat":[104],"product_tag":[215,208,207],"class_list":{"0":"post-2930","1":"product","2":"type-product","3":"status-publish","4":"has-post-thumbnail","6":"product_cat-processing","7":"product_tag-center-filled-products","8":"product_tag-chocolates","9":"product_tag-pralines","11":"first","12":"instock","13":"shipping-taxable","14":"product-type-simple"},"_links":{"self":[{"href":"https:\/\/cormac.eu\/es\/wp-json\/wp\/v2\/product\/2930","targetHints":{"allow":["GET"]}}],"collection":[{"href":"https:\/\/cormac.eu\/es\/wp-json\/wp\/v2\/product"}],"about":[{"href":"https:\/\/cormac.eu\/es\/wp-json\/wp\/v2\/types\/product"}],"replies":[{"embeddable":true,"href":"https:\/\/cormac.eu\/es\/wp-json\/wp\/v2\/comments?post=2930"}],"wp:featuredmedia":[{"embeddable":true,"href":"https:\/\/cormac.eu\/es\/wp-json\/wp\/v2\/media\/2937"}],"wp:attachment":[{"href":"https:\/\/cormac.eu\/es\/wp-json\/wp\/v2\/media?parent=2930"}],"wp:term":[{"taxonomy":"product_brand","embeddable":true,"href":"https:\/\/cormac.eu\/es\/wp-json\/wp\/v2\/product_brand?post=2930"},{"taxonomy":"product_cat","embeddable":true,"href":"https:\/\/cormac.eu\/es\/wp-json\/wp\/v2\/product_cat?post=2930"},{"taxonomy":"product_tag","embeddable":true,"href":"https:\/\/cormac.eu\/es\/wp-json\/wp\/v2\/product_tag?post=2930"}],"curies":[{"name":"wp","href":"https:\/\/api.w.org\/{rel}","templated":true}]}}