{"id":2922,"date":"2022-04-24T19:56:31","date_gmt":"2022-04-24T17:56:31","guid":{"rendered":"https:\/\/cormac.eu\/?post_type=product&#038;p=2922"},"modified":"2022-06-01T12:08:38","modified_gmt":"2022-06-01T10:08:38","slug":"chocolate-depositor-kcm-eta-theta","status":"publish","type":"product","link":"https:\/\/cormac.eu\/es\/product\/chocolate-depositor-kcm-eta-theta\/","title":{"rendered":"Depositante de chocolate KCM Eta\/Theta"},"content":{"rendered":"<p>The two-row Eta\/ Theta model is a cantilever design industrial\u00a0 chocolate depositor suitable for producing solid chocolate articles and one shot products. Also it can be used for decoration depositing. The design of this machine enables it to be easily retrofitted into existing chocolate moulding lines, even if these are of third party manufacture. Thanks to the unique Knobel rotation valve system an impressive depositing accuracy can be achieved. All KCM Eta\/Theta machines can be equipped with three axes (CAD) meaning that the depositing head can move three dimensionally.\u00a0 In case the optional nut depositing feature is chosen, the chocolate maker can dose whole nuts and other ingredients. In comparison to the ETA model, wher the X-axis (horizontal) can reach max. 300 mm, the THETA can reach up to 500 mm on the X-axis. It is the largest machine in the Knobel depositor assortment and specially suitable for use in larger moulding lines and oven belts of up to 1500 mm width.<\/p>\n<p><img decoding=\"async\" class=\"alignnone wp-image-2929\" src=\"https:\/\/cormac.eu\/wp-content\/uploads\/2022\/04\/Chocolate-tablet-with-nuts-300x267.png\" alt=\"\" width=\"170\" height=\"151\" srcset=\"https:\/\/cormac.eu\/wp-content\/uploads\/2022\/04\/Chocolate-tablet-with-nuts-300x267.png 300w, https:\/\/cormac.eu\/wp-content\/uploads\/2022\/04\/Chocolate-tablet-with-nuts.png 600w\" sizes=\"(max-width: 170px) 100vw, 170px\" \/> <img decoding=\"async\" class=\"alignnone wp-image-2928\" src=\"https:\/\/cormac.eu\/wp-content\/uploads\/2022\/04\/Knobel-KCM-Cad-decoration-3.jpg\" alt=\"\" width=\"199\" height=\"133\" \/> <img decoding=\"async\" class=\"alignnone wp-image-2927\" src=\"https:\/\/cormac.eu\/wp-content\/uploads\/2022\/04\/Knobel-KCM-Cad-decoration-2.jpg\" alt=\"\" width=\"127\" height=\"124\" \/>\u00a0 \u00a0\u00a0 <img loading=\"lazy\" decoding=\"async\" class=\"alignnone wp-image-2925\" src=\"https:\/\/cormac.eu\/wp-content\/uploads\/2022\/04\/Knobel-one-shot-app-1.jpg\" alt=\"\" width=\"123\" height=\"115\" \/><\/p>\n<p>&nbsp;<\/p>\n<table style=\"height: 520px\" width=\"676\">\n<tbody>\n<tr>\n<td width=\"226\">\u00a0<strong>Caracter\u00edsticas<\/strong><\/td>\n<td width=\"227\">\u00a0<strong>Beneficios<\/strong><\/td>\n<\/tr>\n<tr>\n<td>Servomotor<\/td>\n<td>\n<ul>\n<li>preciso<\/li>\n<li>r\u00e1pido<\/li>\n<li>fiable<\/li>\n<\/ul>\n<\/td>\n<\/tr>\n<tr>\n<td>\u00a0Dise\u00f1ado para la integraci\u00f3n en l\u00ednea<\/td>\n<td>\n<ul>\n<li>apto para reequipamientos<\/li>\n<li>parte de los sistemas modulares Knobel<\/li>\n<li>permite utilizar el equipo de producci\u00f3n existente<\/li>\n<\/ul>\n<\/td>\n<\/tr>\n<tr>\n<td>\u00a0Sistema patentado de pist\u00f3n giratorio<\/td>\n<td>\n<ul>\n<li>f\u00e1cil limpieza<\/li>\n<li>cambio r\u00e1pido<\/li>\n<li>excelente precisi\u00f3n de dep\u00f3sito<\/li>\n<li>inclusions possible<\/li>\n<\/ul>\n<\/td>\n<\/tr>\n<tr>\n<td>Construido para radios de acci\u00f3n variados<\/td>\n<td>\n<ul>\n<li>Posibilidades de vestirse libremente<\/li>\n<li>Fabricaci\u00f3n de productos estratificados<\/li>\n<\/ul>\n<\/td>\n<\/tr>\n<\/tbody>\n<\/table>\n<p>&nbsp;<\/p>","protected":false},"excerpt":{"rendered":"<p>El depositante industrial de chocolate de dise\u00f1o en voladizo puede adaptarse f\u00e1cilmente a las l\u00edneas de moldeo existentes y es adecuado para producir art\u00edculos de chocolate macizo, productos de una sola toma y trabajos de decoraci\u00f3n.<\/p>","protected":false},"featured_media":2924,"comment_status":"open","ping_status":"closed","template":"","meta":{"uix_meta_title":"","uix_meta_description":"","uix_canonical_url":""},"product_brand":[],"product_cat":[104],"product_tag":[216,206,208,207],"class_list":{"0":"post-2922","1":"product","2":"type-product","3":"status-publish","4":"has-post-thumbnail","6":"product_cat-processing","7":"product_tag-chocolate-lollies","8":"product_tag-chocolate-tablets","9":"product_tag-chocolates","10":"product_tag-pralines","12":"first","13":"instock","14":"shipping-taxable","15":"product-type-simple"},"_links":{"self":[{"href":"https:\/\/cormac.eu\/es\/wp-json\/wp\/v2\/product\/2922","targetHints":{"allow":["GET"]}}],"collection":[{"href":"https:\/\/cormac.eu\/es\/wp-json\/wp\/v2\/product"}],"about":[{"href":"https:\/\/cormac.eu\/es\/wp-json\/wp\/v2\/types\/product"}],"replies":[{"embeddable":true,"href":"https:\/\/cormac.eu\/es\/wp-json\/wp\/v2\/comments?post=2922"}],"wp:featuredmedia":[{"embeddable":true,"href":"https:\/\/cormac.eu\/es\/wp-json\/wp\/v2\/media\/2924"}],"wp:attachment":[{"href":"https:\/\/cormac.eu\/es\/wp-json\/wp\/v2\/media?parent=2922"}],"wp:term":[{"taxonomy":"product_brand","embeddable":true,"href":"https:\/\/cormac.eu\/es\/wp-json\/wp\/v2\/product_brand?post=2922"},{"taxonomy":"product_cat","embeddable":true,"href":"https:\/\/cormac.eu\/es\/wp-json\/wp\/v2\/product_cat?post=2922"},{"taxonomy":"product_tag","embeddable":true,"href":"https:\/\/cormac.eu\/es\/wp-json\/wp\/v2\/product_tag?post=2922"}],"curies":[{"name":"wp","href":"https:\/\/api.w.org\/{rel}","templated":true}]}}