{"id":2915,"date":"2022-04-24T14:28:14","date_gmt":"2022-04-24T12:28:14","guid":{"rendered":"https:\/\/cormac.eu\/?post_type=product&#038;p=2915"},"modified":"2022-06-01T12:24:06","modified_gmt":"2022-06-01T10:24:06","slug":"depositante-de-chocolate-kcm-beta","status":"publish","type":"product","link":"https:\/\/cormac.eu\/es\/product\/chocolate-depositer-kcm-beta\/","title":{"rendered":"Dep\u00f3sito de chocolate KCM Beta"},"content":{"rendered":"<p>Gracias a su dise\u00f1o en voladizo, el modelo Beta de una hilera se utiliza con frecuencia como depositadora de reequipamiento en l\u00edneas industriales de moldeo de chocolate ya existentes.  Se ha dise\u00f1ado especialmente para colocarse sobre cintas transportadoras existentes o para integrarse en l\u00edneas de producci\u00f3n de terceros. Esto ofrece al cliente una opci\u00f3n atractiva para sustituir f\u00e1cilmente las unidades depositadoras desgastadas. Esta m\u00e1quina es adecuada tanto para la deposici\u00f3n de productos s\u00f3lidos como para aplicaciones de decoraci\u00f3n. La ventaja en comparaci\u00f3n con los modelos de dos filas como Eta \/ Theta es su dise\u00f1o de cuerpo delgado, como resultado de lo cual esta m\u00e1quina Beta se puede instalar en lugares con espacio limitado. Los modelos Beta est\u00e1n equipados con la \u00faltima tecnolog\u00eda servo, y el dise\u00f1o en voladizo permite un f\u00e1cil manejo, limpieza y un cambio r\u00e1pido para otros productos. Gracias al exclusivo sistema de pist\u00f3n giratorio se puede conseguir un volumen muy preciso.<\/p>\n<p><img fetchpriority=\"high\" decoding=\"async\" class=\"alignnone size-medium wp-image-2920\" src=\"https:\/\/cormac.eu\/wp-content\/uploads\/2022\/04\/Knobel-Piston-system-pic_800031-300x200.jpg\" alt=\"\" width=\"300\" height=\"200\" srcset=\"https:\/\/cormac.eu\/wp-content\/uploads\/2022\/04\/Knobel-Piston-system-pic_800031-300x200.jpg 300w, https:\/\/cormac.eu\/wp-content\/uploads\/2022\/04\/Knobel-Piston-system-pic_800031.jpg 540w\" sizes=\"(max-width: 300px) 100vw, 300px\" \/><\/p>\n<p>Con la ejecuci\u00f3n opcional de frutos secos, el Beta tambi\u00e9n puede utilizarse para depositar frutos secos enteros y otras inclusiones. Los frutos secos, las pasas, las frutas secas de arroz u otras inclusiones se introducir\u00e1n en la tolva KCM en la mezcla deseada. El sistema de agitaci\u00f3n horizontal programable dentro de la tolva mantendr\u00e1 los ingredientes bien distribuidos en la mezcla. Se pueden mezclar diferentes inclusiones al mismo tiempo.<\/p>\n<div data-row=\"1\">\n<div>\n<p>\u00a0 <img decoding=\"async\" class=\"alignnone wp-image-2921\" src=\"https:\/\/cormac.eu\/wp-content\/uploads\/2022\/04\/chocolate-with-nuts-pic_809973-300x225.jpg\" alt=\"\" width=\"263\" height=\"197\" srcset=\"https:\/\/cormac.eu\/wp-content\/uploads\/2022\/04\/chocolate-with-nuts-pic_809973-300x225.jpg 300w, https:\/\/cormac.eu\/wp-content\/uploads\/2022\/04\/chocolate-with-nuts-pic_809973.jpg 540w\" sizes=\"(max-width: 263px) 100vw, 263px\" \/> <img decoding=\"async\" class=\"alignnone wp-image-2917\" src=\"https:\/\/cormac.eu\/wp-content\/uploads\/2022\/04\/Bij-KCM-beta-pic_800033-300x200.png\" alt=\"\" width=\"327\" height=\"218\" srcset=\"https:\/\/cormac.eu\/wp-content\/uploads\/2022\/04\/Bij-KCM-beta-pic_800033-300x200.png 300w, https:\/\/cormac.eu\/wp-content\/uploads\/2022\/04\/Bij-KCM-beta-pic_800033.png 540w\" sizes=\"(max-width: 327px) 100vw, 327px\" \/><\/p>\n<\/div>\n<p>&nbsp;<\/p>\n<p>Todos los modelos Beta pueden equiparse con movimiento de 3 ejes (CAD), lo que permite mover el cabezal depositador en todas las direcciones.<\/p>\n<\/div>\n<table style=\"height: 544px\" width=\"792\">\n<tbody>\n<tr>\n<td width=\"226\">\u00a0<strong>Caracter\u00edsticas<\/strong><\/td>\n<td width=\"227\">\u00a0<strong>Beneficios<\/strong><\/td>\n<\/tr>\n<tr>\n<td>Totalmente el\u00e9ctrico<\/td>\n<td>\n<ul>\n<li>preciso<\/li>\n<li>r\u00e1pido<\/li>\n<li>fiable<\/li>\n<\/ul>\n<\/td>\n<\/tr>\n<tr>\n<td>\u00a0Dise\u00f1ado para la integraci\u00f3n en l\u00ednea<\/td>\n<td>\n<ul>\n<li>apto para reequipamientos<\/li>\n<li>parte de los sistemas modulares Knobel<\/li>\n<li>permite utilizar el equipo de producci\u00f3n existente<\/li>\n<\/ul>\n<\/td>\n<\/tr>\n<tr>\n<td>\u00a0Sistema patentado de pist\u00f3n giratorio<\/td>\n<td>\n<ul>\n<li>f\u00e1cil limpieza<\/li>\n<li>cambio r\u00e1pido<\/li>\n<li>excelente precisi\u00f3n de dep\u00f3sito<\/li>\n<\/ul>\n<\/td>\n<\/tr>\n<tr>\n<td>Construido para radios de acci\u00f3n variados<\/td>\n<td>\n<ul>\n<li>Posibilidades de vestirse libremente<\/li>\n<li>Fabricaci\u00f3n de productos estratificados<\/li>\n<\/ul>\n<\/td>\n<\/tr>\n<\/tbody>\n<\/table>\n<div data-row=\"1\">\n<p>&nbsp;<\/p>\n<\/div>","protected":false},"excerpt":{"rendered":"<p>Depositadora industrial de chocolate con movimiento de 3 ejes para la producci\u00f3n de productos s\u00f3lidos y s\u00f3lidos con ingredientes. Este depositante es particularmente adecuado para ser instalado en l\u00edneas existentes, tambi\u00e9n de terceros fabricantes.<\/p>","protected":false},"featured_media":2916,"comment_status":"open","ping_status":"closed","template":"","meta":{"uix_meta_title":"","uix_meta_description":"","uix_canonical_url":""},"product_brand":[],"product_cat":[104],"product_tag":[206,217,208,218],"class_list":{"0":"post-2915","1":"product","2":"type-product","3":"status-publish","4":"has-post-thumbnail","6":"product_cat-processing","7":"product_tag-chocolate-tablets","8":"product_tag-chocolate-tablets-with-whole-nuts","9":"product_tag-chocolates","10":"product_tag-chocolates-with-inclusions","12":"first","13":"instock","14":"shipping-taxable","15":"product-type-simple"},"_links":{"self":[{"href":"https:\/\/cormac.eu\/es\/wp-json\/wp\/v2\/product\/2915","targetHints":{"allow":["GET"]}}],"collection":[{"href":"https:\/\/cormac.eu\/es\/wp-json\/wp\/v2\/product"}],"about":[{"href":"https:\/\/cormac.eu\/es\/wp-json\/wp\/v2\/types\/product"}],"replies":[{"embeddable":true,"href":"https:\/\/cormac.eu\/es\/wp-json\/wp\/v2\/comments?post=2915"}],"wp:featuredmedia":[{"embeddable":true,"href":"https:\/\/cormac.eu\/es\/wp-json\/wp\/v2\/media\/2916"}],"wp:attachment":[{"href":"https:\/\/cormac.eu\/es\/wp-json\/wp\/v2\/media?parent=2915"}],"wp:term":[{"taxonomy":"product_brand","embeddable":true,"href":"https:\/\/cormac.eu\/es\/wp-json\/wp\/v2\/product_brand?post=2915"},{"taxonomy":"product_cat","embeddable":true,"href":"https:\/\/cormac.eu\/es\/wp-json\/wp\/v2\/product_cat?post=2915"},{"taxonomy":"product_tag","embeddable":true,"href":"https:\/\/cormac.eu\/es\/wp-json\/wp\/v2\/product_tag?post=2915"}],"curies":[{"name":"wp","href":"https:\/\/api.w.org\/{rel}","templated":true}]}}