{"id":2897,"date":"2022-04-24T12:40:29","date_gmt":"2022-04-24T10:40:29","guid":{"rendered":"https:\/\/cormac.eu\/?post_type=product&#038;p=2897"},"modified":"2022-04-24T12:40:29","modified_gmt":"2022-04-24T10:40:29","slug":"extended-laboratory-coating-machine","status":"publish","type":"product","link":"https:\/\/cormac.eu\/es\/product\/extended-laboratory-coating-machine\/","title":{"rendered":"Recubridora de laboratorio ampliada"},"content":{"rendered":"<p>La m\u00e1quina de revestimiento ADG es una m\u00e1quina de laboratorio equipada con un dispositivo de calentamiento y\/o enfriamiento del aire de proceso. Todo el sistema de aire acondicionado est\u00e1 encerrado en una unidad base sobre la que se fija la cubeta de revestimiento de laboratorio. El panel de control est\u00e1 instalado cerca de la m\u00e1quina de revestimiento, de modo que el panel de control y la m\u00e1quina forman una unidad f\u00e1cil de usar. Al igual que la m\u00e1quina de revestimiento ADO, todas las cubetas tienen la misma conexi\u00f3n de brida. Por lo tanto, son f\u00e1cilmente intercambiables. El \u00e1ngulo de la bandeja oscila entre 0\u00b0 y 50\u00b0 con respecto a la l\u00ednea horizontal y puede modificarse mediante una palanca de accionamiento manual. Por lo tanto, el \u00e1ngulo de la bandeja puede adaptarse a diferentes productos.<\/p>\n<p>&nbsp;<\/p>\n<table style=\"height: 356px\" width=\"633\">\n<tbody>\n<tr>\n<td width=\"171\">\u00a0<strong>Caracter\u00edsticas<\/strong><\/td>\n<td width=\"171\">\u00a0<strong>Beneficios<\/strong><\/td>\n<\/tr>\n<tr>\n<td>Acero inoxidable 1.4301<\/td>\n<td>\n<ul>\n<li>Ejecuci\u00f3n higi\u00e9nica<\/li>\n<\/ul>\n<\/td>\n<\/tr>\n<tr>\n<td>\u00a0Accionamiento controlado por frecuencia<\/td>\n<td>\n<ul>\n<li>control de velocidad<\/li>\n<\/ul>\n<\/td>\n<\/tr>\n<tr>\n<td>\u00a0Indicador digital de velocidad<\/td>\n<td>\n<ul>\n<li>control de procesos<\/li>\n<\/ul>\n<\/td>\n<\/tr>\n<tr>\n<td>control de recetas a la carta<\/td>\n<td>\n<ul>\n<li>diversos trabajos de laboratorio<\/li>\n<\/ul>\n<\/td>\n<\/tr>\n<\/tbody>\n<\/table>","protected":false},"excerpt":{"rendered":"<p>Cubeta de revestimiento de laboratorio, completamente equipada con dispositivo de calentamiento y\/o enfriamiento del aire de proceso.<\/p>","protected":false},"featured_media":2896,"comment_status":"open","ping_status":"closed","template":"","meta":{"uix_meta_title":"","uix_meta_description":"","uix_canonical_url":""},"product_brand":[],"product_cat":[107,135,104],"product_tag":[],"class_list":{"0":"post-2897","1":"product","2":"type-product","3":"status-publish","4":"has-post-thumbnail","6":"product_cat-artisanal","7":"product_cat-laboratory","8":"product_cat-processing","10":"first","11":"instock","12":"shipping-taxable","13":"product-type-simple"},"_links":{"self":[{"href":"https:\/\/cormac.eu\/es\/wp-json\/wp\/v2\/product\/2897","targetHints":{"allow":["GET"]}}],"collection":[{"href":"https:\/\/cormac.eu\/es\/wp-json\/wp\/v2\/product"}],"about":[{"href":"https:\/\/cormac.eu\/es\/wp-json\/wp\/v2\/types\/product"}],"replies":[{"embeddable":true,"href":"https:\/\/cormac.eu\/es\/wp-json\/wp\/v2\/comments?post=2897"}],"wp:featuredmedia":[{"embeddable":true,"href":"https:\/\/cormac.eu\/es\/wp-json\/wp\/v2\/media\/2896"}],"wp:attachment":[{"href":"https:\/\/cormac.eu\/es\/wp-json\/wp\/v2\/media?parent=2897"}],"wp:term":[{"taxonomy":"product_brand","embeddable":true,"href":"https:\/\/cormac.eu\/es\/wp-json\/wp\/v2\/product_brand?post=2897"},{"taxonomy":"product_cat","embeddable":true,"href":"https:\/\/cormac.eu\/es\/wp-json\/wp\/v2\/product_cat?post=2897"},{"taxonomy":"product_tag","embeddable":true,"href":"https:\/\/cormac.eu\/es\/wp-json\/wp\/v2\/product_tag?post=2897"}],"curies":[{"name":"wp","href":"https:\/\/api.w.org\/{rel}","templated":true}]}}