{"id":2895,"date":"2022-04-24T12:37:20","date_gmt":"2022-04-24T10:37:20","guid":{"rendered":"https:\/\/cormac.eu\/?post_type=product&#038;p=2895"},"modified":"2022-04-24T12:37:20","modified_gmt":"2022-04-24T10:37:20","slug":"azucarera-de-laboratorio","status":"publish","type":"product","link":"https:\/\/cormac.eu\/es\/product\/laboratory-sugar-coating-pan\/","title":{"rendered":"Azucarera de laboratorio"},"content":{"rendered":"<p>La m\u00e1quina de revestimiento tipo ADO es una m\u00e1quina m\u00e1s peque\u00f1a adecuada para el laboratorio. El \u00e1ngulo del plato oscila entre 0\u00b0 y 50\u00b0 con respecto a la l\u00ednea horizontal y puede modificarse mediante una palanca de accionamiento manual. Por lo tanto, el \u00e1ngulo del plato puede adaptarse a diferentes productos. La parte posterior del plato, los ejes, los cojinetes, etc. est\u00e1n recubiertos con pintura de dos componentes. A petici\u00f3n, la parte posterior de la bandeja y los ejes tambi\u00e9n pueden ser de acero inoxidable. Es posible el suministro de maquinaria de recubrimiento controlada por receta.<\/p>\n<p>&nbsp;<\/p>\n<table style=\"height: 350px\" width=\"620\">\n<tbody>\n<tr>\n<td width=\"153\">\u00a0<strong>Caracter\u00edsticas<\/strong><\/td>\n<td width=\"153\">\u00a0<strong>Beneficios<\/strong><\/td>\n<\/tr>\n<tr>\n<td>Ejecuci\u00f3n en acero inoxidable<\/td>\n<td>\n<ul>\n<li>Higi\u00e9nico<\/li>\n<\/ul>\n<\/td>\n<\/tr>\n<tr>\n<td>Construcci\u00f3n robusta<\/td>\n<td>\n<ul>\n<li>Duradero<\/li>\n<\/ul>\n<\/td>\n<\/tr>\n<tr>\n<td>Accionamiento controlado por frecuencia<\/td>\n<td>\n<ul>\n<li>control de velocidad<\/li>\n<\/ul>\n<\/td>\n<\/tr>\n<tr>\n<td>Indicador digital de velocidad<\/td>\n<td>\n<ul>\n<li>control de procesos<\/li>\n<\/ul>\n<\/td>\n<\/tr>\n<\/tbody>\n<\/table>","protected":false},"excerpt":{"rendered":"<p>Sart\u00e9n de recubrimiento de az\u00facar para laboratorio y escala artesanal.<\/p>","protected":false},"featured_media":2894,"comment_status":"open","ping_status":"closed","template":"","meta":{"uix_meta_title":"","uix_meta_description":"","uix_canonical_url":""},"product_brand":[],"product_cat":[107,135,104],"product_tag":[],"class_list":{"0":"post-2895","1":"product","2":"type-product","3":"status-publish","4":"has-post-thumbnail","6":"product_cat-artisanal","7":"product_cat-laboratory","8":"product_cat-processing","10":"first","11":"instock","12":"shipping-taxable","13":"product-type-simple"},"_links":{"self":[{"href":"https:\/\/cormac.eu\/es\/wp-json\/wp\/v2\/product\/2895","targetHints":{"allow":["GET"]}}],"collection":[{"href":"https:\/\/cormac.eu\/es\/wp-json\/wp\/v2\/product"}],"about":[{"href":"https:\/\/cormac.eu\/es\/wp-json\/wp\/v2\/types\/product"}],"replies":[{"embeddable":true,"href":"https:\/\/cormac.eu\/es\/wp-json\/wp\/v2\/comments?post=2895"}],"wp:featuredmedia":[{"embeddable":true,"href":"https:\/\/cormac.eu\/es\/wp-json\/wp\/v2\/media\/2894"}],"wp:attachment":[{"href":"https:\/\/cormac.eu\/es\/wp-json\/wp\/v2\/media?parent=2895"}],"wp:term":[{"taxonomy":"product_brand","embeddable":true,"href":"https:\/\/cormac.eu\/es\/wp-json\/wp\/v2\/product_brand?post=2895"},{"taxonomy":"product_cat","embeddable":true,"href":"https:\/\/cormac.eu\/es\/wp-json\/wp\/v2\/product_cat?post=2895"},{"taxonomy":"product_tag","embeddable":true,"href":"https:\/\/cormac.eu\/es\/wp-json\/wp\/v2\/product_tag?post=2895"}],"curies":[{"name":"wp","href":"https:\/\/api.w.org\/{rel}","templated":true}]}}