{"id":2893,"date":"2022-04-24T12:31:25","date_gmt":"2022-04-24T10:31:25","guid":{"rendered":"https:\/\/cormac.eu\/?post_type=product&#038;p=2893"},"modified":"2022-04-24T12:31:25","modified_gmt":"2022-04-24T10:31:25","slug":"sistema-de-aire-acondicionado-para-procesos-de-revestimiento","status":"publish","type":"product","link":"https:\/\/cormac.eu\/es\/product\/airconditioning-system-for-coating-process\/","title":{"rendered":"Sistema de aire acondicionado para procesos de revestimiento"},"content":{"rendered":"<p>Los sistemas de aire acondicionado LAA est\u00e1n dise\u00f1ados para calefacci\u00f3n por aire, refrigeraci\u00f3n por aire o sistemas combinados de calefacci\u00f3n y refrigeraci\u00f3n por aire. Garantizan una alta calidad del aire de impulsi\u00f3n y de retorno. La temperatura, la cantidad y la pureza del aire de impulsi\u00f3n permanecen siempre constantes. Los filtros de aire de escape se instalan para obtener un aire de escape libre de polvo. Seg\u00fan la aplicaci\u00f3n deseada y las necesidades individuales de nuestros clientes se dise\u00f1an y combinan prefiltros y filtros finos, ventilador, dispositivo de calefacci\u00f3n\/refrigeraci\u00f3n, sistema de derivaci\u00f3n y el compensador.<\/p>\n<p>Los procesos de revestimiento pueden llevar mucho tiempo porque se tarda en eliminar las part\u00edculas de agua presentes en el medio de revestimiento aplicado sobre el producto. La reducci\u00f3n del tiempo de secado influye enormemente en la productividad y rentabilidad de un sistema de recubrimiento. El dise\u00f1o est\u00e1ndar de un sistema de aire acondicionado LAA incluye un ventilador de aire de suministro, un ventilador de aire de escape, un filtro de aire de suministro y un filtro de aire de escape. Dependiendo de la aplicaci\u00f3n, se instalan clases de filtro desde G3 (prefiltro) hasta H11. Adem\u00e1s, el sistema b\u00e1sico de aire acondicionado contiene un calentador, dos v\u00e1lvulas de mariposa de aire y una v\u00e1lvula de derivaci\u00f3n. El calentador puede suministrarse como calentador el\u00e9ctrico o intercambiador de calor de vapor, ambos adaptados al calor requerido. Un sistema de aire acondicionado puede ampliarse con varios m\u00f3dulos como refrigeradores o deshumidificadores. Con la deshumidificaci\u00f3n est\u00e1ndar del aire mediante condensaci\u00f3n se puede alcanzar una humedad final (absoluta) de 10 g de agua\/kg de aire. Si adem\u00e1s del enfriador se utiliza un deshumidificador por absorci\u00f3n, es posible alcanzar una humedad de 2 g agua\/kg aire. Si el sistema de aire acondicionado utiliza aire exterior, es necesario un precalentador en invierno. Para conservar energ\u00eda, ahorrar recursos y proteger el medio ambiente, se puede reciclar el calor del aire de salida.<\/p>\n<p>&nbsp;<\/p>\n<table style=\"height: 309px\" width=\"580\">\n<tbody>\n<tr>\n<td width=\"153\">\u00a0<strong>Caracter\u00edsticas<\/strong><\/td>\n<td width=\"153\">\u00a0<strong>Beneficios<\/strong><\/td>\n<\/tr>\n<tr>\n<td>Filtros de aire de escape<\/td>\n<td>\n<ul>\n<li>aire de escape sin polvo<\/li>\n<\/ul>\n<\/td>\n<\/tr>\n<tr>\n<td>Variedad de filtros disponibles<\/td>\n<td>\n<ul>\n<li>versatilidad<\/li>\n<\/ul>\n<\/td>\n<\/tr>\n<tr>\n<td>\u00a0Posibilidad de reciclar el aire<\/td>\n<td>\n<ul>\n<li>ahorro de energ\u00eda<\/li>\n<li>protecci\u00f3n del medio ambiente<\/li>\n<\/ul>\n<\/td>\n<\/tr>\n<\/tbody>\n<\/table>\n<p>&nbsp;<\/p>\n<p>&nbsp;<\/p>\n<p>&nbsp;<\/p>","protected":false},"excerpt":{"rendered":"<p>Sistema de acondicionamiento del aire aplicado para el secado de un lote de productos en una bandeja de recubrimiento.<\/p>","protected":false},"featured_media":2892,"comment_status":"open","ping_status":"closed","template":"","meta":{"uix_meta_title":"","uix_meta_description":"","uix_canonical_url":""},"product_brand":[],"product_cat":[104],"product_tag":[],"class_list":{"0":"post-2893","1":"product","2":"type-product","3":"status-publish","4":"has-post-thumbnail","6":"product_cat-processing","8":"first","9":"instock","10":"shipping-taxable","11":"product-type-simple"},"_links":{"self":[{"href":"https:\/\/cormac.eu\/es\/wp-json\/wp\/v2\/product\/2893","targetHints":{"allow":["GET"]}}],"collection":[{"href":"https:\/\/cormac.eu\/es\/wp-json\/wp\/v2\/product"}],"about":[{"href":"https:\/\/cormac.eu\/es\/wp-json\/wp\/v2\/types\/product"}],"replies":[{"embeddable":true,"href":"https:\/\/cormac.eu\/es\/wp-json\/wp\/v2\/comments?post=2893"}],"wp:featuredmedia":[{"embeddable":true,"href":"https:\/\/cormac.eu\/es\/wp-json\/wp\/v2\/media\/2892"}],"wp:attachment":[{"href":"https:\/\/cormac.eu\/es\/wp-json\/wp\/v2\/media?parent=2893"}],"wp:term":[{"taxonomy":"product_brand","embeddable":true,"href":"https:\/\/cormac.eu\/es\/wp-json\/wp\/v2\/product_brand?post=2893"},{"taxonomy":"product_cat","embeddable":true,"href":"https:\/\/cormac.eu\/es\/wp-json\/wp\/v2\/product_cat?post=2893"},{"taxonomy":"product_tag","embeddable":true,"href":"https:\/\/cormac.eu\/es\/wp-json\/wp\/v2\/product_tag?post=2893"}],"curies":[{"name":"wp","href":"https:\/\/api.w.org\/{rel}","templated":true}]}}