{"id":2868,"date":"2022-04-24T11:30:16","date_gmt":"2022-04-24T09:30:16","guid":{"rendered":"https:\/\/cormac.eu\/?post_type=product&#038;p=2868"},"modified":"2022-07-04T16:44:13","modified_gmt":"2022-07-04T14:44:13","slug":"tambor-de-revestimiento-2","status":"publish","type":"product","link":"https:\/\/cormac.eu\/es\/product\/coating-drum\/","title":{"rendered":"Tambor de revestimiento"},"content":{"rendered":"<p>El tambor de azucarado Vomacoat aplica un recubrimiento de az\u00facar de cristal fino a gelatinas y gomas. A trav\u00e9s de la cinta de vaporizaci\u00f3n, los productos desempolvados se introducen en el compartimento de vapor, donde se vuelven pegajosos exponi\u00e9ndolos al vapor seco. A continuaci\u00f3n, los productos se introducen en el tambor de azucarado.  La ranura de transporte del interior del tambor desplaza el producto y el az\u00facar cristalizado a trav\u00e9s del tambor. En el extremo de descarga, el tambor de doble pared tiene una zona perforada. Aqu\u00ed se separan el producto y el az\u00facar sobrante. El az\u00facar sobrante se mezcla con az\u00facar fresco y, mientras se seca, se transporta de vuelta a la zona de distribuci\u00f3n de az\u00facar a trav\u00e9s de una construcci\u00f3n en espiral entre el tambor interior y el exterior. El producto recubierto de az\u00facar sale del tambor. Esta instalaci\u00f3n est\u00e1 equipada con un secador de aire caliente calentado por vapor para eliminar la humedad. El tambor puede girar a izquierda y derecha. Esto es necesario para retirar el az\u00facar del tambor durante la limpieza. La velocidad de rotaci\u00f3n del tambor se controla por frecuencia. Estas m\u00e1quinas tienen un dise\u00f1o higi\u00e9nico y est\u00e1n construidas totalmente en acero inoxidable. La capacidad oscila entre 1.000 y 5.000 kg\/h.<\/p>\n<p>&nbsp;<\/p>\n<p><img decoding=\"async\" class=\"alignnone size-full wp-image-2876\" src=\"https:\/\/cormac.eu\/wp-content\/uploads\/2022\/04\/Vomacoat-product-sample-2.jpg\" alt=\"\" width=\"220\" height=\"220\" srcset=\"https:\/\/cormac.eu\/wp-content\/uploads\/2022\/04\/Vomacoat-product-sample-2.jpg 220w, https:\/\/cormac.eu\/wp-content\/uploads\/2022\/04\/Vomacoat-product-sample-2-150x150.jpg 150w, https:\/\/cormac.eu\/wp-content\/uploads\/2022\/04\/Vomacoat-product-sample-2-100x100.jpg 100w\" sizes=\"(max-width: 220px) 100vw, 220px\" \/> <img decoding=\"async\" class=\"alignnone wp-image-2875\" src=\"https:\/\/cormac.eu\/wp-content\/uploads\/2022\/04\/sugar-coated-candy-300x300.jpg\" alt=\"\" width=\"222\" height=\"222\" srcset=\"https:\/\/cormac.eu\/wp-content\/uploads\/2022\/04\/sugar-coated-candy-300x300.jpg 300w, https:\/\/cormac.eu\/wp-content\/uploads\/2022\/04\/sugar-coated-candy-150x150.jpg 150w, https:\/\/cormac.eu\/wp-content\/uploads\/2022\/04\/sugar-coated-candy-100x100.jpg 100w, https:\/\/cormac.eu\/wp-content\/uploads\/2022\/04\/sugar-coated-candy.jpg 600w\" sizes=\"(max-width: 222px) 100vw, 222px\" \/>\u00a0 <img fetchpriority=\"high\" decoding=\"async\" class=\"alignnone wp-image-2874\" src=\"https:\/\/cormac.eu\/wp-content\/uploads\/2022\/04\/sugar-coated-2-300x233.jpg\" alt=\"\" width=\"291\" height=\"226\" srcset=\"https:\/\/cormac.eu\/wp-content\/uploads\/2022\/04\/sugar-coated-2-300x233.jpg 300w, https:\/\/cormac.eu\/wp-content\/uploads\/2022\/04\/sugar-coated-2.jpg 518w\" sizes=\"(max-width: 291px) 100vw, 291px\" \/><\/p>\n<p>&nbsp;<\/p>\n<table style=\"height: 687px\" width=\"771\">\n<tbody>\n<tr>\n<td width=\"197\">\u00a0<strong>Caracter\u00edsticas<\/strong><\/td>\n<td width=\"249\">\u00a0<strong>Beneficios<\/strong><\/td>\n<\/tr>\n<tr>\n<td>\u00a0Insertos de cinta de entrada de productos<br \/>\nen el tambor<\/td>\n<td>\n<ul>\n<li>exposici\u00f3n directa a la niebla azucarada<\/li>\n<\/ul>\n<\/td>\n<\/tr>\n<tr>\n<td>\u00a0Excelente tecnolog\u00eda de soldadura<\/td>\n<td>\n<ul>\n<li>ejecuci\u00f3n sanitaria<\/li>\n<li>sin desgarros de pelo en el acero<\/li>\n<li>f\u00e1cil limpieza y descarga<\/li>\n<\/ul>\n<\/td>\n<\/tr>\n<tr>\n<td>\u00a0Espiral de aire caliente y calefacci\u00f3n<\/td>\n<td>\n<ul>\n<li>secado eficaz de la mezcla de az\u00facar<\/li>\n<\/ul>\n<\/td>\n<\/tr>\n<tr>\n<td>\u00a0Cu\u00f1as de transporte<\/td>\n<td>\n<ul>\n<li>manipulaci\u00f3n de productos delicados<\/li>\n<\/ul>\n<\/td>\n<\/tr>\n<tr>\n<td>Aire caliente y mezcla de az\u00facar fresco<\/td>\n<td>\n<ul>\n<li>mayor tiempo de permanencia del az\u00facar<\/li>\n<li>cortina de az\u00facar entera y constante<\/li>\n<\/ul>\n<\/td>\n<\/tr>\n<tr>\n<td>Anillo de rodadura<\/td>\n<td>\n<ul>\n<li>Sin deformaci\u00f3n del tambor<\/li>\n<\/ul>\n<\/td>\n<\/tr>\n<tr>\n<td>Anillo de centrado de rueda<\/td>\n<td>\n<ul>\n<li>rotaci\u00f3n suave del tambor<\/li>\n<\/ul>\n<\/td>\n<\/tr>\n<tr>\n<td>Construcci\u00f3n resistente<\/td>\n<td>\n<ul>\n<li>bajo mantenimiento<\/li>\n<\/ul>\n<\/td>\n<\/tr>\n<\/tbody>\n<\/table>\n<p>&nbsp;<\/p>\n<p>&nbsp;<\/p>\n<p>&nbsp;<\/p>\n<p>&nbsp;<\/p>","protected":false},"excerpt":{"rendered":"<p>Tambor de recubrimiento para aplicar un recubrimiento de az\u00facar a productos moldeados con almid\u00f3n, como gelatinas y gomas.<\/p>","protected":false},"featured_media":2866,"comment_status":"open","ping_status":"closed","template":"","meta":{"uix_meta_title":"","uix_meta_description":"","uix_canonical_url":""},"product_brand":[],"product_cat":[104],"product_tag":[],"class_list":{"0":"post-2868","1":"product","2":"type-product","3":"status-publish","4":"has-post-thumbnail","6":"product_cat-processing","8":"first","9":"instock","10":"shipping-taxable","11":"product-type-simple"},"_links":{"self":[{"href":"https:\/\/cormac.eu\/es\/wp-json\/wp\/v2\/product\/2868","targetHints":{"allow":["GET"]}}],"collection":[{"href":"https:\/\/cormac.eu\/es\/wp-json\/wp\/v2\/product"}],"about":[{"href":"https:\/\/cormac.eu\/es\/wp-json\/wp\/v2\/types\/product"}],"replies":[{"embeddable":true,"href":"https:\/\/cormac.eu\/es\/wp-json\/wp\/v2\/comments?post=2868"}],"wp:featuredmedia":[{"embeddable":true,"href":"https:\/\/cormac.eu\/es\/wp-json\/wp\/v2\/media\/2866"}],"wp:attachment":[{"href":"https:\/\/cormac.eu\/es\/wp-json\/wp\/v2\/media?parent=2868"}],"wp:term":[{"taxonomy":"product_brand","embeddable":true,"href":"https:\/\/cormac.eu\/es\/wp-json\/wp\/v2\/product_brand?post=2868"},{"taxonomy":"product_cat","embeddable":true,"href":"https:\/\/cormac.eu\/es\/wp-json\/wp\/v2\/product_cat?post=2868"},{"taxonomy":"product_tag","embeddable":true,"href":"https:\/\/cormac.eu\/es\/wp-json\/wp\/v2\/product_tag?post=2868"}],"curies":[{"name":"wp","href":"https:\/\/api.w.org\/{rel}","templated":true}]}}