{"id":2865,"date":"2022-04-24T11:24:01","date_gmt":"2022-04-24T09:24:01","guid":{"rendered":"https:\/\/cormac.eu\/?post_type=product&#038;p=2865"},"modified":"2022-04-24T11:36:31","modified_gmt":"2022-04-24T09:36:31","slug":"tambor-de-engrase","status":"publish","type":"product","link":"https:\/\/cormac.eu\/es\/product\/oiling-drum\/","title":{"rendered":"Tambor de engrase"},"content":{"rendered":"<p>El Vomashine es un tambor aceitador para aplicar una capa brillante a productos como gelatinas y gomas. Esto se hace despu\u00e9s de retirar el polvo del producto. La velocidad de rotaci\u00f3n del tambor se controla por frecuencia. El tambor puede girar a izquierda y derecha. Un sentido es para la producci\u00f3n y el otro sentido de rotaci\u00f3n es para la descarga. Estas m\u00e1quinas tienen un dise\u00f1o higi\u00e9nico y est\u00e1n construidas totalmente en acero inoxidable. La capacidad oscila entre 1.000 y 5.000 kg\/h.<\/p>\n<p><img decoding=\"async\" class=\"alignnone size-medium wp-image-2871\" src=\"https:\/\/cormac.eu\/wp-content\/uploads\/2022\/04\/iStock_000051985832_Large-300x161.jpg\" alt=\"\" width=\"300\" height=\"161\" srcset=\"https:\/\/cormac.eu\/wp-content\/uploads\/2022\/04\/iStock_000051985832_Large-300x161.jpg 300w, https:\/\/cormac.eu\/wp-content\/uploads\/2022\/04\/iStock_000051985832_Large-1024x549.jpg 1024w, https:\/\/cormac.eu\/wp-content\/uploads\/2022\/04\/iStock_000051985832_Large-768x412.jpg 768w, https:\/\/cormac.eu\/wp-content\/uploads\/2022\/04\/iStock_000051985832_Large-1536x823.jpg 1536w, https:\/\/cormac.eu\/wp-content\/uploads\/2022\/04\/iStock_000051985832_Large-2048x1097.jpg 2048w, https:\/\/cormac.eu\/wp-content\/uploads\/2022\/04\/iStock_000051985832_Large-600x321.jpg 600w\" sizes=\"(max-width: 300px) 100vw, 300px\" \/><\/p>\n<p>&nbsp;<\/p>\n<table style=\"height: 365px\" width=\"560\">\n<tbody>\n<tr>\n<td width=\"159\">\u00a0<strong>Caracter\u00edsticas<\/strong><\/td>\n<td width=\"159\">\u00a0<strong>Beneficios<\/strong><\/td>\n<\/tr>\n<tr>\n<td>\u00a0Dise\u00f1o resistente<\/td>\n<td>\n<ul>\n<li>larga vida t\u00e9cnica<\/li>\n<li>bajo mantenimiento<\/li>\n<\/ul>\n<\/td>\n<\/tr>\n<tr>\n<td>\u00a0construcci\u00f3n de acero inoxidable<\/td>\n<td>\n<ul>\n<li>higi\u00e9nico<\/li>\n<li>f\u00e1cil limpieza<\/li>\n<\/ul>\n<\/td>\n<\/tr>\n<tr>\n<td>\u00a0accionamiento controlado por frecuencia<\/td>\n<td>\n<ul>\n<li>controlar la velocidad de rotaci\u00f3n<\/li>\n<\/ul>\n<\/td>\n<\/tr>\n<\/tbody>\n<\/table>","protected":false},"excerpt":{"rendered":"<p>Tambor OIling para aplicar un recubrimiento brillante a productos de caramelo moldeados con almid\u00f3n.<\/p>","protected":false},"featured_media":2864,"comment_status":"open","ping_status":"closed","template":"","meta":{"uix_meta_title":"","uix_meta_description":"","uix_canonical_url":""},"product_brand":[],"product_cat":[104],"product_tag":[],"class_list":{"0":"post-2865","1":"product","2":"type-product","3":"status-publish","4":"has-post-thumbnail","6":"product_cat-processing","8":"first","9":"instock","10":"shipping-taxable","11":"product-type-simple"},"_links":{"self":[{"href":"https:\/\/cormac.eu\/es\/wp-json\/wp\/v2\/product\/2865","targetHints":{"allow":["GET"]}}],"collection":[{"href":"https:\/\/cormac.eu\/es\/wp-json\/wp\/v2\/product"}],"about":[{"href":"https:\/\/cormac.eu\/es\/wp-json\/wp\/v2\/types\/product"}],"replies":[{"embeddable":true,"href":"https:\/\/cormac.eu\/es\/wp-json\/wp\/v2\/comments?post=2865"}],"wp:featuredmedia":[{"embeddable":true,"href":"https:\/\/cormac.eu\/es\/wp-json\/wp\/v2\/media\/2864"}],"wp:attachment":[{"href":"https:\/\/cormac.eu\/es\/wp-json\/wp\/v2\/media?parent=2865"}],"wp:term":[{"taxonomy":"product_brand","embeddable":true,"href":"https:\/\/cormac.eu\/es\/wp-json\/wp\/v2\/product_brand?post=2865"},{"taxonomy":"product_cat","embeddable":true,"href":"https:\/\/cormac.eu\/es\/wp-json\/wp\/v2\/product_cat?post=2865"},{"taxonomy":"product_tag","embeddable":true,"href":"https:\/\/cormac.eu\/es\/wp-json\/wp\/v2\/product_tag?post=2865"}],"curies":[{"name":"wp","href":"https:\/\/api.w.org\/{rel}","templated":true}]}}