{"id":2863,"date":"2022-04-24T11:20:17","date_gmt":"2022-04-24T09:20:17","guid":{"rendered":"https:\/\/cormac.eu\/?post_type=product&#038;p=2863"},"modified":"2022-04-24T11:20:17","modified_gmt":"2022-04-24T09:20:17","slug":"cocedor-discontinuo-2","status":"publish","type":"product","link":"https:\/\/cormac.eu\/es\/product\/batch-cooker\/","title":{"rendered":"Cocedor por lotes"},"content":{"rendered":"<p>Los cocedores discontinuos tienen forma de media bola con camisas de vapor (doble pared). Est\u00e1n equipados con agitadores de ancla, con y sin rascadores de tefl\u00f3n. Los hervidores se suministran con o sin vac\u00edo y pueden construirse para descarga bajo presi\u00f3n. Estos hervidores est\u00e1n fabricados en acero inoxidable y pueden funcionar de forma manual o autom\u00e1tica. Est\u00e1n disponibles en diferentes tama\u00f1os y ejecuciones. Tambi\u00e9n es posible disponer de una ejecuci\u00f3n doble para aumentar la capacidad y permitir una cocci\u00f3n semicontinua. Gama de capacidades: 100 kg, 250 kg, 500 kg.  Para capacidades superiores a 500 kg\/hora solemos recomendar un cocedor continuo.<\/p>\n<p>&nbsp;<\/p>\n<table style=\"height: 386px\" width=\"612\">\n<tbody>\n<tr>\n<td width=\"165\">\u00a0<strong>Caracter\u00edsticas<\/strong><\/td>\n<td width=\"165\">\u00a0<strong>Beneficios<\/strong><\/td>\n<\/tr>\n<tr>\n<td>\u00a0Acero inoxidable<\/td>\n<td>\n<ul>\n<li>higi\u00e9nico<\/li>\n<li>f\u00e1cil limpieza<\/li>\n<li>robusto<\/li>\n<\/ul>\n<\/td>\n<\/tr>\n<tr>\n<td>\u00a0de doble pared<\/td>\n<td>\n<ul>\n<li>excelente transferencia de calor<\/li>\n<\/ul>\n<\/td>\n<\/tr>\n<tr>\n<td>\u00a0agitador de \u00e1ncora opcionalmente con<br \/>\nrascador de tefl\u00f3n<\/td>\n<td>\n<ul>\n<li>buena mezcla<\/li>\n<li>sin quemar<\/li>\n<li>limpiar las paredes interiores<\/li>\n<\/ul>\n<\/td>\n<\/tr>\n<\/tbody>\n<\/table>\n<p>&nbsp;<\/p>","protected":false},"excerpt":{"rendered":"<p>Cocedor por lotes para masas de az\u00facar.<\/p>","protected":false},"featured_media":2862,"comment_status":"open","ping_status":"closed","template":"","meta":{"uix_meta_title":"","uix_meta_description":"","uix_canonical_url":""},"product_brand":[],"product_cat":[104],"product_tag":[],"class_list":{"0":"post-2863","1":"product","2":"type-product","3":"status-publish","4":"has-post-thumbnail","6":"product_cat-processing","8":"first","9":"instock","10":"shipping-taxable","11":"product-type-simple"},"_links":{"self":[{"href":"https:\/\/cormac.eu\/es\/wp-json\/wp\/v2\/product\/2863","targetHints":{"allow":["GET"]}}],"collection":[{"href":"https:\/\/cormac.eu\/es\/wp-json\/wp\/v2\/product"}],"about":[{"href":"https:\/\/cormac.eu\/es\/wp-json\/wp\/v2\/types\/product"}],"replies":[{"embeddable":true,"href":"https:\/\/cormac.eu\/es\/wp-json\/wp\/v2\/comments?post=2863"}],"wp:featuredmedia":[{"embeddable":true,"href":"https:\/\/cormac.eu\/es\/wp-json\/wp\/v2\/media\/2862"}],"wp:attachment":[{"href":"https:\/\/cormac.eu\/es\/wp-json\/wp\/v2\/media?parent=2863"}],"wp:term":[{"taxonomy":"product_brand","embeddable":true,"href":"https:\/\/cormac.eu\/es\/wp-json\/wp\/v2\/product_brand?post=2863"},{"taxonomy":"product_cat","embeddable":true,"href":"https:\/\/cormac.eu\/es\/wp-json\/wp\/v2\/product_cat?post=2863"},{"taxonomy":"product_tag","embeddable":true,"href":"https:\/\/cormac.eu\/es\/wp-json\/wp\/v2\/product_tag?post=2863"}],"curies":[{"name":"wp","href":"https:\/\/api.w.org\/{rel}","templated":true}]}}