{"id":2860,"date":"2022-04-24T11:12:01","date_gmt":"2022-04-24T09:12:01","guid":{"rendered":"https:\/\/cormac.eu\/?post_type=product&#038;p=2860"},"modified":"2022-04-24T11:52:52","modified_gmt":"2022-04-24T09:52:52","slug":"batidor-de-fondant-2","status":"publish","type":"product","link":"https:\/\/cormac.eu\/es\/product\/fondant-beater\/","title":{"rendered":"Batidor de fondant"},"content":{"rendered":"<p>La instalaci\u00f3n de batido de fondant Vomatab es totalmente autom\u00e1tica. Si despu\u00e9s de iniciar el proceso de batido de fondant, el motor del rotor amenaza con detenerse debido a una sobrecarga, la alimentaci\u00f3n de az\u00facar se detendr\u00e1 autom\u00e1ticamente y la m\u00e1quina ser\u00e1 enjuagada. El agua de lavado se env\u00eda al desag\u00fce mediante una v\u00e1lvula de control neum\u00e1tico. En cuanto se haya solucionado la sobrecarga (amper\u00edmetro) se reanuda autom\u00e1ticamente la producci\u00f3n de fondant. Estas m\u00e1quinas pueden suministrarse solas o integrarse en una l\u00ednea de producci\u00f3n.<\/p>\n<p>&nbsp;<\/p>\n<p>Rotor\u00a0 \u00a0 \u00a0 \u00a0 \u00a0 \u00a0 \u00a0 \u00a0<img fetchpriority=\"high\" decoding=\"async\" class=\"alignnone size-medium wp-image-2872\" src=\"https:\/\/cormac.eu\/wp-content\/uploads\/2022\/04\/Rotor-fondant-beater-300x225.jpg\" alt=\"\" width=\"300\" height=\"225\" srcset=\"https:\/\/cormac.eu\/wp-content\/uploads\/2022\/04\/Rotor-fondant-beater-300x225.jpg 300w, https:\/\/cormac.eu\/wp-content\/uploads\/2022\/04\/Rotor-fondant-beater-1024x768.jpg 1024w, https:\/\/cormac.eu\/wp-content\/uploads\/2022\/04\/Rotor-fondant-beater-768x576.jpg 768w, https:\/\/cormac.eu\/wp-content\/uploads\/2022\/04\/Rotor-fondant-beater-1536x1152.jpg 1536w, https:\/\/cormac.eu\/wp-content\/uploads\/2022\/04\/Rotor-fondant-beater-600x450.jpg 600w, https:\/\/cormac.eu\/wp-content\/uploads\/2022\/04\/Rotor-fondant-beater.jpg 1745w\" sizes=\"(max-width: 300px) 100vw, 300px\" \/>\u00a0 \u00a0 <img decoding=\"async\" class=\"alignnone  wp-image-2878\" src=\"https:\/\/cormac.eu\/wp-content\/uploads\/2022\/04\/Fondant-candy-300x282.jpg\" alt=\"\" width=\"240\" height=\"226\" srcset=\"https:\/\/cormac.eu\/wp-content\/uploads\/2022\/04\/Fondant-candy-300x282.jpg 300w, https:\/\/cormac.eu\/wp-content\/uploads\/2022\/04\/Fondant-candy.jpg 402w\" sizes=\"(max-width: 240px) 100vw, 240px\" \/><\/p>\n<p>&nbsp;<\/p>\n<table style=\"height: 482px\" width=\"685\">\n<tbody>\n<tr>\n<td width=\"197\">\u00a0<strong>Caracter\u00edsticas<\/strong><\/td>\n<td width=\"197\">\u00a0<strong>Beneficios<\/strong><\/td>\n<\/tr>\n<tr>\n<td>Acero inoxidable<\/td>\n<td>\n<ul>\n<li>higi\u00e9nico<\/li>\n<li>f\u00e1cil de limpiar<\/li>\n<\/ul>\n<\/td>\n<\/tr>\n<tr>\n<td>\u00a0Controles autom\u00e1ticos<\/td>\n<td>\n<ul>\n<li>prevenci\u00f3n del bloqueo<\/li>\n<li>limpieza autom\u00e1tica<\/li>\n<\/ul>\n<\/td>\n<\/tr>\n<tr>\n<td>construcci\u00f3n especial de refrigeraci\u00f3n con<br \/>\ncilindro interior de pared delgada<\/td>\n<td>\n<ul>\n<li>excelente refrigeraci\u00f3n<\/li>\n<\/ul>\n<\/td>\n<\/tr>\n<tr>\n<td>Ingenier\u00eda de precisi\u00f3n<\/td>\n<td>\n<ul>\n<li>ajuste perfecto del rotor y el cilindro<\/li>\n<li>excelentes propiedades de raspado<\/li>\n<\/ul>\n<\/td>\n<\/tr>\n<\/tbody>\n<\/table>\n<p>&nbsp;<\/p>","protected":false},"excerpt":{"rendered":"<p>Batidora de fondant disponible en capacidades de 300 a 2000 kg\/h.<\/p>","protected":false},"featured_media":2859,"comment_status":"open","ping_status":"closed","template":"","meta":{"uix_meta_title":"","uix_meta_description":"","uix_canonical_url":""},"product_brand":[],"product_cat":[104],"product_tag":[],"class_list":{"0":"post-2860","1":"product","2":"type-product","3":"status-publish","4":"has-post-thumbnail","6":"product_cat-processing","8":"first","9":"instock","10":"shipping-taxable","11":"product-type-simple"},"_links":{"self":[{"href":"https:\/\/cormac.eu\/es\/wp-json\/wp\/v2\/product\/2860","targetHints":{"allow":["GET"]}}],"collection":[{"href":"https:\/\/cormac.eu\/es\/wp-json\/wp\/v2\/product"}],"about":[{"href":"https:\/\/cormac.eu\/es\/wp-json\/wp\/v2\/types\/product"}],"replies":[{"embeddable":true,"href":"https:\/\/cormac.eu\/es\/wp-json\/wp\/v2\/comments?post=2860"}],"wp:featuredmedia":[{"embeddable":true,"href":"https:\/\/cormac.eu\/es\/wp-json\/wp\/v2\/media\/2859"}],"wp:attachment":[{"href":"https:\/\/cormac.eu\/es\/wp-json\/wp\/v2\/media?parent=2860"}],"wp:term":[{"taxonomy":"product_brand","embeddable":true,"href":"https:\/\/cormac.eu\/es\/wp-json\/wp\/v2\/product_brand?post=2860"},{"taxonomy":"product_cat","embeddable":true,"href":"https:\/\/cormac.eu\/es\/wp-json\/wp\/v2\/product_cat?post=2860"},{"taxonomy":"product_tag","embeddable":true,"href":"https:\/\/cormac.eu\/es\/wp-json\/wp\/v2\/product_tag?post=2860"}],"curies":[{"name":"wp","href":"https:\/\/api.w.org\/{rel}","templated":true}]}}