{"id":2855,"date":"2022-04-24T10:48:12","date_gmt":"2022-04-24T08:48:12","guid":{"rendered":"https:\/\/cormac.eu\/?post_type=product&#038;p=2855"},"modified":"2022-04-24T10:48:24","modified_gmt":"2022-04-24T08:48:24","slug":"planta-piloto-de-coccion-2","status":"publish","type":"product","link":"https:\/\/cormac.eu\/es\/product\/pilot-cooking-plant\/","title":{"rendered":"Planta piloto de cocci\u00f3n"},"content":{"rendered":"<p>Esta mininstalaci\u00f3n de cocci\u00f3n se utiliza para el desarrollo de productos y producciones m\u00e1s peque\u00f1as. Este tipo de instalaciones se utiliza mucho en laboratorios de f\u00e1bricas de confiter\u00eda y productores de materias primas. Tambi\u00e9n las empresas que han instalado instalaciones Vomadiss m\u00e1s grandes utilizan estas plantas piloto. Este sistema de cocci\u00f3n universal tiene una gran demanda, en parte porque los par\u00e1metros encontrados pueden transferirse 1 a 1 a las grandes m\u00e1quinas de producci\u00f3n. Estas minicentrales se entregan \"plug &amp; play\", en la mayor\u00eda de los casos sobre ruedas, y son adecuadas para productos de gelatina y goma. Tambi\u00e9n es posible construir juntas una combinaci\u00f3n de diferentes cocedores, de modo que se puedan fabricar diversos productos, por ejemplo un cocedor de inyecci\u00f3n de vapor Jet Cooker para productos de almid\u00f3n un intercambiador de calor raspado para toffee y caramelo o productos especiales de almid\u00f3n. La m\u00e1quina tambi\u00e9n puede alquilarse. Capacidad: 50-100 kg\/hr.<\/p>\n<p>&nbsp;<\/p>\n<table style=\"height: 451px\" width=\"533\">\n<tbody>\n<tr>\n<td width=\"159\">\u00a0<strong>Caracter\u00edsticas<\/strong><\/td>\n<td width=\"159\">\u00a0<strong>Beneficios<\/strong><\/td>\n<\/tr>\n<tr>\n<td>\u00a0todo construido sobre un bastidor<\/td>\n<td>\n<ul>\n<li>instalaci\u00f3n plug &amp; play<\/li>\n<li>compacto<\/li>\n<\/ul>\n<\/td>\n<\/tr>\n<tr>\n<td>\u00a0configuraci\u00f3n personalizada<\/td>\n<td>\n<ul>\n<li>vers\u00e1til<\/li>\n<\/ul>\n<\/td>\n<\/tr>\n<tr>\n<td>\u00a0construcci\u00f3n de acero inoxidable<\/td>\n<td>\n<ul>\n<li>higi\u00e9nico<\/li>\n<li>f\u00e1cil limpieza<\/li>\n<\/ul>\n<\/td>\n<\/tr>\n<tr>\n<td>\u00a0PLC (opcional)<\/td>\n<td>\n<ul>\n<li>almacenamiento de recetas<\/li>\n<li>control de procesos<\/li>\n<\/ul>\n<\/td>\n<\/tr>\n<\/tbody>\n<\/table>","protected":false},"excerpt":{"rendered":"<p>Planta piloto de cocci\u00f3n para probar aplicaciones de cocci\u00f3n con todo tipo de masas azucaradas.<\/p>","protected":false},"featured_media":2854,"comment_status":"open","ping_status":"closed","template":"","meta":{"uix_meta_title":"","uix_meta_description":"","uix_canonical_url":""},"product_brand":[],"product_cat":[104],"product_tag":[],"class_list":{"0":"post-2855","1":"product","2":"type-product","3":"status-publish","4":"has-post-thumbnail","6":"product_cat-processing","8":"first","9":"instock","10":"shipping-taxable","11":"product-type-simple"},"_links":{"self":[{"href":"https:\/\/cormac.eu\/es\/wp-json\/wp\/v2\/product\/2855","targetHints":{"allow":["GET"]}}],"collection":[{"href":"https:\/\/cormac.eu\/es\/wp-json\/wp\/v2\/product"}],"about":[{"href":"https:\/\/cormac.eu\/es\/wp-json\/wp\/v2\/types\/product"}],"replies":[{"embeddable":true,"href":"https:\/\/cormac.eu\/es\/wp-json\/wp\/v2\/comments?post=2855"}],"wp:featuredmedia":[{"embeddable":true,"href":"https:\/\/cormac.eu\/es\/wp-json\/wp\/v2\/media\/2854"}],"wp:attachment":[{"href":"https:\/\/cormac.eu\/es\/wp-json\/wp\/v2\/media?parent=2855"}],"wp:term":[{"taxonomy":"product_brand","embeddable":true,"href":"https:\/\/cormac.eu\/es\/wp-json\/wp\/v2\/product_brand?post=2855"},{"taxonomy":"product_cat","embeddable":true,"href":"https:\/\/cormac.eu\/es\/wp-json\/wp\/v2\/product_cat?post=2855"},{"taxonomy":"product_tag","embeddable":true,"href":"https:\/\/cormac.eu\/es\/wp-json\/wp\/v2\/product_tag?post=2855"}],"curies":[{"name":"wp","href":"https:\/\/api.w.org\/{rel}","templated":true}]}}