{"id":2849,"date":"2022-04-24T10:01:33","date_gmt":"2022-04-24T08:01:33","guid":{"rendered":"https:\/\/cormac.eu\/?post_type=product&#038;p=2849"},"modified":"2022-04-24T11:37:04","modified_gmt":"2022-04-24T09:37:04","slug":"instalacion-de-cocina-llave-en-mano","status":"publish","type":"product","link":"https:\/\/cormac.eu\/es\/product\/turn-key-cooking-installation\/","title":{"rendered":"Cocina de producci\u00f3n completa llave en mano"},"content":{"rendered":"<p>Una cocina de producci\u00f3n totalmente autom\u00e1tica, construida sobre un pat\u00edn listo para la conexi\u00f3n plug &amp; play. Este m\u00e9todo de construcci\u00f3n permite ahorrar espacio en la instalaci\u00f3n. Cada instalaci\u00f3n se construye totalmente a medida. Esta cocina de producci\u00f3n puede incluir un sistema autom\u00e1tico de pesaje y dosificaci\u00f3n de ingredientes, una instalaci\u00f3n de premezclado y mezclado, un cocedor continuo, un cocedor de inyecci\u00f3n de vapor, una c\u00e1mara de vac\u00edo, un armario de control central con PLC Siemens y un sistema de dosificaci\u00f3n de aromas, colorantes y \u00e1cidos. Capacidad de hasta 3 toneladas por hora.<\/p>\n<p><img fetchpriority=\"high\" decoding=\"async\" class=\"alignnone size-medium wp-image-2869\" src=\"https:\/\/cormac.eu\/wp-content\/uploads\/2022\/04\/Candy-iStock_000012762654_Large-300x199.jpg\" alt=\"\" width=\"300\" height=\"199\" srcset=\"https:\/\/cormac.eu\/wp-content\/uploads\/2022\/04\/Candy-iStock_000012762654_Large-300x199.jpg 300w, https:\/\/cormac.eu\/wp-content\/uploads\/2022\/04\/Candy-iStock_000012762654_Large-1024x680.jpg 1024w, https:\/\/cormac.eu\/wp-content\/uploads\/2022\/04\/Candy-iStock_000012762654_Large-768x510.jpg 768w, https:\/\/cormac.eu\/wp-content\/uploads\/2022\/04\/Candy-iStock_000012762654_Large-1536x1019.jpg 1536w, https:\/\/cormac.eu\/wp-content\/uploads\/2022\/04\/Candy-iStock_000012762654_Large-2048x1359.jpg 2048w, https:\/\/cormac.eu\/wp-content\/uploads\/2022\/04\/Candy-iStock_000012762654_Large-600x398.jpg 600w\" sizes=\"(max-width: 300px) 100vw, 300px\" \/><\/p>\n<p>&nbsp;<\/p>\n<table style=\"height: 396px\" width=\"547\">\n<tbody>\n<tr>\n<td width=\"179\">\u00a0<strong>Caracter\u00edsticas<\/strong><\/td>\n<td width=\"179\">\u00a0<strong>Beneficios<\/strong><\/td>\n<\/tr>\n<tr>\n<td>\u00a0construido sobre pat\u00edn<\/td>\n<td>\n<ul>\n<li>f\u00e1cil instalaci\u00f3n<\/li>\n<li>compacto<\/li>\n<\/ul>\n<\/td>\n<\/tr>\n<tr>\n<td>\u00a0todo de acero inoxidable<\/td>\n<td>\n<ul>\n<li>higi\u00e9nico<\/li>\n<li>f\u00e1cil limpieza<\/li>\n<\/ul>\n<\/td>\n<\/tr>\n<tr>\n<td>\u00a0Controlado por PLC<\/td>\n<td>\n<ul>\n<li>control total del proceso<\/li>\n<li>almacenamiento de recetas<\/li>\n<\/ul>\n<\/td>\n<\/tr>\n<tr>\n<td>\u00a0A medida<\/td>\n<td>\n<ul>\n<li>fabricados seg\u00fan las especificaciones del cliente<\/li>\n<\/ul>\n<\/td>\n<\/tr>\n<\/tbody>\n<\/table>","protected":false},"excerpt":{"rendered":"<p>Cocina de producci\u00f3n totalmente autom\u00e1tica dise\u00f1ada seg\u00fan los requisitos del cliente, construida sobre patines, compacta, plug &amp; play. Adecuado para la producci\u00f3n de sugarmassses cocidos incluyendo jaleas y gomas, malvaviscos, caramelos masticables, regaliz, fondant, turr\u00f3n, caramelos duros, art\u00edculos sin az\u00facar, etc.<\/p>","protected":false},"featured_media":2853,"comment_status":"open","ping_status":"closed","template":"","meta":{"uix_meta_title":"","uix_meta_description":"","uix_canonical_url":""},"product_brand":[],"product_cat":[104],"product_tag":[],"class_list":{"0":"post-2849","1":"product","2":"type-product","3":"status-publish","4":"has-post-thumbnail","6":"product_cat-processing","8":"first","9":"instock","10":"shipping-taxable","11":"product-type-simple"},"_links":{"self":[{"href":"https:\/\/cormac.eu\/es\/wp-json\/wp\/v2\/product\/2849","targetHints":{"allow":["GET"]}}],"collection":[{"href":"https:\/\/cormac.eu\/es\/wp-json\/wp\/v2\/product"}],"about":[{"href":"https:\/\/cormac.eu\/es\/wp-json\/wp\/v2\/types\/product"}],"replies":[{"embeddable":true,"href":"https:\/\/cormac.eu\/es\/wp-json\/wp\/v2\/comments?post=2849"}],"wp:featuredmedia":[{"embeddable":true,"href":"https:\/\/cormac.eu\/es\/wp-json\/wp\/v2\/media\/2853"}],"wp:attachment":[{"href":"https:\/\/cormac.eu\/es\/wp-json\/wp\/v2\/media?parent=2849"}],"wp:term":[{"taxonomy":"product_brand","embeddable":true,"href":"https:\/\/cormac.eu\/es\/wp-json\/wp\/v2\/product_brand?post=2849"},{"taxonomy":"product_cat","embeddable":true,"href":"https:\/\/cormac.eu\/es\/wp-json\/wp\/v2\/product_cat?post=2849"},{"taxonomy":"product_tag","embeddable":true,"href":"https:\/\/cormac.eu\/es\/wp-json\/wp\/v2\/product_tag?post=2849"}],"curies":[{"name":"wp","href":"https:\/\/api.w.org\/{rel}","templated":true}]}}