{"id":2847,"date":"2022-04-24T09:58:59","date_gmt":"2022-04-24T07:58:59","guid":{"rendered":"https:\/\/cormac.eu\/?post_type=product&#038;p=2847"},"modified":"2022-04-24T09:58:59","modified_gmt":"2022-04-24T07:58:59","slug":"mezclador-rapido-2","status":"publish","type":"product","link":"https:\/\/cormac.eu\/es\/product\/speedmixer\/","title":{"rendered":"Mezclador r\u00e1pido"},"content":{"rendered":"<p>La speedmix es una buena soluci\u00f3n para muchos problemas de mezcla.  En la turbina mezcladora speedmix, el eje de rotaci\u00f3n est\u00e1 protegido mediante un tubo encamisado. Debajo de este tubo se monta una esclusa de retenci\u00f3n en la que gira la h\u00e9lice. Esta esclusa de retenci\u00f3n funciona como una bomba y provoca una corriente axial. La tuber\u00eda encamisada evita un v\u00f3rtice que se eleva junto al eje de rotaci\u00f3n r\u00e1pida. El cartucho de corriente axial del speedmix garantiza una mezcla intensiva sin impacto de aire entre los l\u00edquidos que deben mezclarse con polvos y granulados, tambi\u00e9n a altas revoluciones. El speedmix puede utilizarse para mezclar, homogeneizar, dispersar, suspender y disolver una amplia gama de masas. Gama de potencia: de 0,75 a 30 kW , 750 - 3000 rpm.<\/p>\n<p><img fetchpriority=\"high\" decoding=\"async\" class=\"alignnone size-medium wp-image-2846\" src=\"https:\/\/cormac.eu\/wp-content\/uploads\/2022\/04\/Speedmix4-200x300.jpg\" alt=\"\" width=\"200\" height=\"300\" srcset=\"https:\/\/cormac.eu\/wp-content\/uploads\/2022\/04\/Speedmix4-200x300.jpg 200w, https:\/\/cormac.eu\/wp-content\/uploads\/2022\/04\/Speedmix4-681x1024.jpg 681w, https:\/\/cormac.eu\/wp-content\/uploads\/2022\/04\/Speedmix4-768x1154.jpg 768w, https:\/\/cormac.eu\/wp-content\/uploads\/2022\/04\/Speedmix4-1022x1536.jpg 1022w, https:\/\/cormac.eu\/wp-content\/uploads\/2022\/04\/Speedmix4-1363x2048.jpg 1363w, https:\/\/cormac.eu\/wp-content\/uploads\/2022\/04\/Speedmix4-600x902.jpg 600w, https:\/\/cormac.eu\/wp-content\/uploads\/2022\/04\/Speedmix4-scaled.jpg 1703w\" sizes=\"(max-width: 200px) 100vw, 200px\" \/><\/p>\n<table style=\"height: 514px\" width=\"653\">\n<tbody>\n<tr>\n<td width=\"252\">\u00a0<strong>Caracter\u00edsticas<\/strong><\/td>\n<td width=\"249\">\u00a0<strong>Beneficios<\/strong><\/td>\n<\/tr>\n<tr>\n<td>\u00a0Variador de velocidad controlado por frecuencia continua<\/td>\n<td>\n<ul>\n<li>Control de velocidad<\/li>\n<\/ul>\n<\/td>\n<\/tr>\n<tr>\n<td>\u00a0Excelente tecnolog\u00eda de soldadura<\/td>\n<td>\n<ul>\n<li>ejecuci\u00f3n sanitaria<\/li>\n<li>sin desgarros de pelo en el acero<\/li>\n<li>f\u00e1cil limpieza y descarga<\/li>\n<\/ul>\n<\/td>\n<\/tr>\n<tr>\n<td>\u00a0construcci\u00f3n de acero inoxidable<\/td>\n<td>\n<ul>\n<li>higi\u00e9nico<\/li>\n<li>f\u00e1cil limpieza<\/li>\n<\/ul>\n<\/td>\n<\/tr>\n<tr>\n<td>\u00a0Producto sin contacto<\/td>\n<td>\n<ul>\n<li>sin contaminaci\u00f3n<\/li>\n<li>higiene<\/li>\n<\/ul>\n<\/td>\n<\/tr>\n<tr>\n<td>Bridas normalizadas<\/td>\n<td>\n<ul>\n<li>f\u00e1cil sustituci\u00f3n y mantenimiento<\/li>\n<\/ul>\n<\/td>\n<\/tr>\n<\/tbody>\n<\/table>\n<p>&nbsp;<\/p>\n<p>&nbsp;<\/p>","protected":false},"excerpt":{"rendered":"<p>Mezclador r\u00e1pido para mezclar, homogeneizar, dispersar, suspender y disolver una amplia gama de masas.<\/p>","protected":false},"featured_media":2845,"comment_status":"open","ping_status":"closed","template":"","meta":{"uix_meta_title":"","uix_meta_description":"","uix_canonical_url":""},"product_brand":[],"product_cat":[104],"product_tag":[],"class_list":{"0":"post-2847","1":"product","2":"type-product","3":"status-publish","4":"has-post-thumbnail","6":"product_cat-processing","8":"first","9":"instock","10":"shipping-taxable","11":"product-type-simple"},"_links":{"self":[{"href":"https:\/\/cormac.eu\/es\/wp-json\/wp\/v2\/product\/2847","targetHints":{"allow":["GET"]}}],"collection":[{"href":"https:\/\/cormac.eu\/es\/wp-json\/wp\/v2\/product"}],"about":[{"href":"https:\/\/cormac.eu\/es\/wp-json\/wp\/v2\/types\/product"}],"replies":[{"embeddable":true,"href":"https:\/\/cormac.eu\/es\/wp-json\/wp\/v2\/comments?post=2847"}],"wp:featuredmedia":[{"embeddable":true,"href":"https:\/\/cormac.eu\/es\/wp-json\/wp\/v2\/media\/2845"}],"wp:attachment":[{"href":"https:\/\/cormac.eu\/es\/wp-json\/wp\/v2\/media?parent=2847"}],"wp:term":[{"taxonomy":"product_brand","embeddable":true,"href":"https:\/\/cormac.eu\/es\/wp-json\/wp\/v2\/product_brand?post=2847"},{"taxonomy":"product_cat","embeddable":true,"href":"https:\/\/cormac.eu\/es\/wp-json\/wp\/v2\/product_cat?post=2847"},{"taxonomy":"product_tag","embeddable":true,"href":"https:\/\/cormac.eu\/es\/wp-json\/wp\/v2\/product_tag?post=2847"}],"curies":[{"name":"wp","href":"https:\/\/api.w.org\/{rel}","templated":true}]}}