{"id":2740,"date":"2022-04-21T21:48:27","date_gmt":"2022-04-21T19:48:27","guid":{"rendered":"https:\/\/cormac.eu\/?post_type=product&#038;p=2740"},"modified":"2022-04-21T22:36:58","modified_gmt":"2022-04-21T20:36:58","slug":"wrapping-machine-type-rz","status":"publish","type":"product","link":"https:\/\/cormac.eu\/es\/product\/wrapping-machine-type-rz\/","title":{"rendered":"Envolvedora RZ"},"content":{"rendered":"<p>Wrapping machine for small-sized moulded or enrobed chocolate articles with flat bottom in bottom folding, such as pralines, round products like for instance Mozart balls, oval chocolates, rectangular products, square . \u00a0The Rasch RZ wrapping machine can be executed\u00a0 with a die fold or an envelope wrap either with brush matrix or high folding box. Various feeding systems are available. This machine can work either stand alone or inline. Over the years this machine has also been used- in special execution- for non food articles such as rubber articles, to wrap them with tamper proof heat sealed packaging with tear strip. Weight approx 1300 kg; Power 1,5 kVA;<\/p>\n<p>Wrapping style: bottom folding, bunch wrap, heat sealing<\/p>\n<p><img decoding=\"async\" class=\"alignnone wp-image-2700\" src=\"https:\/\/cormac.eu\/wp-content\/uploads\/2022\/04\/sample-4.jpg\" alt=\"\" width=\"135\" height=\"98\" \/><img decoding=\"async\" class=\"alignnone wp-image-2701\" src=\"https:\/\/cormac.eu\/wp-content\/uploads\/2022\/04\/sample-5.jpg\" alt=\"\" width=\"85\" height=\"107\" \/><img decoding=\"async\" class=\"alignnone size-full wp-image-2728\" src=\"https:\/\/cormac.eu\/wp-content\/uploads\/2022\/04\/style-Knipsel.jpg\" alt=\"\" width=\"148\" height=\"104\" \/><\/p>\n<p>Capacity range: up to 200 pieces per minute (type RZ) or 230 pieces per minute (type RZ II) depending on product characteristics and feeding method.<\/p>\n<table>\n<tbody>\n<tr>\n<td width=\"293\">\n<p style=\"text-align: center\"><strong>Caracter\u00edsticas (algunas opcionales)<\/strong><\/p>\n<\/td>\n<td width=\"293\">\n<p style=\"text-align: center\"><strong>Beneficios<\/strong><\/p>\n<\/td>\n<\/tr>\n<tr>\n<td width=\"293\">Cabezal de control de registro<\/td>\n<td width=\"293\">\n<ul>\n<li>Full control of all machine functions<\/li>\n<\/ul>\n<\/td>\n<\/tr>\n<tr>\n<td width=\"293\">Caja de cambios cerrada con sistema de lubricaci\u00f3n centralizado y filtrado constante del aceite<\/td>\n<td width=\"293\">\n<ul>\n<li>Prevention of oil contamination, low maintenance<\/li>\n<\/ul>\n<\/td>\n<\/tr>\n<tr>\n<td width=\"293\">Regulaci\u00f3n continua de la velocidad con convertidor de frecuencia<\/td>\n<td width=\"293\">\n<ul>\n<li>Control perfecto de la velocidad<\/li>\n<\/ul>\n<\/td>\n<\/tr>\n<tr>\n<td width=\"293\">Transporte de alta<\/td>\n<td width=\"293\">\n<ul>\n<li>Vertido controlado de productos<\/li>\n<\/ul>\n<\/td>\n<\/tr>\n<tr>\n<td width=\"293\">Cinta de alimentaci\u00f3n y sistemas autom\u00e1ticos de alimentaci\u00f3n<\/td>\n<td width=\"293\">\n<ul>\n<li>Mayor eficacia<\/li>\n<\/ul>\n<\/td>\n<\/tr>\n<tr>\n<td width=\"293\">Control de puntos de fotoc\u00e9lulas<\/td>\n<td width=\"293\">\n<ul>\n<li>Control de la posici\u00f3n de impresi\u00f3n<\/li>\n<\/ul>\n<\/td>\n<\/tr>\n<tr>\n<td width=\"293\">Contador de piezas y tacto<\/td>\n<td width=\"293\">\n<ul>\n<li>Medici\u00f3n precisa del producto<\/li>\n<\/ul>\n<\/td>\n<\/tr>\n<tr>\n<td width=\"293\">Piezas de formato , piezas de entrada, piezas de plegado y piezas de descarga f\u00e1cilmente accesibles<\/td>\n<td width=\"293\">\n<ul>\n<li>Cambio r\u00e1pido<\/li>\n<li>F\u00e1cil mantenimiento<\/li>\n<\/ul>\n<\/td>\n<\/tr>\n<tr>\n<td width=\"293\">Parada autom\u00e1tica de la alimentaci\u00f3n de l\u00e1minas<\/td>\n<td width=\"293\">\n<ul>\n<li>Sin producto no hay envoltorio<\/li>\n<li>Evite los atascos de l\u00e1minas<\/li>\n<\/ul>\n<\/td>\n<\/tr>\n<tr>\n<td width=\"293\">Dispositivo de desenrollado de la segunda l\u00e1mina<\/td>\n<td width=\"293\">\n<ul>\n<li>Aplicaci\u00f3n de un material de envoltura interior y exterior<\/li>\n<\/ul>\n<\/td>\n<\/tr>\n<tr>\n<td width=\"293\">Unidad de empalme<\/td>\n<td width=\"293\">\n<ul>\n<li>Cambio autom\u00e1tico de bobinas para una mayor eficacia<\/li>\n<\/ul>\n<\/td>\n<\/tr>\n<tr>\n<td width=\"293\">Labeling device<\/td>\n<td width=\"293\">\n<ul>\n<li>More elaborate product information<\/li>\n<\/ul>\n<\/td>\n<\/tr>\n<tr>\n<td width=\"293\">Armario de control con SPS<\/td>\n<td width=\"293\">\n<ul>\n<li>Excelente control centralizado de la m\u00e1quina<\/li>\n<\/ul>\n<\/td>\n<\/tr>\n<\/tbody>\n<\/table>\n<p>&nbsp;<\/p>\n<table>\n<tbody>\n<tr>\n<td colspan=\"4\" width=\"585\">\n<p style=\"text-align: center\">Dimensiones del producto<\/p>\n<\/td>\n<\/tr>\n<tr>\n<td width=\"146\">\n<p style=\"text-align: center\">Length<\/p>\n<\/td>\n<td style=\"text-align: center\" width=\"146\">Anchura<\/td>\n<td style=\"text-align: center\" width=\"146\">Altura<\/td>\n<td style=\"text-align: center\" width=\"146\">Diameter<\/td>\n<\/tr>\n<tr>\n<td style=\"text-align: center\" width=\"146\">20- 55 mm<\/td>\n<td style=\"text-align: center\" width=\"146\">15 \u2013 35 mm<\/td>\n<td style=\"text-align: center\" width=\"146\">5 \u2013 30 mm<\/td>\n<td width=\"146\">\n<p style=\"text-align: center\">20 \u2013 40 mm<\/p>\n<\/td>\n<\/tr>\n<\/tbody>\n<\/table>\n<table>\n<tbody>\n<tr>\n<td colspan=\"4\" width=\"585\">\n<p style=\"text-align: center\">Dimensiones del material de embalaje<\/p>\n<\/td>\n<\/tr>\n<tr>\n<td width=\"146\">\n<p style=\"text-align: center\">Anchura<\/p>\n<\/td>\n<td style=\"text-align: center\" width=\"146\">Longitud de corte<\/td>\n<td style=\"text-align: center\" width=\"146\">\u00d8 bobina<\/td>\n<td style=\"text-align: center\" width=\"146\">N\u00facleo \u00d8<\/td>\n<\/tr>\n<tr>\n<td style=\"text-align: center\" width=\"146\">40-120 mm<\/td>\n<td style=\"text-align: center\" width=\"146\">40-120 mm<\/td>\n<td style=\"text-align: center\" width=\"146\">250 mm<\/td>\n<td width=\"146\">\n<p style=\"text-align: center\">35-78 mm<\/p>\n<\/td>\n<\/tr>\n<\/tbody>\n<\/table>","protected":false},"excerpt":{"rendered":"<p>Envolvedora para art\u00edculos de chocolate moldeados o recubiertos de peque\u00f1o tama\u00f1o con fondo plano<\/p>","protected":false},"featured_media":2737,"comment_status":"open","ping_status":"closed","template":"","meta":{"uix_meta_title":"","uix_meta_description":"","uix_canonical_url":""},"product_brand":[],"product_cat":[105],"product_tag":[],"class_list":{"0":"post-2740","1":"product","2":"type-product","3":"status-publish","4":"has-post-thumbnail","6":"product_cat-packaging","8":"first","9":"instock","10":"shipping-taxable","11":"product-type-simple"},"_links":{"self":[{"href":"https:\/\/cormac.eu\/es\/wp-json\/wp\/v2\/product\/2740","targetHints":{"allow":["GET"]}}],"collection":[{"href":"https:\/\/cormac.eu\/es\/wp-json\/wp\/v2\/product"}],"about":[{"href":"https:\/\/cormac.eu\/es\/wp-json\/wp\/v2\/types\/product"}],"replies":[{"embeddable":true,"href":"https:\/\/cormac.eu\/es\/wp-json\/wp\/v2\/comments?post=2740"}],"wp:featuredmedia":[{"embeddable":true,"href":"https:\/\/cormac.eu\/es\/wp-json\/wp\/v2\/media\/2737"}],"wp:attachment":[{"href":"https:\/\/cormac.eu\/es\/wp-json\/wp\/v2\/media?parent=2740"}],"wp:term":[{"taxonomy":"product_brand","embeddable":true,"href":"https:\/\/cormac.eu\/es\/wp-json\/wp\/v2\/product_brand?post=2740"},{"taxonomy":"product_cat","embeddable":true,"href":"https:\/\/cormac.eu\/es\/wp-json\/wp\/v2\/product_cat?post=2740"},{"taxonomy":"product_tag","embeddable":true,"href":"https:\/\/cormac.eu\/es\/wp-json\/wp\/v2\/product_tag?post=2740"}],"curies":[{"name":"wp","href":"https:\/\/api.w.org\/{rel}","templated":true}]}}