{"id":2736,"date":"2022-04-21T21:04:04","date_gmt":"2022-04-21T19:04:04","guid":{"rendered":"https:\/\/cormac.eu\/?post_type=product&#038;p=2736"},"modified":"2022-04-21T21:16:11","modified_gmt":"2022-04-21T19:16:11","slug":"maquina-envolvedora-universal-2","status":"publish","type":"product","link":"https:\/\/cormac.eu\/es\/product\/run-universal-wrapping-machine\/","title":{"rendered":"Envolvedora universal RUN"},"content":{"rendered":"<p><strong>Descripci\u00f3n: <\/strong>M\u00e1quina envolvedora universal para diversos productos, como productos con fondo plano, huevos, bolas, barriles y figuras huecas en diversos estilos de envoltura. Esta m\u00e1quina es un desarrollo posterior de la m\u00e1quina RU probada con la diferencia de que sus componentes est\u00e1n agrupados en m\u00f3dulos, la velocidad es mayor y debido a esto \u00faltimo normalmente esta m\u00e1quina se entrega con un sistema de alimentaci\u00f3n autom\u00e1tico. Peso aprox. 1700 kg; Potencia 3kVA.<\/p>\n<p><strong>\u00a0<\/strong><strong>Estilo de envoltura<\/strong>: envoltura en manojo, doble torsi\u00f3n, fijaci\u00f3n con cordel; fijaci\u00f3n con pegamento en el pie, etiquetado, termosellado, plegado frontal, plegado posterior, costura de plegado inferior, estampado de figuras, cordel retorcido, cordel con cinta adhesiva.<\/p>\n<p><strong>Rango de capacidad:<\/strong> hasta 150 ppm , seg\u00fan la forma y la regularidad<\/p>\n<p><img decoding=\"async\" class=\"alignnone size-medium wp-image-2732\" src=\"https:\/\/cormac.eu\/wp-content\/uploads\/2022\/04\/Products-Knipsel-300x157.jpg\" alt=\"\" width=\"300\" height=\"157\" srcset=\"https:\/\/cormac.eu\/wp-content\/uploads\/2022\/04\/Products-Knipsel-300x157.jpg 300w, https:\/\/cormac.eu\/wp-content\/uploads\/2022\/04\/Products-Knipsel.jpg 414w\" sizes=\"(max-width: 300px) 100vw, 300px\" \/><\/p>\n<p>&nbsp;<\/p>\n<table>\n<tbody>\n<tr>\n<td width=\"293\"><strong>Caracter\u00edsticas (algunas opcionales)<\/strong><\/td>\n<td width=\"293\"><strong>Beneficios<\/strong><\/td>\n<\/tr>\n<tr>\n<td width=\"293\">Cabezal de control de registro<\/td>\n<td width=\"293\">\n<ul>\n<li>Control total de las funciones de la m\u00e1quina<\/li>\n<\/ul>\n<\/td>\n<\/tr>\n<tr>\n<td width=\"293\">Caja de cambios cerrada con sistema de lubricaci\u00f3n centralizado y filtrado constante del aceite<\/td>\n<td width=\"293\">\n<ul>\n<li>Prevenci\u00f3n de la contaminaci\u00f3n por aceite<\/li>\n<li>bajo mantenimiento<\/li>\n<\/ul>\n<\/td>\n<\/tr>\n<tr>\n<td width=\"293\">Regulaci\u00f3n continua de la velocidad con convertidor de frecuencia<\/td>\n<td width=\"293\">\n<ul>\n<li>Control perfecto de la velocidad<\/li>\n<\/ul>\n<\/td>\n<\/tr>\n<tr>\n<td width=\"293\">Transporte de alta<\/td>\n<td width=\"293\">\n<ul>\n<li>Vertido controlado de productos<\/li>\n<\/ul>\n<\/td>\n<\/tr>\n<tr>\n<td width=\"293\">Cinta de alimentaci\u00f3n y sistemas autom\u00e1ticos de alimentaci\u00f3n<\/td>\n<td width=\"293\">\n<ul>\n<li>Mayor eficacia<\/li>\n<\/ul>\n<\/td>\n<\/tr>\n<tr>\n<td width=\"293\">Control de puntos de fotoc\u00e9lulas<\/td>\n<td width=\"293\">\n<ul>\n<li>Control de la posici\u00f3n de impresi\u00f3n<\/li>\n<\/ul>\n<\/td>\n<\/tr>\n<tr>\n<td width=\"293\">Contador de piezas y tacto<\/td>\n<td width=\"293\">\n<ul>\n<li>Medici\u00f3n precisa de la potencia<\/li>\n<\/ul>\n<\/td>\n<\/tr>\n<tr>\n<td width=\"293\">Piezas de formato , piezas de entrada, piezas de plegado y piezas de descarga f\u00e1cilmente accesibles<\/td>\n<td width=\"293\">\n<ul>\n<li>Cambio r\u00e1pido<\/li>\n<li>F\u00e1cil mantenimiento<\/li>\n<\/ul>\n<\/td>\n<\/tr>\n<tr>\n<td width=\"293\">Parada autom\u00e1tica de la alimentaci\u00f3n de l\u00e1minas<\/td>\n<td width=\"293\">\n<ul>\n<li>Sin producto no hay envoltorio<\/li>\n<li>Evite los atascos de l\u00e1minas<\/li>\n<\/ul>\n<\/td>\n<\/tr>\n<tr>\n<td width=\"293\">Dispositivo de desenrollado de la segunda l\u00e1mina<\/td>\n<td width=\"293\">\n<ul>\n<li>Aplicaci\u00f3n de un material de envoltura interior y exterior<\/li>\n<\/ul>\n<\/td>\n<\/tr>\n<tr>\n<td width=\"293\">Unidad de empalme<\/td>\n<td width=\"293\">\n<ul>\n<li>Cambio autom\u00e1tico de bobinas para una mayor eficacia<\/li>\n<\/ul>\n<\/td>\n<\/tr>\n<tr>\n<td width=\"293\">Armario de control con SPS<\/td>\n<td width=\"293\">\n<ul>\n<li>Excelente control centralizado de la m\u00e1quina<\/li>\n<\/ul>\n<\/td>\n<\/tr>\n<\/tbody>\n<\/table>\n<p>&nbsp;<\/p>\n<table>\n<tbody>\n<tr>\n<td colspan=\"4\" width=\"585\">\n<p style=\"text-align: center\"><strong>Dimensiones del material de embalaje<\/strong><\/p>\n<\/td>\n<\/tr>\n<tr>\n<td width=\"146\">\n<p style=\"text-align: center\">Anchura<\/p>\n<\/td>\n<td style=\"text-align: center\" width=\"146\">Longitud de corte<\/td>\n<td style=\"text-align: center\" width=\"146\">\u00d8 bobina<\/td>\n<td style=\"text-align: center\" width=\"146\">N\u00facleo \u00d8<\/td>\n<\/tr>\n<tr>\n<td style=\"text-align: center\" width=\"146\">40 - 100 mm<\/td>\n<td style=\"text-align: center\" width=\"146\">40 - 100 mm<\/td>\n<td style=\"text-align: center\" width=\"146\">250 mm<\/td>\n<td width=\"146\">\n<p style=\"text-align: center\">35 - 78 mm<\/p>\n<\/td>\n<\/tr>\n<\/tbody>\n<\/table>\n<p>&nbsp;<\/p>","protected":false},"excerpt":{"rendered":"<p>Envolvedora universal para una amplia gama de productos de chocolate y algunos productos de pasteler\u00eda<\/p>","protected":false},"featured_media":2735,"comment_status":"open","ping_status":"closed","template":"","meta":{"uix_meta_title":"","uix_meta_description":"","uix_canonical_url":""},"product_brand":[],"product_cat":[105],"product_tag":[],"class_list":{"0":"post-2736","1":"product","2":"type-product","3":"status-publish","4":"has-post-thumbnail","6":"product_cat-packaging","8":"first","9":"instock","10":"shipping-taxable","11":"product-type-simple"},"_links":{"self":[{"href":"https:\/\/cormac.eu\/es\/wp-json\/wp\/v2\/product\/2736","targetHints":{"allow":["GET"]}}],"collection":[{"href":"https:\/\/cormac.eu\/es\/wp-json\/wp\/v2\/product"}],"about":[{"href":"https:\/\/cormac.eu\/es\/wp-json\/wp\/v2\/types\/product"}],"replies":[{"embeddable":true,"href":"https:\/\/cormac.eu\/es\/wp-json\/wp\/v2\/comments?post=2736"}],"wp:featuredmedia":[{"embeddable":true,"href":"https:\/\/cormac.eu\/es\/wp-json\/wp\/v2\/media\/2735"}],"wp:attachment":[{"href":"https:\/\/cormac.eu\/es\/wp-json\/wp\/v2\/media?parent=2736"}],"wp:term":[{"taxonomy":"product_brand","embeddable":true,"href":"https:\/\/cormac.eu\/es\/wp-json\/wp\/v2\/product_brand?post=2736"},{"taxonomy":"product_cat","embeddable":true,"href":"https:\/\/cormac.eu\/es\/wp-json\/wp\/v2\/product_cat?post=2736"},{"taxonomy":"product_tag","embeddable":true,"href":"https:\/\/cormac.eu\/es\/wp-json\/wp\/v2\/product_tag?post=2736"}],"curies":[{"name":"wp","href":"https:\/\/api.w.org\/{rel}","templated":true}]}}