{"id":2734,"date":"2022-04-21T20:24:05","date_gmt":"2022-04-21T18:24:05","guid":{"rendered":"https:\/\/cormac.eu\/?post_type=product&#038;p=2734"},"modified":"2022-06-20T12:06:20","modified_gmt":"2022-06-20T10:06:20","slug":"envolvedora-universal-ru-2","status":"publish","type":"product","link":"https:\/\/cormac.eu\/es\/product\/ru-universal-wrapping-machine\/","title":{"rendered":"Envolvedora universal RU"},"content":{"rendered":"<p>M\u00e1quina envolvedora universal para una amplia gama de productos, como productos con fondo plano, huevos, bolas, barriles, figuras huecas, piruletas de chocolate con fondo plano, barritas peque\u00f1as, trufas, etc., en diversos estilos de envoltura. Si se desea, esta m\u00e1quina puede equiparse con un aparato de etiquetado.  Rango de capacidad: Hasta 120 piezas por minuto. Peso aproximado 1400 kg; Potencia 3kVA;<\/p>\n<p><strong>Estilo de envoltura<\/strong>Envoltura de manojos, doble torsi\u00f3n, etiquetado, termosellado, banderola, plegado frontal, plegado frontal con dispositivo de alisado, costura trasera, estampado de figuras, termosellado de paraguas, termosellado de figuras, cuerda retorcida, cuerda con cinta adhesiva, envoltura de sobres, envoltura de doble o simple torsi\u00f3n, banderola, etc.<\/p>\n<p><img fetchpriority=\"high\" decoding=\"async\" class=\"alignnone wp-image-2732\" src=\"https:\/\/cormac.eu\/wp-content\/uploads\/2022\/04\/Products-Knipsel-300x157.jpg\" alt=\"\" width=\"334\" height=\"176\" srcset=\"https:\/\/cormac.eu\/wp-content\/uploads\/2022\/04\/Products-Knipsel-300x157.jpg 300w, https:\/\/cormac.eu\/wp-content\/uploads\/2022\/04\/Products-Knipsel.jpg 414w\" sizes=\"(max-width: 334px) 100vw, 334px\" \/><\/p>\n<p>&nbsp;<\/p>\n<table>\n<tbody>\n<tr>\n<td width=\"293\"><strong>Caracter\u00edsticas (algunas opcionales)<\/strong><\/td>\n<td width=\"293\"><strong>Beneficios<\/strong><\/td>\n<\/tr>\n<tr>\n<td width=\"293\">Cabezal de control de registro<\/td>\n<td width=\"293\">\n<ul>\n<li>Control total de las funciones de la m\u00e1quina<\/li>\n<\/ul>\n<\/td>\n<\/tr>\n<tr>\n<td width=\"293\">Caja de cambios cerrada con sistema de lubricaci\u00f3n centralizado y filtrado constante del aceite<\/td>\n<td width=\"293\">\n<ul>\n<li>Prevenci\u00f3n de la contaminaci\u00f3n por aceite<\/li>\n<li>bajo mantenimiento<\/li>\n<\/ul>\n<\/td>\n<\/tr>\n<tr>\n<td width=\"293\">Regulaci\u00f3n continua de la velocidad con convertidor de frecuencia<\/td>\n<td width=\"293\">\n<ul>\n<li>Control perfecto de la velocidad<\/li>\n<\/ul>\n<\/td>\n<\/tr>\n<tr>\n<td width=\"293\">Transporte de alta<\/td>\n<td width=\"293\">\n<ul>\n<li>Vertido controlado de productos<\/li>\n<\/ul>\n<\/td>\n<\/tr>\n<tr>\n<td width=\"293\">Cinta de alimentaci\u00f3n y sistemas autom\u00e1ticos de alimentaci\u00f3n<\/td>\n<td width=\"293\">\n<ul>\n<li>Mayor eficacia<\/li>\n<\/ul>\n<\/td>\n<\/tr>\n<tr>\n<td width=\"293\">Control de puntos de fotoc\u00e9lulas<\/td>\n<td width=\"293\">\n<ul>\n<li>Control de la posici\u00f3n de impresi\u00f3n<\/li>\n<\/ul>\n<\/td>\n<\/tr>\n<tr>\n<td width=\"293\">Contador de piezas y tacto<\/td>\n<td width=\"293\">\n<ul>\n<li>Medici\u00f3n precisa del producto<\/li>\n<\/ul>\n<\/td>\n<\/tr>\n<tr>\n<td width=\"293\">Piezas de formato , piezas de entrada, piezas de plegado y piezas de descarga f\u00e1cilmente accesibles<\/td>\n<td width=\"293\">\n<ul>\n<li>Cambio r\u00e1pido<\/li>\n<li>F\u00e1cil mantenimiento<\/li>\n<\/ul>\n<\/td>\n<\/tr>\n<tr>\n<td width=\"293\">Parada autom\u00e1tica de la alimentaci\u00f3n de l\u00e1minas<\/td>\n<td width=\"293\">\n<ul>\n<li>Sin producto no hay envoltorio<\/li>\n<li>Evite los atascos de l\u00e1minas<\/li>\n<\/ul>\n<\/td>\n<\/tr>\n<tr>\n<td width=\"293\">Dispositivo de desenrollado de la segunda l\u00e1mina<\/td>\n<td width=\"293\">\n<ul>\n<li>Aplicaci\u00f3n de un material de envoltura interior y exterior<\/li>\n<\/ul>\n<\/td>\n<\/tr>\n<tr>\n<td width=\"293\">Unidad de empalme<\/td>\n<td width=\"293\">\n<ul>\n<li>Cambio autom\u00e1tico de bobinas para una mayor eficacia<\/li>\n<\/ul>\n<\/td>\n<\/tr>\n<tr>\n<td width=\"293\">Armario de control con SPS<\/td>\n<td width=\"293\">\n<ul>\n<li>Excelente control centralizado de la m\u00e1quina<\/li>\n<\/ul>\n<\/td>\n<\/tr>\n<\/tbody>\n<\/table>\n<p>&nbsp;<\/p>\n<table>\n<tbody>\n<tr>\n<td colspan=\"4\" width=\"585\">\n<p style=\"text-align: center\"><strong>Dimensiones del material de embalaje<\/strong><\/p>\n<\/td>\n<\/tr>\n<tr>\n<td width=\"146\">\n<p style=\"text-align: center\">Anchura<\/p>\n<\/td>\n<td style=\"text-align: center\" width=\"146\">Longitud de corte<\/td>\n<td style=\"text-align: center\" width=\"146\">\u00d8 bobina<\/td>\n<td width=\"146\">\n<p style=\"text-align: center\">N\u00facleo \u00d8<\/p>\n<\/td>\n<\/tr>\n<tr>\n<td style=\"text-align: center\" width=\"146\">40-100 mm<\/td>\n<td style=\"text-align: center\" width=\"146\">40-100 mm<\/td>\n<td style=\"text-align: center\" width=\"146\">250 mm<\/td>\n<td width=\"146\">\n<p style=\"text-align: center\">35-78 mm<\/p>\n<\/td>\n<\/tr>\n<\/tbody>\n<\/table>\n<p>&nbsp;<\/p>\n<p>&nbsp;<\/p>","protected":false},"excerpt":{"rendered":"<p>Envolvedora universal para una amplia gama de chocolates y algunos productos de pasteler\u00eda<\/p>","protected":false},"featured_media":2733,"comment_status":"open","ping_status":"closed","template":"","meta":{"uix_meta_title":"","uix_meta_description":"","uix_canonical_url":""},"product_brand":[],"product_cat":[105],"product_tag":[],"class_list":{"0":"post-2734","1":"product","2":"type-product","3":"status-publish","4":"has-post-thumbnail","6":"product_cat-packaging","8":"first","9":"instock","10":"shipping-taxable","11":"product-type-simple"},"_links":{"self":[{"href":"https:\/\/cormac.eu\/es\/wp-json\/wp\/v2\/product\/2734","targetHints":{"allow":["GET"]}}],"collection":[{"href":"https:\/\/cormac.eu\/es\/wp-json\/wp\/v2\/product"}],"about":[{"href":"https:\/\/cormac.eu\/es\/wp-json\/wp\/v2\/types\/product"}],"replies":[{"embeddable":true,"href":"https:\/\/cormac.eu\/es\/wp-json\/wp\/v2\/comments?post=2734"}],"wp:featuredmedia":[{"embeddable":true,"href":"https:\/\/cormac.eu\/es\/wp-json\/wp\/v2\/media\/2733"}],"wp:attachment":[{"href":"https:\/\/cormac.eu\/es\/wp-json\/wp\/v2\/media?parent=2734"}],"wp:term":[{"taxonomy":"product_brand","embeddable":true,"href":"https:\/\/cormac.eu\/es\/wp-json\/wp\/v2\/product_brand?post=2734"},{"taxonomy":"product_cat","embeddable":true,"href":"https:\/\/cormac.eu\/es\/wp-json\/wp\/v2\/product_cat?post=2734"},{"taxonomy":"product_tag","embeddable":true,"href":"https:\/\/cormac.eu\/es\/wp-json\/wp\/v2\/product_tag?post=2734"}],"curies":[{"name":"wp","href":"https:\/\/api.w.org\/{rel}","templated":true}]}}