{"id":2731,"date":"2022-04-21T19:31:59","date_gmt":"2022-04-21T17:31:59","guid":{"rendered":"https:\/\/cormac.eu\/?post_type=product&#038;p=2731"},"modified":"2022-04-21T22:37:42","modified_gmt":"2022-04-21T20:37:42","slug":"rl-envoltorio-de-piruleta-de-chocolate-2","status":"publish","type":"product","link":"https:\/\/cormac.eu\/es\/product\/rl-chocolate-lolly-wrapper\/","title":{"rendered":"Envoltorio de piruleta de chocolate RL"},"content":{"rendered":"<p>Envolvedora de alto rendimiento para envolver piruletas de chocolate con fondo plano. No se necesita clip de sellado. Las piruletas se introducen en una bolsa transparente formada por la m\u00e1quina RL y se sellan alrededor del palo.;Material de envoltura: l\u00e1mina termosellable de doble cara; Rango de capacidad: Hasta 100 piezas por minuto; Peso de la m\u00e1quina aprox. 1300 KG ; Potencia 4,5 kVA;<br \/>\nEstilo de envoltorio: lolly wrap + termosellado<\/p>\n<p><img decoding=\"async\" class=\"alignnone wp-image-2730\" src=\"https:\/\/cormac.eu\/wp-content\/uploads\/2022\/04\/wrap-style-Knipsel.jpg\" alt=\"\" width=\"73\" height=\"164\" \/><\/p>\n<table>\n<tbody>\n<tr>\n<td colspan=\"4\" width=\"585\">\n<p style=\"text-align: center\"><strong>Dimensiones del producto<\/strong><\/p>\n<\/td>\n<\/tr>\n<tr>\n<td width=\"146\">\n<p style=\"text-align: center\">Altura<\/p>\n<\/td>\n<td style=\"text-align: center\" width=\"146\">Longitud con varilla<\/td>\n<td style=\"text-align: center\" width=\"146\">Longitud sin palo<\/td>\n<td style=\"text-align: center\" width=\"146\">Anchura<\/td>\n<\/tr>\n<tr>\n<td style=\"text-align: center\" width=\"146\">15 mm<\/td>\n<td style=\"text-align: center\" width=\"146\">160 mm<\/td>\n<td style=\"text-align: center\" width=\"146\">65 mm<\/td>\n<td width=\"146\">\n<p style=\"text-align: center\">45 mm<\/p>\n<\/td>\n<\/tr>\n<\/tbody>\n<\/table>\n<p>&nbsp;<\/p>\n<table style=\"height: 641px\" width=\"610\">\n<tbody>\n<tr>\n<td width=\"366\">\n<p style=\"text-align: center\"><strong>Caracter\u00edsticas<\/strong><\/p>\n<\/td>\n<td width=\"219\">\n<p style=\"text-align: center\"><strong>Beneficios<\/strong><\/p>\n<\/td>\n<\/tr>\n<tr>\n<td width=\"366\">Entrada manual en cadena continua<\/td>\n<td width=\"219\">\n<ul>\n<li>Alimentaci\u00f3n a alta velocidad<\/li>\n<\/ul>\n<p>&nbsp;<\/td>\n<\/tr>\n<tr>\n<td width=\"366\">Cabezal de control de registro<\/td>\n<td width=\"219\">\n<ul>\n<li>Control de impresi\u00f3n<\/li>\n<\/ul>\n<\/td>\n<\/tr>\n<tr>\n<td width=\"366\">Caja de engranajes cerrada con sistema de lubricaci\u00f3n centralizado<\/td>\n<td width=\"219\">\n<ul>\n<li>Bajo mantenimiento<\/li>\n<\/ul>\n<\/td>\n<\/tr>\n<tr>\n<td width=\"366\">Regulaci\u00f3n continua de la velocidad con convertidor de frecuencia<\/td>\n<td width=\"219\">\n<ul>\n<li>Control perfecto de la velocidad<\/li>\n<\/ul>\n<p>&nbsp;<\/td>\n<\/tr>\n<tr>\n<td width=\"366\">Parada autom\u00e1tica de la alimentaci\u00f3n de l\u00e1minas<\/td>\n<td width=\"219\">\n<ul>\n<li>Sin producto no hay envoltorio<\/li>\n<li>evitar los atascos de papel de aluminio<\/li>\n<\/ul>\n<\/td>\n<\/tr>\n<tr>\n<td width=\"366\">Unidad de empalme<\/td>\n<td width=\"219\">\n<ul>\n<li>Mayor eficacia<\/li>\n<\/ul>\n<\/td>\n<\/tr>\n<tr>\n<td width=\"366\">Armario de control con SPS<\/td>\n<td width=\"219\">\n<ul>\n<li>Excelente control de la m\u00e1quina<\/li>\n<\/ul>\n<\/td>\n<\/tr>\n<tr>\n<td width=\"366\">Contador de productos y ciclos<\/td>\n<td width=\"219\">\n<ul>\n<li>Control de salida<\/li>\n<\/ul>\n<\/td>\n<\/tr>\n<\/tbody>\n<\/table>","protected":false},"excerpt":{"rendered":"<p>Envolvedora de alto rendimiento para envolver piruletas de chocolate con fondo plano.<\/p>","protected":false},"featured_media":2729,"comment_status":"open","ping_status":"closed","template":"","meta":{"uix_meta_title":"","uix_meta_description":"","uix_canonical_url":""},"product_brand":[],"product_cat":[105],"product_tag":[],"class_list":{"0":"post-2731","1":"product","2":"type-product","3":"status-publish","4":"has-post-thumbnail","6":"product_cat-packaging","8":"first","9":"instock","10":"shipping-taxable","11":"product-type-simple"},"_links":{"self":[{"href":"https:\/\/cormac.eu\/es\/wp-json\/wp\/v2\/product\/2731","targetHints":{"allow":["GET"]}}],"collection":[{"href":"https:\/\/cormac.eu\/es\/wp-json\/wp\/v2\/product"}],"about":[{"href":"https:\/\/cormac.eu\/es\/wp-json\/wp\/v2\/types\/product"}],"replies":[{"embeddable":true,"href":"https:\/\/cormac.eu\/es\/wp-json\/wp\/v2\/comments?post=2731"}],"wp:featuredmedia":[{"embeddable":true,"href":"https:\/\/cormac.eu\/es\/wp-json\/wp\/v2\/media\/2729"}],"wp:attachment":[{"href":"https:\/\/cormac.eu\/es\/wp-json\/wp\/v2\/media?parent=2731"}],"wp:term":[{"taxonomy":"product_brand","embeddable":true,"href":"https:\/\/cormac.eu\/es\/wp-json\/wp\/v2\/product_brand?post=2731"},{"taxonomy":"product_cat","embeddable":true,"href":"https:\/\/cormac.eu\/es\/wp-json\/wp\/v2\/product_cat?post=2731"},{"taxonomy":"product_tag","embeddable":true,"href":"https:\/\/cormac.eu\/es\/wp-json\/wp\/v2\/product_tag?post=2731"}],"curies":[{"name":"wp","href":"https:\/\/api.w.org\/{rel}","templated":true}]}}