{"id":2725,"date":"2022-04-21T16:56:38","date_gmt":"2022-04-21T14:56:38","guid":{"rendered":"https:\/\/cormac.eu\/?post_type=product&#038;p=2725"},"modified":"2022-04-21T22:39:30","modified_gmt":"2022-04-21T20:39:30","slug":"envolvedora-rge-2","status":"publish","type":"product","link":"https:\/\/cormac.eu\/es\/product\/rge-wrapping-machine\/","title":{"rendered":"Envolvedora RGE"},"content":{"rendered":"<p>Envolvedora para productos como huevos y bolas (huecas o rellenas) en plegado frontal, cuerda retorcida y envoltura de doble torsi\u00f3n. Esta envolvedora de chocolate puede alcanzar velocidades de hasta 55 piezas por minuto. La versi\u00f3n est\u00e1ndar RGE puede envolver productos con un di\u00e1metro de hasta 70 mm. mientras que el tipo RGE-100 envuelve productos con un di\u00e1metro m\u00e1ximo de 100 mm. La m\u00e1quina Rasch RGE se puede alimentar manualmente o con un sistema de alimentaci\u00f3n autom\u00e1tico que puede incluir, por ejemplo, cintas de alimentaci\u00f3n, sistemas de alineaci\u00f3n y sistemas rob\u00f3ticos de recogida y colocaci\u00f3n. Pueden montarse piezas de formato personalizado y los cambios no son complicados.<\/p>\n<p>&nbsp;<\/p>\n<table style=\"height: 924px\" width=\"949\">\n<tbody>\n<tr>\n<td width=\"197\"><strong>Caracter\u00edsticas<\/strong><\/td>\n<td width=\"197\"><strong>Beneficios<\/strong><\/td>\n<\/tr>\n<tr>\n<td>Mesa de alimentaci\u00f3n y sistemas de alimentaci\u00f3n autom\u00e1tica opcionales<\/p>\n<p>&nbsp;<\/td>\n<td>\n<ul>\n<li>Mayor eficacia<\/li>\n<\/ul>\n<\/td>\n<\/tr>\n<tr>\n<td>Cabezal de control de registro<\/td>\n<td>\n<ul>\n<li>control de impresi\u00f3n<\/li>\n<\/ul>\n<\/td>\n<\/tr>\n<tr>\n<td>Parada autom\u00e1tica de la alimentaci\u00f3n de l\u00e1minas<\/td>\n<td>\n<ul>\n<li>Sin producto no hay envoltorio<\/li>\n<li>evitar los atascos de papel de aluminio<\/li>\n<\/ul>\n<\/td>\n<\/tr>\n<tr>\n<td>&nbsp;<\/p>\n<p>Regulaci\u00f3n continua de la velocidad con convertidor de frecuencia<\/td>\n<td>\n<ul>\n<li>Control perfecto de la velocidad<\/li>\n<\/ul>\n<\/td>\n<\/tr>\n<tr>\n<td>Dispositivo de desenrollado de la segunda l\u00e1mina<\/td>\n<td>\n<ul>\n<li>Aplicaci\u00f3n de un material de envoltura interior y exterior<\/li>\n<\/ul>\n<\/td>\n<\/tr>\n<tr>\n<td>Caja de engranajes cerrada con sistema de lubricaci\u00f3n centralizado<\/td>\n<td>\n<ul>\n<li>Bajo mantenimiento<\/li>\n<\/ul>\n<\/td>\n<\/tr>\n<tr>\n<td>Unidad de empalme opcional<\/td>\n<td>\n<ul>\n<li>Cambio autom\u00e1tico de bobina<\/li>\n<li>mayor eficacia<\/li>\n<\/ul>\n<\/td>\n<\/tr>\n<tr>\n<td>Armario de control con SPS<\/td>\n<td>\n<ul>\n<li>Excelente control de la m\u00e1quina<\/li>\n<\/ul>\n<\/td>\n<\/tr>\n<\/tbody>\n<\/table>\n<p>&nbsp;<\/p>","protected":false},"excerpt":{"rendered":"<p>Envolvedora para huevos y bolas de chocolate<\/p>","protected":false},"featured_media":2724,"comment_status":"open","ping_status":"closed","template":"","meta":{"uix_meta_title":"","uix_meta_description":"","uix_canonical_url":""},"product_brand":[],"product_cat":[105],"product_tag":[],"class_list":{"0":"post-2725","1":"product","2":"type-product","3":"status-publish","4":"has-post-thumbnail","6":"product_cat-packaging","8":"first","9":"instock","10":"shipping-taxable","11":"product-type-simple"},"_links":{"self":[{"href":"https:\/\/cormac.eu\/es\/wp-json\/wp\/v2\/product\/2725","targetHints":{"allow":["GET"]}}],"collection":[{"href":"https:\/\/cormac.eu\/es\/wp-json\/wp\/v2\/product"}],"about":[{"href":"https:\/\/cormac.eu\/es\/wp-json\/wp\/v2\/types\/product"}],"replies":[{"embeddable":true,"href":"https:\/\/cormac.eu\/es\/wp-json\/wp\/v2\/comments?post=2725"}],"wp:featuredmedia":[{"embeddable":true,"href":"https:\/\/cormac.eu\/es\/wp-json\/wp\/v2\/media\/2724"}],"wp:attachment":[{"href":"https:\/\/cormac.eu\/es\/wp-json\/wp\/v2\/media?parent=2725"}],"wp:term":[{"taxonomy":"product_brand","embeddable":true,"href":"https:\/\/cormac.eu\/es\/wp-json\/wp\/v2\/product_brand?post=2725"},{"taxonomy":"product_cat","embeddable":true,"href":"https:\/\/cormac.eu\/es\/wp-json\/wp\/v2\/product_cat?post=2725"},{"taxonomy":"product_tag","embeddable":true,"href":"https:\/\/cormac.eu\/es\/wp-json\/wp\/v2\/product_tag?post=2725"}],"curies":[{"name":"wp","href":"https:\/\/api.w.org\/{rel}","templated":true}]}}