{"id":2688,"date":"2022-04-12T22:30:44","date_gmt":"2022-04-12T20:30:44","guid":{"rendered":"https:\/\/cormac.eu\/?post_type=product&#038;p=2688"},"modified":"2022-05-23T11:26:34","modified_gmt":"2022-05-23T09:26:34","slug":"sarten-de-recubrimiento","status":"publish","type":"product","link":"https:\/\/cormac.eu\/es\/product\/coating-pan\/","title":{"rendered":"Cubeta de revestimiento"},"content":{"rendered":"<p>Las cubetas de revestimiento CTG 50 o Cteg100 pueden utilizarse en diferentes procesos de revestimiento, as\u00ed como para el pulido. Estas vers\u00e1tiles bandejas de recubrimiento pueden utilizarse no s\u00f3lo en la industria del dulce, sino tambi\u00e9n en plantas farmac\u00e9uticas. La m\u00e1quina viene completa con todos los componentes el\u00e9ctricos, bombas y tuber\u00edas integrados. Estas cubetas de recubrimiento son f\u00e1ciles de instalar y manejar. Las aplicaciones incluyen, por ejemplo, el recubrimiento con az\u00facar de productos de caramelo, pollitos, lentejas y el pulido de productos recubiertos.<\/p>\n<p><img decoding=\"async\" class=\"alignnone wp-image-2687\" src=\"https:\/\/cormac.eu\/wp-content\/uploads\/2022\/04\/capsulas.webp\" alt=\"\" width=\"163\" height=\"163\" srcset=\"https:\/\/cormac.eu\/wp-content\/uploads\/2022\/04\/capsulas.webp 200w, https:\/\/cormac.eu\/wp-content\/uploads\/2022\/04\/capsulas-150x150.webp 150w, https:\/\/cormac.eu\/wp-content\/uploads\/2022\/04\/capsulas-100x100.webp 100w\" sizes=\"(max-width: 163px) 100vw, 163px\" \/> <img decoding=\"async\" class=\"alignnone wp-image-2686\" src=\"https:\/\/cormac.eu\/wp-content\/uploads\/2022\/04\/Huevos.webp\" alt=\"\" width=\"164\" height=\"164\" srcset=\"https:\/\/cormac.eu\/wp-content\/uploads\/2022\/04\/Huevos.webp 200w, https:\/\/cormac.eu\/wp-content\/uploads\/2022\/04\/Huevos-150x150.webp 150w, https:\/\/cormac.eu\/wp-content\/uploads\/2022\/04\/Huevos-100x100.webp 100w\" sizes=\"(max-width: 164px) 100vw, 164px\" \/><img decoding=\"async\" class=\"alignnone wp-image-2685\" src=\"https:\/\/cormac.eu\/wp-content\/uploads\/2022\/04\/bolas.webp\" alt=\"\" width=\"163\" height=\"163\" srcset=\"https:\/\/cormac.eu\/wp-content\/uploads\/2022\/04\/bolas.webp 200w, https:\/\/cormac.eu\/wp-content\/uploads\/2022\/04\/bolas-150x150.webp 150w, https:\/\/cormac.eu\/wp-content\/uploads\/2022\/04\/bolas-100x100.webp 100w\" sizes=\"(max-width: 163px) 100vw, 163px\" \/><\/p>\n<p>&nbsp;<\/p>\n<table>\n<tbody>\n<tr>\n<td width=\"222\"><strong>Caracter\u00edsticas<\/strong><\/td>\n<td width=\"240\">\u00a0<strong>Beneficios<\/strong><\/td>\n<\/tr>\n<tr>\n<td>Dise\u00f1o funcional<\/td>\n<td>\n<ul>\n<li>F\u00e1cil manejo<\/li>\n<li>F\u00e1cil mantenimiento<\/li>\n<\/ul>\n<\/td>\n<\/tr>\n<tr>\n<td>Acero inoxidable 304 o 316<\/td>\n<td>\n<ul>\n<li>Higiene<\/li>\n<li>F\u00e1cil limpieza<\/li>\n<\/ul>\n<\/td>\n<\/tr>\n<tr>\n<td>Ret\u00e9n externo de precisi\u00f3n<\/td>\n<td>\n<ul>\n<li>Rotaci\u00f3n suave<\/li>\n<\/ul>\n<\/td>\n<\/tr>\n<tr>\n<td>Opcional<\/td>\n<td>\n<ul>\n<li>Superficie acanalada para revestimiento<\/li>\n<li>Superficie lisa del plato para pulir<\/li>\n<\/ul>\n<\/td>\n<\/tr>\n<\/tbody>\n<\/table>\n<p>&nbsp;<\/p>\n<table>\n<tbody>\n<tr>\n<td width=\"132\"><strong>\u00a0<\/strong><\/td>\n<td width=\"170\">\n<p style=\"text-align: center;\"><strong>CTG 50<\/strong><\/p>\n<\/td>\n<td width=\"170\">\n<p style=\"text-align: center;\"><strong>CTEG 100<\/strong><\/p>\n<\/td>\n<\/tr>\n<tr>\n<td width=\"132\"><strong>Capacidad<\/strong><\/td>\n<td width=\"170\">\n<p style=\"text-align: center;\">50 litros<\/p>\n<\/td>\n<td width=\"170\">\n<p style=\"text-align: center;\">100 litros<\/p>\n<\/td>\n<\/tr>\n<tr>\n<td width=\"132\"><strong>Di\u00e1metro exterior<\/strong><\/td>\n<td width=\"170\">\n<p style=\"text-align: center;\">500 mm<\/p>\n<\/td>\n<td width=\"170\">\n<p style=\"text-align: center;\">1000 mm<\/p>\n<\/td>\n<\/tr>\n<tr>\n<td width=\"132\"><strong>Di\u00e1metro interior<\/strong><\/td>\n<td width=\"170\">\n<p style=\"text-align: center;\">250 mm<\/p>\n<\/td>\n<td width=\"170\">\n<p style=\"text-align: center;\">500 mm<\/p>\n<\/td>\n<\/tr>\n<tr>\n<td width=\"132\"><strong>RPM<\/strong><\/td>\n<td width=\"170\">\n<p style=\"text-align: center;\">0-35<\/p>\n<\/td>\n<td width=\"170\">\n<p style=\"text-align: center;\">0-35<\/p>\n<\/td>\n<\/tr>\n<tr>\n<td width=\"132\"><strong>Descarga<\/strong><\/td>\n<td width=\"170\">\n<p style=\"text-align: center;\">Manual<\/p>\n<\/td>\n<td width=\"170\">\n<p style=\"text-align: center;\">Manual<\/p>\n<\/td>\n<\/tr>\n<tr>\n<td width=\"132\"><strong>Potencia<\/strong><\/td>\n<td width=\"170\">\n<p style=\"text-align: center;\">0,75 kW<\/p>\n<\/td>\n<td width=\"170\">\n<p style=\"text-align: center;\">1,5 kW<\/p>\n<\/td>\n<\/tr>\n<\/tbody>\n<\/table>","protected":false},"excerpt":{"rendered":"<p>Cubetas de 50 \u00f3 100 litros de capacidad para recubrir o pulir.<\/p>","protected":false},"featured_media":2684,"comment_status":"open","ping_status":"closed","template":"","meta":{"uix_meta_title":"","uix_meta_description":"","uix_canonical_url":""},"product_brand":[],"product_cat":[107,104],"product_tag":[],"class_list":{"0":"post-2688","1":"product","2":"type-product","3":"status-publish","4":"has-post-thumbnail","6":"product_cat-artisanal","7":"product_cat-processing","9":"first","10":"instock","11":"shipping-taxable","12":"product-type-simple"},"_links":{"self":[{"href":"https:\/\/cormac.eu\/es\/wp-json\/wp\/v2\/product\/2688","targetHints":{"allow":["GET"]}}],"collection":[{"href":"https:\/\/cormac.eu\/es\/wp-json\/wp\/v2\/product"}],"about":[{"href":"https:\/\/cormac.eu\/es\/wp-json\/wp\/v2\/types\/product"}],"replies":[{"embeddable":true,"href":"https:\/\/cormac.eu\/es\/wp-json\/wp\/v2\/comments?post=2688"}],"wp:featuredmedia":[{"embeddable":true,"href":"https:\/\/cormac.eu\/es\/wp-json\/wp\/v2\/media\/2684"}],"wp:attachment":[{"href":"https:\/\/cormac.eu\/es\/wp-json\/wp\/v2\/media?parent=2688"}],"wp:term":[{"taxonomy":"product_brand","embeddable":true,"href":"https:\/\/cormac.eu\/es\/wp-json\/wp\/v2\/product_brand?post=2688"},{"taxonomy":"product_cat","embeddable":true,"href":"https:\/\/cormac.eu\/es\/wp-json\/wp\/v2\/product_cat?post=2688"},{"taxonomy":"product_tag","embeddable":true,"href":"https:\/\/cormac.eu\/es\/wp-json\/wp\/v2\/product_tag?post=2688"}],"curies":[{"name":"wp","href":"https:\/\/api.w.org\/{rel}","templated":true}]}}