{"id":2673,"date":"2022-04-12T21:10:13","date_gmt":"2022-04-12T19:10:13","guid":{"rendered":"https:\/\/cormac.eu\/?post_type=product&#038;p=2673"},"modified":"2022-05-30T23:42:10","modified_gmt":"2022-05-30T21:42:10","slug":"mezcladora-de-cuchillas-sigma-2","status":"publish","type":"product","link":"https:\/\/cormac.eu\/es\/product\/sigma-blade-mixer\/","title":{"rendered":"Mezcladora de palas Sigma"},"content":{"rendered":"<p>Mezcladora con palas amasadoras sigma de doble brazo que ofrece un amasado intensivo de masas de alta viscosidad. Con esta mezcladora se pueden conseguir tiempos de procesado m\u00e1s cortos sin comprometer la calidad. Todas estas m\u00e1quinas de la serie Super Strong disponen de una cuba con doble camisa para calentar y enfriar. Esta cuba de mezcla puede inclinarse hidr\u00e1ulicamente hacia arriba y hacia delante. La descarga puede realizarse inclinando la cuba o mediante un tornillo de extrusi\u00f3n. Las juntas delantera y trasera de la cuba evitan las fugas y ayudan a mantener la calidad del producto. Juntas de material de alta calidad.<\/p>\n<p><img decoding=\"async\" class=\"alignnone wp-image-2671\" src=\"https:\/\/cormac.eu\/wp-content\/uploads\/2022\/04\/Gum-center-filled2-275x300.jpg\" alt=\"\" width=\"185\" height=\"202\" srcset=\"https:\/\/cormac.eu\/wp-content\/uploads\/2022\/04\/Gum-center-filled2-275x300.jpg 275w, https:\/\/cormac.eu\/wp-content\/uploads\/2022\/04\/Gum-center-filled2.jpg 600w\" sizes=\"(max-width: 185px) 100vw, 185px\" \/><img decoding=\"async\" class=\"alignnone wp-image-2670\" src=\"https:\/\/cormac.eu\/wp-content\/uploads\/2022\/04\/Gum-bazooka-1.jpg\" alt=\"\" width=\"239\" height=\"150\" \/><img decoding=\"async\" class=\"alignnone wp-image-2669\" src=\"https:\/\/cormac.eu\/wp-content\/uploads\/2022\/04\/Chewy-cubes.jpg\" alt=\"\" width=\"225\" height=\"191\" \/><\/p>\n<table>\n<tbody>\n<tr>\n<td width=\"302\"><strong>Caracter\u00edsticas<\/strong><\/td>\n<td width=\"302\"><strong>Beneficios<\/strong><\/td>\n<\/tr>\n<tr>\n<td width=\"302\">Cuchillas de acero inoxidable y pulido Sigma<\/td>\n<td width=\"302\">\n<ul>\n<li style=\"text-align: left\">Higi\u00e9nico<\/li>\n<li style=\"text-align: left\">F\u00e1cil limpieza<\/li>\n<\/ul>\n<\/td>\n<\/tr>\n<tr>\n<td width=\"302\">Cubeta de doble camisa<\/td>\n<td width=\"302\">\n<ul>\n<li>Control de calefacci\u00f3n y refrigeraci\u00f3n<\/li>\n<\/ul>\n<\/td>\n<\/tr>\n<tr>\n<td width=\"302\">Construcci\u00f3n robusta<\/td>\n<td width=\"302\">\n<ul>\n<li>M\u00e1quina superresistente<\/li>\n<\/ul>\n<\/td>\n<\/tr>\n<tr>\n<td width=\"302\">Juntas de alta calidad en la parte delantera y trasera de la cuba<\/td>\n<td width=\"302\">\n<ul>\n<li>Sin fugas<\/li>\n<\/ul>\n<\/td>\n<\/tr>\n<tr>\n<td width=\"302\">Opciones<\/td>\n<td width=\"302\">\n<ul>\n<li>Recipiente de mezcla encamisado para el control masivo de la temperatura<\/li>\n<li>Aislamiento t\u00e9rmico de la cuba<\/li>\n<li>Variador de frecuencia<\/li>\n<li>Cabezales de troquelado especiales<\/li>\n<li>Automatizaci\u00f3n de la cubierta mediante pist\u00f3n hidr\u00e1ulico<\/li>\n<\/ul>\n<\/td>\n<\/tr>\n<\/tbody>\n<\/table>\n<p>&nbsp;<\/p>\n<table>\n<tbody>\n<tr>\n<td width=\"138\"><strong>\u00a0\u00a0\u00a0\u00a0\u00a0\u00a0\u00a0 \u00a0\u00a0\u00a0\u00a0\u00a0\u00a0\u00a0\u00a0\u00a0\u00a0\u00a0\u00a0\u00a0\u00a0\u00a0\u00a0\u00a0Modelo<\/strong><\/td>\n<td width=\"126\">\n<p style=\"text-align: center\"><strong>SS 240<\/strong><\/p>\n<\/td>\n<td style=\"text-align: center\" width=\"126\"><strong>SS400\/AH400<\/strong><\/td>\n<td style=\"text-align: center\" width=\"107\"><strong>SS600\/AH600<\/strong><\/td>\n<td width=\"107\">\n<p style=\"text-align: center\"><strong>SS2000<\/strong><\/p>\n<\/td>\n<\/tr>\n<tr>\n<td width=\"138\"><strong>Capacidad de la cuba<\/strong><\/td>\n<td width=\"126\">\n<p style=\"text-align: center\">240 litros<\/p>\n<\/td>\n<td style=\"text-align: center\" width=\"126\">240 litros<\/td>\n<td style=\"text-align: center\" width=\"107\">600 litros<\/td>\n<td width=\"107\">\n<p style=\"text-align: center\">2000 litros<\/p>\n<\/td>\n<\/tr>\n<tr>\n<td width=\"138\"><strong>Capacidad \u00fatil<\/strong><\/td>\n<td width=\"126\">\n<p style=\"text-align: center\">150 litros<\/p>\n<\/td>\n<td style=\"text-align: center\" width=\"126\">300 litros<\/td>\n<td style=\"text-align: center\" width=\"107\">450 litros<\/td>\n<td width=\"107\">\n<p style=\"text-align: center\">1300 litros<\/p>\n<\/td>\n<\/tr>\n<tr>\n<td width=\"138\"><strong>Descarga<\/strong><\/td>\n<td width=\"126\">\n<p style=\"text-align: center\">Basculante<\/p>\n<\/td>\n<td style=\"text-align: center\" width=\"126\">Basculante\/tornillo<\/td>\n<td style=\"text-align: center\" width=\"107\">Tiliting \/ tornillo<\/td>\n<td width=\"107\">\n<p style=\"text-align: center\">Basculante<\/p>\n<\/td>\n<\/tr>\n<\/tbody>\n<\/table>","protected":false},"excerpt":{"rendered":"<p>Mezcladora Sigma de doble brazo para el amasado intensivo de masas de alta viscosidad.<\/p>","protected":false},"featured_media":2672,"comment_status":"open","ping_status":"closed","template":"","meta":{"uix_meta_title":"","uix_meta_description":"","uix_canonical_url":""},"product_brand":[],"product_cat":[104],"product_tag":[],"class_list":{"0":"post-2673","1":"product","2":"type-product","3":"status-publish","4":"has-post-thumbnail","6":"product_cat-processing","8":"first","9":"instock","10":"shipping-taxable","11":"product-type-simple"},"_links":{"self":[{"href":"https:\/\/cormac.eu\/es\/wp-json\/wp\/v2\/product\/2673","targetHints":{"allow":["GET"]}}],"collection":[{"href":"https:\/\/cormac.eu\/es\/wp-json\/wp\/v2\/product"}],"about":[{"href":"https:\/\/cormac.eu\/es\/wp-json\/wp\/v2\/types\/product"}],"replies":[{"embeddable":true,"href":"https:\/\/cormac.eu\/es\/wp-json\/wp\/v2\/comments?post=2673"}],"wp:featuredmedia":[{"embeddable":true,"href":"https:\/\/cormac.eu\/es\/wp-json\/wp\/v2\/media\/2672"}],"wp:attachment":[{"href":"https:\/\/cormac.eu\/es\/wp-json\/wp\/v2\/media?parent=2673"}],"wp:term":[{"taxonomy":"product_brand","embeddable":true,"href":"https:\/\/cormac.eu\/es\/wp-json\/wp\/v2\/product_brand?post=2673"},{"taxonomy":"product_cat","embeddable":true,"href":"https:\/\/cormac.eu\/es\/wp-json\/wp\/v2\/product_cat?post=2673"},{"taxonomy":"product_tag","embeddable":true,"href":"https:\/\/cormac.eu\/es\/wp-json\/wp\/v2\/product_tag?post=2673"}],"curies":[{"name":"wp","href":"https:\/\/api.w.org\/{rel}","templated":true}]}}