{"id":2643,"date":"2022-04-12T18:11:57","date_gmt":"2022-04-12T16:11:57","guid":{"rendered":"https:\/\/cormac.eu\/?post_type=product&#038;p=2643"},"modified":"2022-05-30T16:24:58","modified_gmt":"2022-05-30T14:24:58","slug":"tunel-de-enfriamiento-ctm","status":"publish","type":"product","link":"https:\/\/cormac.eu\/es\/product\/coolin-tunnel-ctm\/","title":{"rendered":"T\u00fanel de refrigeraci\u00f3n CTM"},"content":{"rendered":"<p>T\u00fanel de enfriamiento Carugil Modelo CTM para el enfriamiento de piezas esf\u00e9ricas y cil\u00edndricas, macizas, huecas y rellenas. Durante el proceso de enfriamiento, la forma del producto no se ve afectada. Debido a un eficiente sistema de flujo del aire de enfriamiento son posibles altas capacidades, hasta 1000 Kg\/hr. Este t\u00fanel de enfriamiento se puede suministrar con diferentes opciones para satisfacer las necesidades espec\u00edficas del cliente. Adem\u00e1s, seg\u00fan el modelo, se pueden actualizar a posteriori para aumentar su capacidad.<br \/>\nEstos t\u00faneles de refrigeraci\u00f3n pueden configurarse en versi\u00f3n abierta o cerrada, para peque\u00f1os y medianos productores o para grandes instalaciones industriales. La refrigeraci\u00f3n puede ser por gas o por agua fr\u00eda.<\/p>\n<p><img decoding=\"async\" class=\"alignnone wp-image-2645\" src=\"https:\/\/cormac.eu\/wp-content\/uploads\/2022\/04\/Chewy-candy-lozenges-300x202.jpg\" alt=\"\" width=\"201\" height=\"135\" srcset=\"https:\/\/cormac.eu\/wp-content\/uploads\/2022\/04\/Chewy-candy-lozenges-300x202.jpg 300w, https:\/\/cormac.eu\/wp-content\/uploads\/2022\/04\/Chewy-candy-lozenges.jpg 600w\" sizes=\"(max-width: 201px) 100vw, 201px\" \/><img decoding=\"async\" class=\"alignnone wp-image-2642\" src=\"https:\/\/cormac.eu\/wp-content\/uploads\/2022\/04\/Mentos-Choco.jpg\" alt=\"\" width=\"184\" height=\"135\" \/><\/p>\n<p>&nbsp;<\/p>\n<table>\n<tbody>\n<tr>\n<td width=\"302\"><strong>Caracter\u00edsticas<\/strong><\/td>\n<td width=\"302\"><strong>Beneficios<\/strong><\/td>\n<\/tr>\n<tr>\n<td width=\"302\">Niveles de productos extragrandes<\/td>\n<td width=\"302\">\n<ul>\n<li>Laminado constante de productos<\/li>\n<li>Evita la deformaci\u00f3n<\/li>\n<\/ul>\n<\/td>\n<\/tr>\n<tr>\n<td width=\"302\">Sistema de flujo de aire de refrigeraci\u00f3n \u00f3ptimo<\/td>\n<td width=\"302\">\n<ul>\n<li>Alta capacidad<\/li>\n<li>Refrigeraci\u00f3n uniforme<\/li>\n<\/ul>\n<\/td>\n<\/tr>\n<tr>\n<td width=\"302\">Conexiones de m\u00f3dem<\/td>\n<td width=\"302\">\n<ul>\n<li>Posibilidad de asistencia a distancia<\/li>\n<\/ul>\n<\/td>\n<\/tr>\n<tr>\n<td width=\"302\">Ejecuci\u00f3n en acero inoxidable<\/td>\n<td width=\"302\">\n<ul>\n<li>Higiene<\/li>\n<li>f\u00e1cil limpieza<\/li>\n<\/ul>\n<\/td>\n<\/tr>\n<\/tbody>\n<\/table>\n<p>&nbsp;<\/p>\n<table>\n<tbody>\n<tr>\n<td width=\"201\">\n<p style=\"text-align: center;\">\n<\/td>\n<td style=\"text-align: center;\" width=\"201\"><strong>Modelo CTM-6000<\/strong><\/td>\n<td width=\"201\">\n<p style=\"text-align: center;\"><strong>Modelo CTM-6000 C<\/strong><\/p>\n<\/td>\n<\/tr>\n<tr>\n<td width=\"201\"><strong>Capacidad<\/strong><\/td>\n<td width=\"201\">\n<p style=\"text-align: center;\">Hasta 1000 Kg\/hr<\/p>\n<\/td>\n<td width=\"201\">\n<p style=\"text-align: center;\">Hasta 1000 Kg\/hr<\/p>\n<\/td>\n<\/tr>\n<tr>\n<td width=\"201\"><strong>Nr. De niveles<\/strong><\/td>\n<td width=\"201\">\n<p style=\"text-align: center;\">3<\/p>\n<\/td>\n<td width=\"201\">\n<p style=\"text-align: center;\">3<\/p>\n<\/td>\n<\/tr>\n<tr>\n<td width=\"201\"><strong>Dimensiones<\/strong><\/td>\n<td width=\"201\">\n<p style=\"text-align: center;\">2985 x 1120 x 965 mm<\/p>\n<\/td>\n<td width=\"201\">\n<p style=\"text-align: center;\">3750 x 1710 x 1800 mm<\/p>\n<\/td>\n<\/tr>\n<tr>\n<td width=\"201\"><strong>Sistema de refrigeraci\u00f3n<\/strong><\/td>\n<td width=\"201\">\n<p style=\"text-align: center;\">Aire ambiente<\/p>\n<\/td>\n<td width=\"201\">\n<p style=\"text-align: center;\">Hasta 30 kW<\/p>\n<\/td>\n<\/tr>\n<tr>\n<td width=\"201\"><strong>Potencia<\/strong><\/td>\n<td width=\"201\">\n<p style=\"text-align: center;\">1,05 kW<\/p>\n<\/td>\n<td width=\"201\">\n<p style=\"text-align: center;\">1,05 kW + unidad de refrigeraci\u00f3n<\/p>\n<\/td>\n<\/tr>\n<\/tbody>\n<\/table>","protected":false},"excerpt":{"rendered":"<p>T\u00fanel de enfriamiento para enfriar piezas esf\u00e9ricas y cil\u00edndricas, macizas, huecas y rellenas.<\/p>","protected":false},"featured_media":2644,"comment_status":"open","ping_status":"closed","template":"","meta":{"uix_meta_title":"","uix_meta_description":"","uix_canonical_url":""},"product_brand":[],"product_cat":[104],"product_tag":[],"class_list":{"0":"post-2643","1":"product","2":"type-product","3":"status-publish","4":"has-post-thumbnail","6":"product_cat-processing","8":"first","9":"instock","10":"shipping-taxable","11":"product-type-simple"},"_links":{"self":[{"href":"https:\/\/cormac.eu\/es\/wp-json\/wp\/v2\/product\/2643","targetHints":{"allow":["GET"]}}],"collection":[{"href":"https:\/\/cormac.eu\/es\/wp-json\/wp\/v2\/product"}],"about":[{"href":"https:\/\/cormac.eu\/es\/wp-json\/wp\/v2\/types\/product"}],"replies":[{"embeddable":true,"href":"https:\/\/cormac.eu\/es\/wp-json\/wp\/v2\/comments?post=2643"}],"wp:featuredmedia":[{"embeddable":true,"href":"https:\/\/cormac.eu\/es\/wp-json\/wp\/v2\/media\/2644"}],"wp:attachment":[{"href":"https:\/\/cormac.eu\/es\/wp-json\/wp\/v2\/media?parent=2643"}],"wp:term":[{"taxonomy":"product_brand","embeddable":true,"href":"https:\/\/cormac.eu\/es\/wp-json\/wp\/v2\/product_brand?post=2643"},{"taxonomy":"product_cat","embeddable":true,"href":"https:\/\/cormac.eu\/es\/wp-json\/wp\/v2\/product_cat?post=2643"},{"taxonomy":"product_tag","embeddable":true,"href":"https:\/\/cormac.eu\/es\/wp-json\/wp\/v2\/product_tag?post=2643"}],"curies":[{"name":"wp","href":"https:\/\/api.w.org\/{rel}","templated":true}]}}