{"id":2488,"date":"2022-04-07T23:03:37","date_gmt":"2022-04-07T21:03:37","guid":{"rendered":"https:\/\/cormac.eu\/?post_type=product&#038;p=2488"},"modified":"2022-05-30T16:26:45","modified_gmt":"2022-05-30T14:26:45","slug":"bomba-de-chocolate-bch","status":"publish","type":"product","link":"https:\/\/cormac.eu\/es\/product\/bch-chocolate-pump\/","title":{"rendered":"Bomba de chocolate BCH"},"content":{"rendered":"<p>Las bombas de chocolate Lloveras BCH son ideales para el trasiego de chocolate, compuestos, cremas y masas similares en flujos uniformes sin alterar los valores intr\u00ednsecos de temperatura y viscosidad. Esta bomba de engranajes consta de un cuerpo de doble camisa, preparado para ser conectado a un circuito de agua de calefacci\u00f3n.  La masa se transporta mediante un motorreductor de velocidad, cuya fuerza se transmite a trav\u00e9s de un acoplamiento mec\u00e1nico al cuerpo de la bomba. Los engranajes internos bombean la masa. Las bombas multivelocidad, tanto mec\u00e1nicas como electr\u00f3nicas, permiten bombear productos como licor y manteca de cacao, grasas l\u00edquidas y otras masas con contenidos relativamente altos de grasa. La bomba Lloveras tipo BCH est\u00e1 provista de las correspondientes bridas y juntas de entrada y salida que facilitan su instalaci\u00f3n. Tambi\u00e9n disponemos de piezas de repuesto para estas bombas.<\/p>\n<p><strong>Tipos <\/strong>(<em>disponibilidad por confirmar previa solicitud<\/em>)<\/p>\n<table style=\"height: 265px;\" width=\"754\">\n<tbody>\n<tr>\n<td width=\"144\"><\/td>\n<td width=\"153\">\n<p style=\"text-align: center;\"><strong>BCH-40<\/strong><\/p>\n<\/td>\n<td style=\"text-align: center;\" width=\"153\"><strong>BCH-55<\/strong><\/td>\n<td width=\"153\">\n<p style=\"text-align: center;\"><strong>BCH- 70<\/strong><\/p>\n<\/td>\n<\/tr>\n<tr>\n<td width=\"144\">\n<p style=\"text-align: center;\"><strong>kW<\/strong><\/p>\n<\/td>\n<td width=\"153\">\n<p style=\"text-align: center;\">0,55 - 0,75<\/p>\n<\/td>\n<td style=\"text-align: center;\" width=\"153\">1,1 - 1,5 - 2,2<\/td>\n<td width=\"153\">\n<p style=\"text-align: center;\">3 - 4 - 5,5 - 11<\/p>\n<\/td>\n<\/tr>\n<tr>\n<td width=\"144\">\n<p style=\"text-align: center;\"><strong>rpm<\/strong><\/p>\n<\/td>\n<td width=\"153\">\u00a0120\u00a0 \u00a0~ \u00a0\u00a0\u00a0200 \u00a0~ \u00a0\u00a0\u00a0250<\/td>\n<td width=\"153\">120\u00a0\u00a0 ~ \u00a0\u00a0\u00a0200 \u00a0~\u00a0 \u00a0250<\/td>\n<td width=\"153\">\u00a0\u00a0155 \u00a0~ \u00a0\u00a0205 ~ \u00a0\u00a0\u00a0\u00a0255<\/td>\n<\/tr>\n<tr>\n<td width=\"144\">\n<p style=\"text-align: center;\"><strong>l\/h<\/strong><\/p>\n<\/td>\n<td width=\"153\">\u00a0 870\u00a0 ~ \u00a01140 \u00a0~ \u00a01800<\/td>\n<td width=\"153\">2400 ~ \u00a04000 ~ \u00a05000<\/td>\n<td width=\"153\">7500 \u00a0~ 9900 ~ 12300<\/td>\n<\/tr>\n<\/tbody>\n<\/table>\n<p>&nbsp;<\/p>\n<table width=\"604\">\n<tbody>\n<tr>\n<td width=\"302\">\n<p style=\"text-align: center;\"><strong>Caracter\u00edsticas<\/strong><\/p>\n<\/td>\n<td width=\"302\">\n<p style=\"text-align: center;\"><strong>Beneficios<\/strong><\/p>\n<\/td>\n<\/tr>\n<tr>\n<td width=\"302\">Motor aislado<\/td>\n<td width=\"302\">\n<ul>\n<li>Sin contaminaci\u00f3n del producto<\/li>\n<\/ul>\n<\/td>\n<\/tr>\n<tr>\n<td width=\"302\">Rodamientos y juntas de alta calidad<\/td>\n<td width=\"302\">\n<ul>\n<li>Evitar fugas externas<\/li>\n<\/ul>\n<\/td>\n<\/tr>\n<tr>\n<td width=\"302\">Posicionamiento lateral de la entrada y salida del producto<\/td>\n<td width=\"302\">\n<ul>\n<li>\u00a0No se alteran las caracter\u00edsticas f\u00edsicas de la masa<\/li>\n<\/ul>\n<\/td>\n<\/tr>\n<tr>\n<td width=\"302\">Cuerpo de bomba de doble camisa<\/td>\n<td width=\"302\">\n<ul>\n<li>excelente control de la temperatura<\/li>\n<li>flujo uniforme constante<\/li>\n<\/ul>\n<\/td>\n<\/tr>\n<\/tbody>\n<\/table>\n<p>&nbsp;<\/p>","protected":false},"excerpt":{"rendered":"<p>Bomba para el trasiego de chocolate, compuestos, cremas y masas similares.<\/p>","protected":false},"featured_media":2486,"comment_status":"open","ping_status":"closed","template":"","meta":{"uix_meta_title":"","uix_meta_description":"","uix_canonical_url":""},"product_brand":[],"product_cat":[104],"product_tag":[],"class_list":{"0":"post-2488","1":"product","2":"type-product","3":"status-publish","4":"has-post-thumbnail","6":"product_cat-processing","8":"first","9":"instock","10":"shipping-taxable","11":"product-type-simple"},"_links":{"self":[{"href":"https:\/\/cormac.eu\/es\/wp-json\/wp\/v2\/product\/2488","targetHints":{"allow":["GET"]}}],"collection":[{"href":"https:\/\/cormac.eu\/es\/wp-json\/wp\/v2\/product"}],"about":[{"href":"https:\/\/cormac.eu\/es\/wp-json\/wp\/v2\/types\/product"}],"replies":[{"embeddable":true,"href":"https:\/\/cormac.eu\/es\/wp-json\/wp\/v2\/comments?post=2488"}],"wp:featuredmedia":[{"embeddable":true,"href":"https:\/\/cormac.eu\/es\/wp-json\/wp\/v2\/media\/2486"}],"wp:attachment":[{"href":"https:\/\/cormac.eu\/es\/wp-json\/wp\/v2\/media?parent=2488"}],"wp:term":[{"taxonomy":"product_brand","embeddable":true,"href":"https:\/\/cormac.eu\/es\/wp-json\/wp\/v2\/product_brand?post=2488"},{"taxonomy":"product_cat","embeddable":true,"href":"https:\/\/cormac.eu\/es\/wp-json\/wp\/v2\/product_cat?post=2488"},{"taxonomy":"product_tag","embeddable":true,"href":"https:\/\/cormac.eu\/es\/wp-json\/wp\/v2\/product_tag?post=2488"}],"curies":[{"name":"wp","href":"https:\/\/api.w.org\/{rel}","templated":true}]}}