{"id":2437,"date":"2022-04-01T23:08:48","date_gmt":"2022-04-01T21:08:48","guid":{"rendered":"https:\/\/cormac.eu\/?post_type=product&#038;p=2437"},"modified":"2022-06-06T00:35:29","modified_gmt":"2022-06-05T22:35:29","slug":"lavadora-de-contenedores-2","status":"publish","type":"product","link":"https:\/\/cormac.eu\/es\/product\/bin-washer\/","title":{"rendered":"Lavadora de contenedores"},"content":{"rendered":"<p>Las lavadoras de contenedores se pueden utilizar para lavar y limpiar diferentes tipos de contenedores con ruedas o sin ruedas. Tambi\u00e9n son perfectas para lavar palets y contenedores IBC. Las m\u00e1quinas se fabrican a medida en funci\u00f3n de las medidas y caracter\u00edsticas de sus contenedores de alimentos y residuos. La m\u00e1quina se puede suministrar con rampa en caso de que el suelo est\u00e9 elevado. En caso contrario, tambi\u00e9n es posible suministrar un dise\u00f1o adecuado para ser instalado en un foso. El contenedor gira por medio de un patr\u00f3n de indexaci\u00f3n controlado por PLC que proporciona una variabilidad de estilo infinita. De este modo, se higienizan todas las superficies del interior y el exterior de los contenedores. La m\u00e1quina puede ser manejada por una sola persona.<\/p>\n<p>&nbsp;<\/p>\n<table width=\"604\">\n<tbody>\n<tr>\n<td width=\"302\"><strong>Caracter\u00edsticas<\/strong><\/td>\n<td width=\"302\"><strong>Beneficios<\/strong><\/td>\n<\/tr>\n<tr>\n<td width=\"302\">Construcci\u00f3n de acero inoxidable<\/td>\n<td width=\"302\">\n<ul>\n<li>R\u00edgido<\/li>\n<li>Higi\u00e9nico<\/li>\n<\/ul>\n<\/td>\n<\/tr>\n<tr>\n<td width=\"302\">Sistema de chorro de alta eficacia<\/td>\n<td width=\"302\">\n<ul>\n<li>Limpieza intensa<\/li>\n<\/ul>\n<\/td>\n<\/tr>\n<tr>\n<td width=\"302\">Lavado de contenedores con recirculaci\u00f3n<\/td>\n<td width=\"302\">\n<ul>\n<li>Reducir el consumo de agua<\/li>\n<\/ul>\n<\/td>\n<\/tr>\n<tr>\n<td width=\"302\">Controles de pantalla t\u00e1ctil<\/td>\n<td width=\"302\">\n<ul>\n<li>Selecci\u00f3n de par\u00e1metros<\/li>\n<li>Registro y almacenamiento de datos<\/li>\n<li>Control del tiempo de lavado y aclarado<\/li>\n<li>M\u00faltiples programas de lavado<\/li>\n<\/ul>\n<\/td>\n<\/tr>\n<tr>\n<td width=\"302\">Dise\u00f1o que ahorra energ\u00eda<\/td>\n<td width=\"302\">\n<ul>\n<li>Menor consumo de detergente<\/li>\n<li>Menor coste de funcionamiento<\/li>\n<li>Menos impacto en el medio ambiente<\/li>\n<\/ul>\n<\/td>\n<\/tr>\n<tr>\n<td width=\"302\">Ciclos de lavado, aclarado y secado<\/td>\n<td width=\"302\">\n<ul>\n<li>Excelentes resultados de limpieza<\/li>\n<\/ul>\n<\/td>\n<\/tr>\n<tr>\n<td width=\"302\">Equipamiento opcional<\/td>\n<td width=\"302\">\n<ul>\n<li>Dep\u00f3sito de refuerzo de aclarado (con bomba)<\/li>\n<li>Calefacci\u00f3n de vapor, gas o el\u00e9ctrica<\/li>\n<li>Ejecuci\u00f3n de dos puertas<\/li>\n<li>Ventilador de extracci\u00f3n de vapor (acero inoxidable)<\/li>\n<li>Dispensador de detergente de lavado y aclarado<\/li>\n<li>Alimentaci\u00f3n y descarga autom\u00e1ticas del transportador<\/li>\n<li>Higienizador autom\u00e1tico de contenedores<\/li>\n<li>Rejilla especial para el lavado de tapas<\/li>\n<li>Enjuague final con agua dulce<\/li>\n<\/ul>\n<\/td>\n<\/tr>\n<\/tbody>\n<\/table>","protected":false},"excerpt":{"rendered":"<p>Lavadora para contenedores con o sin ruedas, palets y contenedores IBC.<\/p>","protected":false},"featured_media":2436,"comment_status":"open","ping_status":"closed","template":"","meta":{"uix_meta_title":"","uix_meta_description":"","uix_canonical_url":""},"product_brand":[],"product_cat":[108],"product_tag":[],"class_list":{"0":"post-2437","1":"product","2":"type-product","3":"status-publish","4":"has-post-thumbnail","6":"product_cat-hygiene","8":"first","9":"instock","10":"shipping-taxable","11":"product-type-simple"},"_links":{"self":[{"href":"https:\/\/cormac.eu\/es\/wp-json\/wp\/v2\/product\/2437","targetHints":{"allow":["GET"]}}],"collection":[{"href":"https:\/\/cormac.eu\/es\/wp-json\/wp\/v2\/product"}],"about":[{"href":"https:\/\/cormac.eu\/es\/wp-json\/wp\/v2\/types\/product"}],"replies":[{"embeddable":true,"href":"https:\/\/cormac.eu\/es\/wp-json\/wp\/v2\/comments?post=2437"}],"wp:featuredmedia":[{"embeddable":true,"href":"https:\/\/cormac.eu\/es\/wp-json\/wp\/v2\/media\/2436"}],"wp:attachment":[{"href":"https:\/\/cormac.eu\/es\/wp-json\/wp\/v2\/media?parent=2437"}],"wp:term":[{"taxonomy":"product_brand","embeddable":true,"href":"https:\/\/cormac.eu\/es\/wp-json\/wp\/v2\/product_brand?post=2437"},{"taxonomy":"product_cat","embeddable":true,"href":"https:\/\/cormac.eu\/es\/wp-json\/wp\/v2\/product_cat?post=2437"},{"taxonomy":"product_tag","embeddable":true,"href":"https:\/\/cormac.eu\/es\/wp-json\/wp\/v2\/product_tag?post=2437"}],"curies":[{"name":"wp","href":"https:\/\/api.w.org\/{rel}","templated":true}]}}