{"id":2433,"date":"2022-04-01T22:38:57","date_gmt":"2022-04-01T20:38:57","guid":{"rendered":"https:\/\/cormac.eu\/?post_type=product&#038;p=2433"},"modified":"2022-06-06T00:36:17","modified_gmt":"2022-06-05T22:36:17","slug":"chocolate-plaque-washers","status":"publish","type":"product","link":"https:\/\/cormac.eu\/es\/product\/chocolate-plaque-washers\/","title":{"rendered":"Arandelas para moldes y placas de chocolate"},"content":{"rendered":"<p>The Newsmith Chocolate Mould and Plaque washers can be built both in single and in multi lane execution. They are used not only for the washing of chocolate moulds and plaques, but also for different plastic trays.<br \/>\nThey are generally more compact than other similar purpose machines in the market, mostly staying under 4 meters in length..These are special purpose machines built to customer requirement. Multiple cycle options include for instance pre-wash, wash, multiple rinsing and drying.<\/p>\n<p>&nbsp;<\/p>\n<table width=\"604\">\n<tbody>\n<tr>\n<td width=\"302\"><strong>Caracter\u00edsticas<\/strong><\/td>\n<td width=\"302\"><strong>Beneficios<\/strong><\/td>\n<\/tr>\n<tr>\n<td width=\"302\">Construcci\u00f3n de acero inoxidable<\/td>\n<td width=\"302\">\n<ul>\n<li>R\u00edgido<\/li>\n<li>Higi\u00e9nico<\/li>\n<\/ul>\n<\/td>\n<\/tr>\n<tr>\n<td width=\"302\">Ventilated loading &amp; work station<\/td>\n<td width=\"302\">\n<ul>\n<li>F\u00e1cil manejo<\/li>\n<\/ul>\n<\/td>\n<\/tr>\n<tr>\n<td width=\"302\">Controles de pantalla t\u00e1ctil<\/td>\n<td width=\"302\">\n<ul>\n<li>Soft start<\/li>\n<li>Selecci\u00f3n de par\u00e1metros<\/li>\n<li>Registro y almacenamiento de datos<\/li>\n<li>Printing &amp; r<span style=\"font-family: inherit;font-size: inherit\">emote download<\/span><\/li>\n<\/ul>\n<\/td>\n<\/tr>\n<tr>\n<td width=\"302\">Dise\u00f1o que ahorra energ\u00eda<\/td>\n<td width=\"302\">\n<ul>\n<li>Menor consumo de detergente<\/li>\n<li>Menor coste de funcionamiento<\/li>\n<li>Menos impacto en el medio ambiente<\/li>\n<\/ul>\n<\/td>\n<\/tr>\n<tr>\n<td width=\"302\">Full drying option<\/td>\n<td width=\"302\">\n<ul>\n<li>Extra dry objects<\/li>\n<\/ul>\n<\/td>\n<\/tr>\n<tr>\n<td width=\"302\">Ciclos de lavado, aclarado y secado<\/td>\n<td width=\"302\">\n<ul>\n<li>Excelentes resultados de limpieza<\/li>\n<\/ul>\n<\/td>\n<\/tr>\n<tr>\n<td width=\"302\">Equipamiento opcional<\/td>\n<td width=\"302\">\n<ul>\n<li>Steam, gas, electric or hot water heating<\/li>\n<\/ul>\n<\/td>\n<\/tr>\n<\/tbody>\n<\/table>\n<p>&nbsp;<\/p>","protected":false},"excerpt":{"rendered":"<p>Lavadora en ejecuci\u00f3n de una o varias v\u00edas para moldes de chocolate, placas de chocolate y bandejas de pl\u00e1stico.<\/p>","protected":false},"featured_media":2434,"comment_status":"open","ping_status":"closed","template":"","meta":{"uix_meta_title":"","uix_meta_description":"","uix_canonical_url":""},"product_brand":[],"product_cat":[108],"product_tag":[],"class_list":{"0":"post-2433","1":"product","2":"type-product","3":"status-publish","4":"has-post-thumbnail","6":"product_cat-hygiene","8":"first","9":"instock","10":"shipping-taxable","11":"product-type-simple"},"_links":{"self":[{"href":"https:\/\/cormac.eu\/es\/wp-json\/wp\/v2\/product\/2433","targetHints":{"allow":["GET"]}}],"collection":[{"href":"https:\/\/cormac.eu\/es\/wp-json\/wp\/v2\/product"}],"about":[{"href":"https:\/\/cormac.eu\/es\/wp-json\/wp\/v2\/types\/product"}],"replies":[{"embeddable":true,"href":"https:\/\/cormac.eu\/es\/wp-json\/wp\/v2\/comments?post=2433"}],"wp:featuredmedia":[{"embeddable":true,"href":"https:\/\/cormac.eu\/es\/wp-json\/wp\/v2\/media\/2434"}],"wp:attachment":[{"href":"https:\/\/cormac.eu\/es\/wp-json\/wp\/v2\/media?parent=2433"}],"wp:term":[{"taxonomy":"product_brand","embeddable":true,"href":"https:\/\/cormac.eu\/es\/wp-json\/wp\/v2\/product_brand?post=2433"},{"taxonomy":"product_cat","embeddable":true,"href":"https:\/\/cormac.eu\/es\/wp-json\/wp\/v2\/product_cat?post=2433"},{"taxonomy":"product_tag","embeddable":true,"href":"https:\/\/cormac.eu\/es\/wp-json\/wp\/v2\/product_tag?post=2433"}],"curies":[{"name":"wp","href":"https:\/\/api.w.org\/{rel}","templated":true}]}}