{"id":1911,"date":"2021-08-12T16:01:33","date_gmt":"2021-08-12T14:01:33","guid":{"rendered":"https:\/\/cormac.tijdelijk.org\/?post_type=product&#038;p=1911"},"modified":"2022-06-06T00:45:26","modified_gmt":"2022-06-05T22:45:26","slug":"newsmith-batch-galaxy","status":"publish","type":"product","link":"https:\/\/cormac.eu\/es\/product\/newsmith-batch-galaxy\/","title":{"rendered":"Lote Galaxy"},"content":{"rendered":"<p>Lavadora compacta polivalente de alto rendimiento, ideal para instalaciones con poco espacio. M\u00e1quina potente pero sencilla, construida totalmente en acero inoxidable. La acci\u00f3n continua de la lavadora giratoria proporciona una acci\u00f3n \"similar al fregado\". La mesa giratoria garantiza que los art\u00edculos que se limpian queden expuestos a los aerosoles de detergente caliente a alta presi\u00f3n en varios \u00e1ngulos. La Batch Galaxy est\u00e1 disponible en varios tama\u00f1os, capaces de admitir cargas diversas, de acuerdo con los requisitos de nuestros clientes. Sus ciclos incluyen lavado, aclarado y secado. Esta m\u00e1quina se utiliza a menudo para moldes y utensilios de chocolate en plantas de confiter\u00eda o panader\u00eda, pero tambi\u00e9n es adecuada para otras industrias alimentarias.<\/p>\n<p>&nbsp;<\/p>\n<h3>Rango de capacidad<\/h3>\n<p>Seg\u00fan el tama\u00f1o y la forma de los objetos a lavar<\/p>\n<p>&nbsp;<\/p>\n<table class=\"features\" border=\"0\">\n<tbody>\n<tr>\n<td><strong>Caracter\u00edsticas<\/strong><\/td>\n<td><strong>Beneficios<\/strong><\/td>\n<\/tr>\n<tr>\n<td>M\u00e1quina compacta<\/td>\n<td>\n<ul>\n<li>ahorro de espacio<\/li>\n<li>f\u00e1cil manejo<\/li>\n<\/ul>\n<\/td>\n<\/tr>\n<tr>\n<td>\u00a0Bomba de lavado de 5,5 kW<\/td>\n<td>\n<ul>\n<li>Alto poder de limpieza<\/li>\n<\/ul>\n<\/td>\n<\/tr>\n<tr>\n<td>Ciclos de m\u00e1quina controlados autom\u00e1ticamente<\/td>\n<td>\n<ul>\n<li>Minimizar el consumo de energ\u00eda, agua y detergente<\/li>\n<\/ul>\n<\/td>\n<\/tr>\n<tr>\n<td>Paneles desmontables<\/td>\n<td>\n<ul>\n<li>Acceso total<\/li>\n<\/ul>\n<\/td>\n<\/tr>\n<tr>\n<td>Puerta grande<\/td>\n<td>\n<ul>\n<li>F\u00e1cil de cargar<\/li>\n<\/ul>\n<\/td>\n<\/tr>\n<\/tbody>\n<\/table>","protected":false},"excerpt":{"rendered":"<p>Potente pero sencilla lavadora multiusos compacta y vers\u00e1til de alto rendimiento, ideal para instalaciones con poco espacio, construida totalmente en acero inoxidable.<\/p>","protected":false},"featured_media":2417,"comment_status":"open","ping_status":"closed","template":"","meta":{"uix_meta_title":"","uix_meta_description":"","uix_canonical_url":""},"product_brand":[],"product_cat":[108],"product_tag":[],"class_list":{"0":"post-1911","1":"product","2":"type-product","3":"status-publish","4":"has-post-thumbnail","6":"product_cat-hygiene","8":"first","9":"instock","10":"shipping-taxable","11":"purchasable","12":"product-type-simple"},"_links":{"self":[{"href":"https:\/\/cormac.eu\/es\/wp-json\/wp\/v2\/product\/1911","targetHints":{"allow":["GET"]}}],"collection":[{"href":"https:\/\/cormac.eu\/es\/wp-json\/wp\/v2\/product"}],"about":[{"href":"https:\/\/cormac.eu\/es\/wp-json\/wp\/v2\/types\/product"}],"replies":[{"embeddable":true,"href":"https:\/\/cormac.eu\/es\/wp-json\/wp\/v2\/comments?post=1911"}],"wp:featuredmedia":[{"embeddable":true,"href":"https:\/\/cormac.eu\/es\/wp-json\/wp\/v2\/media\/2417"}],"wp:attachment":[{"href":"https:\/\/cormac.eu\/es\/wp-json\/wp\/v2\/media?parent=1911"}],"wp:term":[{"taxonomy":"product_brand","embeddable":true,"href":"https:\/\/cormac.eu\/es\/wp-json\/wp\/v2\/product_brand?post=1911"},{"taxonomy":"product_cat","embeddable":true,"href":"https:\/\/cormac.eu\/es\/wp-json\/wp\/v2\/product_cat?post=1911"},{"taxonomy":"product_tag","embeddable":true,"href":"https:\/\/cormac.eu\/es\/wp-json\/wp\/v2\/product_tag?post=1911"}],"curies":[{"name":"wp","href":"https:\/\/api.w.org\/{rel}","templated":true}]}}