{"id":1904,"date":"2021-08-12T15:51:32","date_gmt":"2021-08-12T13:51:32","guid":{"rendered":"https:\/\/cormac.tijdelijk.org\/?post_type=product&#038;p=1904"},"modified":"2022-04-21T22:28:06","modified_gmt":"2022-04-21T20:28:06","slug":"envoltura-rasch-fi","status":"publish","type":"product","link":"https:\/\/cormac.eu\/es\/product\/rasch-fi-wrapper\/","title":{"rendered":"Envolvedora de figuras FI"},"content":{"rendered":"<p>Envolvedora hecha a medida especialmente para figuras huecas (sim\u00e9tricas y asim\u00e9tricas) como conejos, conejos sentados, Pap\u00e1 Noel y figuras similares. Especialmente desarrollado por Rasch es el llamado pliegue en Z, que es de hecho un triple pliegue en la parte posterior de la figura, evitando que una parte brillante no impresa de la l\u00e1mina pueda verse en la costura. En combinaci\u00f3n con una t\u00e9cnica precisa de termosellado, se obtienen productos perfectamente envueltos en los que se siguen todos los detalles del relieve.  La alimentaci\u00f3n de la m\u00e1quina puede realizarse manual o autom\u00e1ticamente mediante varios sistemas de alimentaci\u00f3n disponibles. Peso aprox. 3400 kg; Potencia 3,5 kVA;<\/p>\n<p>Aplicaci\u00f3n : figuras, todo tipo de figuras huecas como: Papa Noel, Angel, Pollo, Osito de peluche, Ping\u00fcino, Conejo , Liebre, Figuras de comic etc.<br \/>\nEstilo de envoltura: plegado frontal, termosellado, etiquetado, estampado de figuras, costura posterior;<\/p>\n<p><img decoding=\"async\" class=\"alignnone wp-image-2698\" src=\"https:\/\/cormac.eu\/wp-content\/uploads\/2022\/04\/sample-2.jpg\" alt=\"\" width=\"120\" height=\"129\" \/><img decoding=\"async\" class=\"alignnone wp-image-2741\" src=\"https:\/\/cormac.eu\/wp-content\/uploads\/2022\/04\/Product-Knipsel.jpg\" alt=\"\" width=\"107\" height=\"148\" \/><img decoding=\"async\" class=\"alignnone wp-image-2697\" src=\"https:\/\/cormac.eu\/wp-content\/uploads\/2022\/04\/sample-1.jpg\" alt=\"\" width=\"163\" height=\"118\" \/><\/p>\n<p>Gama de capacidades: Hasta 33, 50 \u00f3 60 productos por minuto, seg\u00fan el modelo y las caracter\u00edsticas del producto.<\/p>\n<table>\n<tbody>\n<tr>\n<td width=\"293\">\n<p style=\"text-align: center\"><strong>Caracter\u00edsticas ( algunas opcionales)<\/strong><\/p>\n<\/td>\n<td width=\"293\">\n<p style=\"text-align: center\"><strong>Beneficios<\/strong><\/p>\n<\/td>\n<\/tr>\n<tr>\n<td width=\"293\">Servomotor<\/td>\n<td width=\"293\">\n<ul>\n<li>Sincronizaci\u00f3n precisa de los m\u00f3dulos<\/li>\n<\/ul>\n<\/td>\n<\/tr>\n<tr>\n<td width=\"293\">Sistemas de cambio r\u00e1pido<\/td>\n<td width=\"293\">\n<ul>\n<li>Menos tiempo de inactividad<\/li>\n<\/ul>\n<\/td>\n<\/tr>\n<tr>\n<td width=\"293\">Anillos especiales para osos sin mantenimiento<\/td>\n<td width=\"293\">\n<ul>\n<li>Bajo coste de mantenimiento<\/li>\n<\/ul>\n<\/td>\n<\/tr>\n<tr>\n<td width=\"293\">C\u00e9lula fotoel\u00e9ctrica<\/td>\n<td width=\"293\">\n<ul>\n<li>Sin contacto con el producto<\/li>\n<\/ul>\n<\/td>\n<\/tr>\n<tr>\n<td width=\"293\">Controlador y sistema de supervisi\u00f3n programables<\/td>\n<td width=\"293\">\n<ul>\n<li>Producci\u00f3n ininterrumpida<\/li>\n<\/ul>\n<\/td>\n<\/tr>\n<tr>\n<td width=\"293\">Sistema de alimentaci\u00f3n Pick &amp; Place<\/td>\n<td width=\"293\">\n<ul>\n<li>Mayor eficacia e higiene<\/li>\n<\/ul>\n<\/td>\n<\/tr>\n<tr>\n<td width=\"293\">Construcci\u00f3n robusta<\/td>\n<td width=\"293\">\n<ul>\n<li>Marcha estable Alto valor de reposo de la m\u00e1quina<\/li>\n<\/ul>\n<\/td>\n<\/tr>\n<tr>\n<td width=\"293\">Plegado en Z \/ Plegado triple<\/td>\n<td width=\"293\">\n<ul>\n<li>Sin partes brillantes de l\u00e1mina sin imprimir visibles en la costura<\/li>\n<\/ul>\n<\/td>\n<\/tr>\n<tr>\n<td width=\"293\">Estaci\u00f3n de alisado de figuras<\/td>\n<td width=\"293\">\n<ul>\n<li>Aspecto liso y tacto suave<\/li>\n<\/ul>\n<\/td>\n<\/tr>\n<tr>\n<td width=\"293\">Dispositivo de fijaci\u00f3n de etiquetas<\/td>\n<td width=\"293\">\n<ul>\n<li>M\u00e1s informaci\u00f3n<\/li>\n<\/ul>\n<\/td>\n<\/tr>\n<\/tbody>\n<\/table>","protected":false},"excerpt":{"rendered":"<p>Las series FI-14, FI-15 y FI-16 de Rasch son m\u00e1quinas envolvedoras espec\u00edficas para figuras huecas (sim\u00e9tricas y asim\u00e9tricas) como conejos, conejos sentados, Pap\u00e1 Noel y figuras similares.<\/p>","protected":false},"featured_media":2742,"comment_status":"open","ping_status":"closed","template":"","meta":{"uix_meta_title":"","uix_meta_description":"","uix_canonical_url":""},"product_brand":[],"product_cat":[105],"product_tag":[],"class_list":{"0":"post-1904","1":"product","2":"type-product","3":"status-publish","4":"has-post-thumbnail","6":"product_cat-packaging","8":"first","9":"instock","10":"shipping-taxable","11":"product-type-simple"},"_links":{"self":[{"href":"https:\/\/cormac.eu\/es\/wp-json\/wp\/v2\/product\/1904","targetHints":{"allow":["GET"]}}],"collection":[{"href":"https:\/\/cormac.eu\/es\/wp-json\/wp\/v2\/product"}],"about":[{"href":"https:\/\/cormac.eu\/es\/wp-json\/wp\/v2\/types\/product"}],"replies":[{"embeddable":true,"href":"https:\/\/cormac.eu\/es\/wp-json\/wp\/v2\/comments?post=1904"}],"wp:featuredmedia":[{"embeddable":true,"href":"https:\/\/cormac.eu\/es\/wp-json\/wp\/v2\/media\/2742"}],"wp:attachment":[{"href":"https:\/\/cormac.eu\/es\/wp-json\/wp\/v2\/media?parent=1904"}],"wp:term":[{"taxonomy":"product_brand","embeddable":true,"href":"https:\/\/cormac.eu\/es\/wp-json\/wp\/v2\/product_brand?post=1904"},{"taxonomy":"product_cat","embeddable":true,"href":"https:\/\/cormac.eu\/es\/wp-json\/wp\/v2\/product_cat?post=1904"},{"taxonomy":"product_tag","embeddable":true,"href":"https:\/\/cormac.eu\/es\/wp-json\/wp\/v2\/product_tag?post=1904"}],"curies":[{"name":"wp","href":"https:\/\/api.w.org\/{rel}","templated":true}]}}