{"id":1897,"date":"2021-08-12T15:43:34","date_gmt":"2021-08-12T13:43:34","guid":{"rendered":"https:\/\/cormac.tijdelijk.org\/?post_type=product&#038;p=1897"},"modified":"2022-04-11T15:31:47","modified_gmt":"2022-04-11T13:31:47","slug":"envasadora-tecnopack-fp020e-2","status":"publish","type":"product","link":"https:\/\/cormac.eu\/es\/product\/tecnopack-fp020e-flowpacker\/","title":{"rendered":"Envasadora TecnoPack FP020E"},"content":{"rendered":"<p>La envasadora electr\u00f3nica horizontal flowpacker FP 020E de TecnoPack es la soluci\u00f3n de TecnoPack para los clientes que necesitan una m\u00e1quina compacta, de caracter\u00edsticas medias y f\u00e1cil de usar, que sea a la vez robusta y fiable y adecuada para el uso industrial. Este nuevo modelo recibe su nombre de nuestra primera envasadora (FP 020), seguido de la letra E, que significa electr\u00f3nica y tambi\u00e9n indica la evoluci\u00f3n tecnol\u00f3gica de nuestras t\u00e9cnicas de fabricaci\u00f3n desde hace 25 a\u00f1os. La experiencia pasada y presente, los conocimientos t\u00e9cnicos y las nuevas tecnolog\u00edas se han empleado sabiamente en esta peque\u00f1a envasadora para ofrecer una soluci\u00f3n de calidad incluso para las aplicaciones m\u00e1s exigentes.<\/p>\n<p>&nbsp;<\/p>\n<h3>Aplicaci\u00f3n<\/h3>\n<p>flowpacking de art\u00edculos alimentarios y no alimentarios. Dimensiones m\u00e1ximas del producto: anchura 200 mm * altura 120 mm; Dimensiones de la bobina: banda m\u00e1xima 520 mm - (m\u00e1x. 350 mm); Materiales de envasado: pel\u00edcula termosellable y selladoras en fr\u00edo.<\/p>\n<p>&nbsp;<\/p>\n<h3>Rango de capacidad<\/h3>\n<p>hasta 200 ppm<\/p>\n<p>&nbsp;<\/p>\n<table class=\"features\" border=\"0\">\n<tbody>\n<tr>\n<td><strong>Caracter\u00edsticas<\/strong><\/td>\n<td><strong>Beneficios<\/strong><\/td>\n<\/tr>\n<tr>\n<td>Bastidor en voladizo<\/td>\n<td>\n<ul>\n<li>F\u00e1cil acceso por todas partes<\/li>\n<li>F\u00e1cil limpieza<\/li>\n<\/ul>\n<\/td>\n<\/tr>\n<tr>\n<td>Unidad de sellado longitudinal con 3 pares de rodillos<\/td>\n<td>\n<ul>\n<li>Alineaci\u00f3n y control perfectos de la pel\u00edcula;<\/li>\n<\/ul>\n<\/td>\n<\/tr>\n<tr>\n<td>3 motores gestionados por control de ejes<\/td>\n<td>\n<ul>\n<li>control perfecto de la m\u00e1quina<\/li>\n<\/ul>\n<\/td>\n<\/tr>\n<tr>\n<td>Terminal de operador con pantalla alfanum\u00e9rica y teclado<\/td>\n<td>\n<ul>\n<li>f\u00e1cil manejo<\/li>\n<\/ul>\n<\/td>\n<\/tr>\n<tr>\n<td>Control electr\u00f3nico de temperatura regulado por termostato<\/td>\n<td>\n<ul>\n<li>alta integridad de sellado<\/li>\n<\/ul>\n<\/td>\n<\/tr>\n<\/tbody>\n<\/table>","protected":false},"excerpt":{"rendered":"<p>La empaquetadora electr\u00f3nica horizontal flowpacker FP 020E de TecnoPack es la soluci\u00f3n de TecnoPack para los clientes que necesitan una m\u00e1quina compacta, con funciones medias y f\u00e1cil de usar, que sea robusta y fiable, adem\u00e1s de adecuada para uso industrial.<\/p>","protected":false},"featured_media":1898,"comment_status":"open","ping_status":"closed","template":"","meta":{"uix_meta_title":"","uix_meta_description":"","uix_canonical_url":""},"product_brand":[],"product_cat":[105],"product_tag":[],"class_list":{"0":"post-1897","1":"product","2":"type-product","3":"status-publish","4":"has-post-thumbnail","6":"product_cat-packaging","8":"first","9":"instock","10":"shipping-taxable","11":"product-type-simple"},"_links":{"self":[{"href":"https:\/\/cormac.eu\/es\/wp-json\/wp\/v2\/product\/1897","targetHints":{"allow":["GET"]}}],"collection":[{"href":"https:\/\/cormac.eu\/es\/wp-json\/wp\/v2\/product"}],"about":[{"href":"https:\/\/cormac.eu\/es\/wp-json\/wp\/v2\/types\/product"}],"replies":[{"embeddable":true,"href":"https:\/\/cormac.eu\/es\/wp-json\/wp\/v2\/comments?post=1897"}],"wp:featuredmedia":[{"embeddable":true,"href":"https:\/\/cormac.eu\/es\/wp-json\/wp\/v2\/media\/1898"}],"wp:attachment":[{"href":"https:\/\/cormac.eu\/es\/wp-json\/wp\/v2\/media?parent=1897"}],"wp:term":[{"taxonomy":"product_brand","embeddable":true,"href":"https:\/\/cormac.eu\/es\/wp-json\/wp\/v2\/product_brand?post=1897"},{"taxonomy":"product_cat","embeddable":true,"href":"https:\/\/cormac.eu\/es\/wp-json\/wp\/v2\/product_cat?post=1897"},{"taxonomy":"product_tag","embeddable":true,"href":"https:\/\/cormac.eu\/es\/wp-json\/wp\/v2\/product_tag?post=1897"}],"curies":[{"name":"wp","href":"https:\/\/api.w.org\/{rel}","templated":true}]}}