{"id":184,"date":"2021-02-02T11:30:23","date_gmt":"2021-02-02T11:30:23","guid":{"rendered":"https:\/\/cormac.tijdelijk.org\/?post_type=product&#038;p=184"},"modified":"2022-05-30T16:27:13","modified_gmt":"2022-05-30T14:27:13","slug":"lloveras-sire-enrobing-line-2","status":"publish","type":"product","link":"https:\/\/cormac.eu\/es\/product\/lloveras-sire-enrobing-line\/","title":{"rendered":"L\u00ednea de recubrimiento Lloveras Sire"},"content":{"rendered":"<p>Las recubridoras Sire-N(N) de Lloveras ofrecen l\u00edneas de recubrimiento total y parcial. Las l\u00edneas Sire-N pueden recubrir cualquier tipo de producto, desde productos de confiter\u00eda hasta barquillos, galletas u otros productos de panader\u00eda. Las l\u00edneas pueden personalizarse a\u00f1adiendo componentes opcionales, como prebozadoras, cabezales de ba\u00f1ado dobles, rociadores de frutos secos y decoradores de cordones. Los t\u00faneles de enfriamiento de la l\u00ednea pueden ajustarse para enfriar los productos por convecci\u00f3n y\/o radiaci\u00f3n, seg\u00fan lo requiera el producto en cuesti\u00f3n, y pueden a\u00f1adirse una o m\u00e1s unidades de enfriamiento independientes. Todas las funciones se controlan mediante un completo panel de control. Se han incorporado nuevos componentes motorizados en todos los mecanismos que requieren control de movimiento con vistas a lograr la estandarizaci\u00f3n y la facilidad de sustituci\u00f3n. El uso de actuadores lineales y giratorios elimina la necesidad de suministrar aire comprimido.<\/p>\n<h3>Aplicaci\u00f3n<\/h3>\n<p>Recubrimiento de productos de confiter\u00eda y panader\u00eda con chocolate o compuesto, seguido de la deposici\u00f3n de frutos secos, la decoraci\u00f3n de cuerdas y el enfriamiento.<\/p>\n<p>&nbsp;<\/p>\n<h3>Rango de capacidad<\/h3>\n<p>Anchuras de 400, 500,600 800 y 12000 MM<br \/>\nLas capacidades dependen del producto, el grosor de la capa de revestimiento, el tipo de material de revestimiento y los tiempos de enfriamiento necesarios.<\/p>\n<p>&nbsp;<\/p>\n<table class=\"features\" border=\"0\">\n<tbody>\n<tr>\n<td><strong>Caracter\u00edsticas<\/strong><\/td>\n<td><strong>Beneficios<\/strong><\/td>\n<\/tr>\n<tr>\n<td>Dise\u00f1o Cantylever<\/td>\n<td>\n<ul>\n<li>F\u00e1cil acceso para el mantenimiento<\/li>\n<li>F\u00e1cil limpieza<\/li>\n<\/ul>\n<\/td>\n<\/tr>\n<tr>\n<td>Ejecuci\u00f3n totalmente en acero inoxidable con materiales aprobados por la FDA<\/td>\n<td>\n<ul>\n<li>Concepto compacto todo en uno<\/li>\n<\/ul>\n<\/td>\n<\/tr>\n<tr>\n<td>Dep\u00f3sito inferior y cinta transportadora desmontables<\/td>\n<td>\n<ul>\n<li>Prevenir la contaminaci\u00f3n del suelo<\/li>\n<li>F\u00e1cil cambio a otro tipo de chocolate<\/li>\n<li>M\u00f3dulo inferior enjuagable ( bassin chocolate)<\/li>\n<\/ul>\n<\/td>\n<\/tr>\n<tr>\n<td>Panel de control integrado<\/td>\n<td>\n<ul>\n<li>Control total del proceso<\/li>\n<li>F\u00e1cil manejo<\/li>\n<\/ul>\n<\/td>\n<\/tr>\n<tr>\n<td>Mesa de malla titulable el\u00e9ctricamente<\/td>\n<td>\n<ul>\n<li>buena ergonom\u00eda<\/li>\n<\/ul>\n<\/td>\n<\/tr>\n<tr>\n<td>Utilizaci\u00f3n de actuadores lineales y rotativos<\/td>\n<td>\n<ul>\n<li>Alto nivel de personalizaci\u00f3n<\/li>\n<\/ul>\n<\/td>\n<\/tr>\n<\/tbody>\n<\/table>","protected":false},"excerpt":{"rendered":"<p>Las recubridoras Lloveras Sire-N(N) ofrecen lo \u00faltimo en l\u00edneas de recubrimiento total y parcial. Vienen en seis anchos de malla que van de 400 a 12000 MM y ofrecen una amplia gama de posibilidades de recubrimiento.<\/p>","protected":false},"featured_media":995,"comment_status":"open","ping_status":"closed","template":"","meta":{"uix_meta_title":"","uix_meta_description":"","uix_canonical_url":""},"product_brand":[],"product_cat":[104],"product_tag":[],"class_list":{"0":"post-184","1":"product","2":"type-product","3":"status-publish","4":"has-post-thumbnail","6":"product_cat-processing","8":"first","9":"instock","10":"downloadable","11":"virtual","12":"product-type-simple"},"_links":{"self":[{"href":"https:\/\/cormac.eu\/es\/wp-json\/wp\/v2\/product\/184","targetHints":{"allow":["GET"]}}],"collection":[{"href":"https:\/\/cormac.eu\/es\/wp-json\/wp\/v2\/product"}],"about":[{"href":"https:\/\/cormac.eu\/es\/wp-json\/wp\/v2\/types\/product"}],"replies":[{"embeddable":true,"href":"https:\/\/cormac.eu\/es\/wp-json\/wp\/v2\/comments?post=184"}],"wp:featuredmedia":[{"embeddable":true,"href":"https:\/\/cormac.eu\/es\/wp-json\/wp\/v2\/media\/995"}],"wp:attachment":[{"href":"https:\/\/cormac.eu\/es\/wp-json\/wp\/v2\/media?parent=184"}],"wp:term":[{"taxonomy":"product_brand","embeddable":true,"href":"https:\/\/cormac.eu\/es\/wp-json\/wp\/v2\/product_brand?post=184"},{"taxonomy":"product_cat","embeddable":true,"href":"https:\/\/cormac.eu\/es\/wp-json\/wp\/v2\/product_cat?post=184"},{"taxonomy":"product_tag","embeddable":true,"href":"https:\/\/cormac.eu\/es\/wp-json\/wp\/v2\/product_tag?post=184"}],"curies":[{"name":"wp","href":"https:\/\/api.w.org\/{rel}","templated":true}]}}