{"id":183,"date":"2021-02-02T11:30:04","date_gmt":"2021-02-02T11:30:04","guid":{"rendered":"https:\/\/cormac.tijdelijk.org\/?post_type=product&#038;p=183"},"modified":"2022-05-30T16:27:39","modified_gmt":"2022-05-30T14:27:39","slug":"tunel-de-refrigeracion-de-lloveras","status":"publish","type":"product","link":"https:\/\/cormac.eu\/es\/product\/lloveras-cooling-tunnel\/","title":{"rendered":"T\u00fanel de refrigeraci\u00f3n de Lloveras"},"content":{"rendered":"<p>El t\u00fanel de enfriamiento Lloveras est\u00e1 fabricado con un robusto bastidor de m\u00e1quina. Las cubiertas est\u00e1n revestidas con una chapa de acero decorada con superficie laminada de pvc y aislamiento de poliuretano, con la ventaja de su ligereza. La longitud del t\u00fanel de enfriamiento es flexible y se compone de la uni\u00f3n de secciones de tama\u00f1o est\u00e1ndar. La cubierta de cada secci\u00f3n puede abrirse completamente para su inspecci\u00f3n y limpieza. La circulaci\u00f3n de aire en el interior del t\u00fanel es longitudinal y la unidad incorpora todas las canalizaciones necesarias para permitir un flujo de aire \u00f3ptimo a lo largo del t\u00fanel y una distribuci\u00f3n uniforme de la temperatura. El t\u00fanel de refrigeraci\u00f3n est\u00e1 preparado para trabajar con flujo de aire fr\u00edo tanto por convecci\u00f3n (refrigeraci\u00f3n directa) como por radiaci\u00f3n (refrigeraci\u00f3n indirecta). El evaporador y las turbinas est\u00e1n situados en la parte inferior del t\u00fanel. El compresor y el condensador se suministran como unidades independientes para ser ubicadas seg\u00fan las preferencias del cliente. Se recomienda instalar el t\u00fanel de enfriamiento en una zona climatizada donde la temperatura sea de 20-22 \u00b0C y la humedad m\u00e1xima de 55%.<\/p>\n<p>&nbsp;<\/p>\n<h3>Aplicaci\u00f3n<\/h3>\n<p>Enfriamiento del chocolate o del producto compuesto recubierto<\/p>\n<p>&nbsp;<\/p>\n<h3>Rango de capacidad<\/h3>\n<p>La capacidad viene determinada por la longitud del t\u00fanel de refrigeraci\u00f3n<\/p>\n<p>&nbsp;<\/p>\n<table class=\"features\" border=\"0\">\n<tbody>\n<tr>\n<td><strong>Caracter\u00edsticas<\/strong><\/td>\n<td><strong>Beneficios<\/strong><\/td>\n<\/tr>\n<tr>\n<td>Revestimiento de acero inoxidable laminado en PVC<\/td>\n<td>\n<ul>\n<li>Dise\u00f1o higi\u00e9nico<\/li>\n<li>F\u00e1cil de inspeccionar y limpiar<\/li>\n<\/ul>\n<\/td>\n<\/tr>\n<tr>\n<td>Aislamiento PU<\/td>\n<td>\n<ul>\n<li>menor consumo de energ\u00eda<\/li>\n<\/ul>\n<\/td>\n<\/tr>\n<tr>\n<td>Refrigeraci\u00f3n por convecci\u00f3n o radiaci\u00f3n<\/td>\n<td>\n<ul>\n<li>Excelente control del flujo de aire<\/li>\n<li>Excelente capacidad de refrigeraci\u00f3n<\/li>\n<\/ul>\n<\/td>\n<\/tr>\n<tr>\n<td>Sistema de centrado autom\u00e1tico de la cinta<\/td>\n<td>\n<ul>\n<li>movimiento fiable de la cinta<\/li>\n<li>Menos contaminaci\u00f3n del cintur\u00f3n<\/li>\n<\/ul>\n<\/td>\n<\/tr>\n<tr>\n<td>Variaci\u00f3n independiente de la velocidad de la cinta y la malla<\/td>\n<td>\n<ul>\n<li>buen control del proceso<\/li>\n<\/ul>\n<\/td>\n<\/tr>\n<tr>\n<td>PLC m\u00e1s LCD<\/td>\n<td>\n<ul>\n<li>f\u00e1cil manejo<\/li>\n<\/ul>\n<\/td>\n<\/tr>\n<\/tbody>\n<\/table>","protected":false},"excerpt":{"rendered":"<p>El t\u00fanel de enfriamiento Lloveras est\u00e1 fabricado con un robusto bastidor de m\u00e1quina. Las cubiertas est\u00e1n revestidas con una chapa de acero decorada con superficie laminada de pvc y aislamiento de poliuretano, con la ventaja de su ligereza.<\/p>","protected":false},"featured_media":996,"comment_status":"open","ping_status":"closed","template":"","meta":{"uix_meta_title":"","uix_meta_description":"","uix_canonical_url":""},"product_brand":[],"product_cat":[104],"product_tag":[],"class_list":{"0":"post-183","1":"product","2":"type-product","3":"status-publish","4":"has-post-thumbnail","6":"product_cat-processing","8":"first","9":"instock","10":"downloadable","11":"virtual","12":"product-type-simple"},"_links":{"self":[{"href":"https:\/\/cormac.eu\/es\/wp-json\/wp\/v2\/product\/183","targetHints":{"allow":["GET"]}}],"collection":[{"href":"https:\/\/cormac.eu\/es\/wp-json\/wp\/v2\/product"}],"about":[{"href":"https:\/\/cormac.eu\/es\/wp-json\/wp\/v2\/types\/product"}],"replies":[{"embeddable":true,"href":"https:\/\/cormac.eu\/es\/wp-json\/wp\/v2\/comments?post=183"}],"wp:featuredmedia":[{"embeddable":true,"href":"https:\/\/cormac.eu\/es\/wp-json\/wp\/v2\/media\/996"}],"wp:attachment":[{"href":"https:\/\/cormac.eu\/es\/wp-json\/wp\/v2\/media?parent=183"}],"wp:term":[{"taxonomy":"product_brand","embeddable":true,"href":"https:\/\/cormac.eu\/es\/wp-json\/wp\/v2\/product_brand?post=183"},{"taxonomy":"product_cat","embeddable":true,"href":"https:\/\/cormac.eu\/es\/wp-json\/wp\/v2\/product_cat?post=183"},{"taxonomy":"product_tag","embeddable":true,"href":"https:\/\/cormac.eu\/es\/wp-json\/wp\/v2\/product_tag?post=183"}],"curies":[{"name":"wp","href":"https:\/\/api.w.org\/{rel}","templated":true}]}}