{"id":172,"date":"2021-02-02T11:27:41","date_gmt":"2021-02-02T11:27:41","guid":{"rendered":"https:\/\/cormac.tijdelijk.org\/?post_type=product&#038;p=172"},"modified":"2022-05-30T16:25:18","modified_gmt":"2022-05-30T14:25:18","slug":"carugil-omnia-envoltorio-de-manojo","status":"publish","type":"product","link":"https:\/\/cormac.eu\/es\/product\/carugil-omnia-bunch-wrapper\/","title":{"rendered":"Envoltorio Carugil Omnia Bunch"},"content":{"rendered":"<p>Las envolvedoras de piruletas de la serie Omnia son m\u00e1quinas nuevas e innovadoras de Carugil. La m\u00e1quina Omnia es el resultado de muchos a\u00f1os de experiencia, investigaci\u00f3n y desarrollo, y se ha desarrollado teniendo en cuenta las sugerencias y experiencias de producci\u00f3n de la base mundial de clientes de Carugil. Esta nueva m\u00e1quina proporciona fiabilidad, flexibilidad, eficiencia, alto rendimiento y ofrece al productor caracter\u00edsticas adicionales que reforzar\u00e1n sus piruletas con un valor a\u00f1adido que las hace destacar en el mercado. La m\u00e1quina integra etiquetadoras, impresora de chorro de tinta, control de calidad por visi\u00f3n computerizada, control y comunicaciones integrales, dispositivo de llenado autom\u00e1tico, un sistema de autolimpieza para eliminar cualquier resto de polvo en la zona de alimentaci\u00f3n, portabobinas de reserva, empalmadora autom\u00e1tica, sistemas de centrado y mucho m\u00e1s. La m\u00e1quina puede realizar un sellado herm\u00e9tico alrededor del stick o dejar un peque\u00f1o labio de f\u00e1cil apertura. Los elementos de sellado utilizan resistencias el\u00e9ctricas de bajo consumo.<\/p>\n<p>&nbsp;<\/p>\n<h3>Aplicaci\u00f3n<\/h3>\n<p>Envoltorio de manojo de un solo giro para piruletas en forma de bola.<\/p>\n<p>&nbsp;<\/p>\n<h3>Rango de capacidad<\/h3>\n<p>Omnia 600 : hasta 600 ppm<br \/>\nOmnia 2000 : hasta 1500 ppm<\/p>\n<p>&nbsp;<\/p>\n<table class=\"features\" border=\"0\">\n<tbody>\n<tr>\n<td><strong>Caracter\u00edsticas<\/strong><\/td>\n<td><strong>Beneficios<\/strong><\/td>\n<\/tr>\n<tr>\n<td>Construcci\u00f3n de acero inoxidable<\/td>\n<td>\n<ul>\n<li>Higi\u00e9nico<\/li>\n<li>F\u00e1cil limpieza<\/li>\n<\/ul>\n<\/td>\n<\/tr>\n<tr>\n<td>Sistema de servoaccionamiento de baja inercia sin escobillas<\/td>\n<td>\n<ul>\n<li>cortes de pel\u00edcula precisos<\/li>\n<li>posicionamiento exacto de la pel\u00edcula a alta velocidad<\/li>\n<\/ul>\n<\/td>\n<\/tr>\n<tr>\n<td>Mordazas de cierre de f\u00e1cil extracci\u00f3n<\/td>\n<td>\n<ul>\n<li>limpieza r\u00e1pida<\/li>\n<\/ul>\n<\/td>\n<\/tr>\n<tr>\n<td>WIFI integrado + SCADA + RFID + Control por visi\u00f3n<\/td>\n<td>\n<ul>\n<li>integraci\u00f3n en la intranet del cliente<\/li>\n<li>mantenimiento de registros y estad\u00edsticas por operador<\/li>\n<li>sencillas funciones de pantalla t\u00e1ctil<\/li>\n<li>Detecci\u00f3n y rechazo de piruletas descentradas tras el empalme<\/li>\n<li>Diagn\u00f3stico a distancia<\/li>\n<\/ul>\n<\/td>\n<\/tr>\n<tr>\n<td>Dise\u00f1o ergon\u00f3mico<\/td>\n<td>\n<ul>\n<li>todo visible<\/li>\n<li>f\u00e1cil acceso al interior de la m\u00e1quina<\/li>\n<\/ul>\n<\/td>\n<\/tr>\n<tr>\n<td>Sistema de descarga electrost\u00e1tica<\/td>\n<td>\n<ul>\n<li>eliminar la carga est\u00e1tica de las pel\u00edculas<\/li>\n<\/ul>\n<\/td>\n<\/tr>\n<tr>\n<td>Equipos autom\u00e1ticos de alimentaci\u00f3n y llenado<\/td>\n<td>\n<ul>\n<li>Alta eficiencia y reducci\u00f3n de la inversi\u00f3n<\/li>\n<\/ul>\n<\/td>\n<\/tr>\n<\/tbody>\n<\/table>\n<p>&nbsp;<\/p>","protected":false},"excerpt":{"rendered":"<p>Las envolvedoras de piruletas de la serie Omnia son m\u00e1quinas nuevas e innovadoras de Carugil. La m\u00e1quina Omnia es el resultado de muchos a\u00f1os de experiencia, investigaci\u00f3n y desarrollo.<\/p>","protected":false},"featured_media":997,"comment_status":"open","ping_status":"closed","template":"","meta":{"uix_meta_title":"","uix_meta_description":"","uix_canonical_url":""},"product_brand":[],"product_cat":[105],"product_tag":[],"class_list":{"0":"post-172","1":"product","2":"type-product","3":"status-publish","4":"has-post-thumbnail","6":"product_cat-packaging","8":"first","9":"instock","10":"shipping-taxable","11":"product-type-simple"},"_links":{"self":[{"href":"https:\/\/cormac.eu\/es\/wp-json\/wp\/v2\/product\/172","targetHints":{"allow":["GET"]}}],"collection":[{"href":"https:\/\/cormac.eu\/es\/wp-json\/wp\/v2\/product"}],"about":[{"href":"https:\/\/cormac.eu\/es\/wp-json\/wp\/v2\/types\/product"}],"replies":[{"embeddable":true,"href":"https:\/\/cormac.eu\/es\/wp-json\/wp\/v2\/comments?post=172"}],"wp:featuredmedia":[{"embeddable":true,"href":"https:\/\/cormac.eu\/es\/wp-json\/wp\/v2\/media\/997"}],"wp:attachment":[{"href":"https:\/\/cormac.eu\/es\/wp-json\/wp\/v2\/media?parent=172"}],"wp:term":[{"taxonomy":"product_brand","embeddable":true,"href":"https:\/\/cormac.eu\/es\/wp-json\/wp\/v2\/product_brand?post=172"},{"taxonomy":"product_cat","embeddable":true,"href":"https:\/\/cormac.eu\/es\/wp-json\/wp\/v2\/product_cat?post=172"},{"taxonomy":"product_tag","embeddable":true,"href":"https:\/\/cormac.eu\/es\/wp-json\/wp\/v2\/product_tag?post=172"}],"curies":[{"name":"wp","href":"https:\/\/api.w.org\/{rel}","templated":true}]}}