{"id":4065,"date":"2023-11-10T14:43:58","date_gmt":"2023-11-10T13:43:58","guid":{"rendered":"https:\/\/cormac.eu\/?post_type=product&#038;p=4065"},"modified":"2023-11-10T14:47:56","modified_gmt":"2023-11-10T13:47:56","slug":"ummantelungsmaschine-2","status":"publish","type":"product","link":"https:\/\/cormac.eu\/de\/product\/sleeving-machine\/","title":{"rendered":"Sleeve-Maschine"},"content":{"rendered":"<p>Sleeving-Maschinen dienen dazu, ein einzelnes Produkt (z. B. Schalen f\u00fcr Fertiggerichte, Dessertbecher usw.) oder eine Gruppe von Produkten (z. B. Becher, Ziegelsteine, Dosen usw.) mit einer Papph\u00fclle zu versehen. Diese Kartonh\u00fclle wird umwickelt und mit Hei\u00dfkleber oder Haken befestigt. Die Sleeving-Maschinen sind mit verschiedenen Verschlusstypen (unten, seitlich, oben, usw.) und mit einem schnellen und einfachen Formatwechsel erh\u00e4ltlich. Die Geschwindigkeit ist elektronisch einstellbar bis zu einem Maximum von 250 H\u00fclsen pro Minute. Die von VIMCO entwickelten Sleeving-Maschinen sind mit einer Vielzahl unterschiedlicher Maschinenteilungen erh\u00e4ltlich, um den verschiedenen Anforderungen der Kunden gerecht zu werden und mit unterschiedlichen Produkten arbeiten zu k\u00f6nnen. Das Team von Vimco steht zur Verf\u00fcgung, um ma\u00dfgeschneiderte Maschinen f\u00fcr spezielle Gr\u00f6\u00dfen oder Formen von Schachteln zu entwickeln.<\/p>\n<p><img decoding=\"async\" class=\"alignnone size-medium wp-image-4042\" src=\"https:\/\/cormac.eu\/wp-content\/uploads\/2023\/11\/sleeving-process-300x120.jpg\" alt=\"\" width=\"300\" height=\"120\" srcset=\"https:\/\/cormac.eu\/wp-content\/uploads\/2023\/11\/sleeving-process-300x120.jpg 300w, https:\/\/cormac.eu\/wp-content\/uploads\/2023\/11\/sleeving-process.jpg 582w\" sizes=\"(max-width: 300px) 100vw, 300px\" \/><\/p>\n<p>&nbsp;<\/p>\n<p>VERF\u00dcGBARE MODELLE:<\/p>\n<ul>\n<li>Sleeving-Maschinen f\u00fcr Trays, maximale Geschwindigkeit bis zu 120 St\u00fcck\/min<\/li>\n<li>Sleeve-Maschinen f\u00fcr T\u00f6pfe und Dosen, maximale Geschwindigkeit bis zu 250 St\u00fcck\/min<\/li>\n<li>SPECIALS: Ma\u00dfgeschneiderte Sleeving-Maschinen<\/li>\n<\/ul>\n<p>&nbsp;<\/p>\n<table style=\"height: 358px\" width=\"828\">\n<tbody>\n<tr>\n<td width=\"264\"><strong>F<\/strong><strong>eatures<\/strong><\/td>\n<td width=\"340\"><strong>Vorteile<\/strong><\/td>\n<\/tr>\n<tr>\n<td width=\"264\">Geschwindigkeitskontrolle<\/td>\n<td width=\"340\">Einstellbare Geschwindigkeit<\/td>\n<\/tr>\n<tr>\n<td width=\"264\">Seitlich, oben oder unten schlie\u00dfend<\/td>\n<td width=\"340\">Unterschiedliche Verschlusssysteme verf\u00fcgbar<\/td>\n<\/tr>\n<tr>\n<td width=\"264\">Schnelles Umschalten<\/td>\n<td width=\"340\">Durchschnittliche Ver\u00e4nderung in 5-10 Minuten<\/td>\n<\/tr>\n<tr>\n<td width=\"264\">Konstruktion aus stahlfreiem oder lackiertem Stahl<\/td>\n<td width=\"340\">Geeignet f\u00fcr verschiedene Branchen<\/td>\n<\/tr>\n<\/tbody>\n<\/table>\n<p>&nbsp;<\/p>","protected":false},"excerpt":{"rendered":"<p>Die Sleeving-Maschine ist daf\u00fcr ausgelegt, ein einzelnes Produkt, eine Gruppe von Produkten oder ein Tray mit einer Kartonh\u00fclle zu versehen.<\/p>","protected":false},"featured_media":4041,"comment_status":"open","ping_status":"closed","template":"","meta":{"uix_meta_title":"","uix_meta_description":"","uix_canonical_url":""},"product_brand":[],"product_cat":[114],"product_tag":[],"class_list":{"0":"post-4065","1":"product","2":"type-product","3":"status-publish","4":"has-post-thumbnail","6":"product_cat-secondary-packaging","8":"first","9":"instock","10":"shipping-taxable","11":"product-type-simple"},"_links":{"self":[{"href":"https:\/\/cormac.eu\/de\/wp-json\/wp\/v2\/product\/4065","targetHints":{"allow":["GET"]}}],"collection":[{"href":"https:\/\/cormac.eu\/de\/wp-json\/wp\/v2\/product"}],"about":[{"href":"https:\/\/cormac.eu\/de\/wp-json\/wp\/v2\/types\/product"}],"replies":[{"embeddable":true,"href":"https:\/\/cormac.eu\/de\/wp-json\/wp\/v2\/comments?post=4065"}],"wp:featuredmedia":[{"embeddable":true,"href":"https:\/\/cormac.eu\/de\/wp-json\/wp\/v2\/media\/4041"}],"wp:attachment":[{"href":"https:\/\/cormac.eu\/de\/wp-json\/wp\/v2\/media?parent=4065"}],"wp:term":[{"taxonomy":"product_brand","embeddable":true,"href":"https:\/\/cormac.eu\/de\/wp-json\/wp\/v2\/product_brand?post=4065"},{"taxonomy":"product_cat","embeddable":true,"href":"https:\/\/cormac.eu\/de\/wp-json\/wp\/v2\/product_cat?post=4065"},{"taxonomy":"product_tag","embeddable":true,"href":"https:\/\/cormac.eu\/de\/wp-json\/wp\/v2\/product_tag?post=4065"}],"curies":[{"name":"wp","href":"https:\/\/api.w.org\/{rel}","templated":true}]}}