{"id":4064,"date":"2023-11-10T14:38:19","date_gmt":"2023-11-10T13:38:19","guid":{"rendered":"https:\/\/cormac.eu\/?post_type=product&#038;p=4064"},"modified":"2023-11-10T14:43:29","modified_gmt":"2023-11-10T13:43:29","slug":"robotik-ladeeinheit","status":"publish","type":"product","link":"https:\/\/cormac.eu\/de\/product\/robotic-loading-unit\/","title":{"rendered":"Robotische Ladeeinheit"},"content":{"rendered":"<p>Hausintern entworfen <strong>Delta- und Zwei-Achsen-Roboter f\u00fcr I<\/strong>Einlegen eines Produkts oder einer Produktgruppe in eine zuvor geformte Schachtel. Die Roboter k\u00f6nnen sowohl in eigenst\u00e4ndige Ladeeinheiten als auch in Monoblock-L\u00f6sungen integriert werden. Au\u00dferdem k\u00f6nnen diese Roboter als Zusatzl\u00f6sung verwendet werden, um verschiedene Produktkonfigurationen an der Zuf\u00fchrung von Anlagen Dritter vorzubereiten. Die robotergest\u00fctzten Ladeeinheiten k\u00f6nnen mit Bildverarbeitungssystemen f\u00fcr die Produktinspektion ausgestattet werden, die in der Lage sind, die Abmessungen, die Qualit\u00e4t und die Ausrichtung der Produkte zu \u00fcberpr\u00fcfen und den Robotern mitzuteilen, welche Produkte ausgew\u00e4hlt und welche zur\u00fcckgewiesen werden sollen. Die Roboter-Ladeeinheiten k\u00f6nnen f\u00fcr verschiedene Anwendungen eingesetzt werden: von der Prim\u00e4r- und Sekund\u00e4rverpackung bis hin zu End-of-Line-L\u00f6sungen f\u00fcr die Verpackung in Versandkisten.<b> <\/b>Jedes Projekt wird im Detail untersucht und analysiert, um ma\u00dfgeschneiderte L\u00f6sungen zu entwickeln, die vollst\u00e4ndig auf die zu bearbeitenden Produkte abgestimmt sind und somit hochflexible und moderne L\u00f6sungen bieten.<\/p>\n<p><img fetchpriority=\"high\" decoding=\"async\" class=\"alignnone size-medium wp-image-4039\" src=\"https:\/\/cormac.eu\/wp-content\/uploads\/2023\/11\/Robotic-loading-process-288x300.jpg\" alt=\"\" width=\"288\" height=\"300\" srcset=\"https:\/\/cormac.eu\/wp-content\/uploads\/2023\/11\/Robotic-loading-process-288x300.jpg 288w, https:\/\/cormac.eu\/wp-content\/uploads\/2023\/11\/Robotic-loading-process.jpg 407w\" sizes=\"(max-width: 288px) 100vw, 288px\" \/><\/p>\n<p>&nbsp;<\/p>\n<table style=\"height: 285px\" width=\"867\">\n<tbody>\n<tr>\n<td width=\"264\"><strong>F<\/strong><strong>eatures<\/strong><\/td>\n<td width=\"340\"><strong>Vorteile<\/strong><\/td>\n<\/tr>\n<tr>\n<td width=\"264\">Vielseitig<\/td>\n<td width=\"340\">eigenst\u00e4ndige oder Monoblock-Konfigurationen<\/td>\n<\/tr>\n<tr>\n<td width=\"264\">Eigener Entwurf<\/td>\n<td width=\"340\">Systemintegration; sofortige Unterst\u00fctzung nach dem Verkauf<\/td>\n<\/tr>\n<tr>\n<td width=\"264\">Flexibel<\/td>\n<td width=\"340\">Ma\u00dfgeschneiderte L\u00f6sungen<\/td>\n<\/tr>\n<\/tbody>\n<\/table>\n<p><strong>\u00a0<\/strong><\/p>\n<p>&nbsp;<\/p>","protected":false},"excerpt":{"rendered":"<p>Die Robotik-Ladeeinheit ist f\u00fcr die automatische Entnahme von Produkten und deren Ablage in einem Karton vorgesehen.<\/p>","protected":false},"featured_media":4040,"comment_status":"open","ping_status":"closed","template":"","meta":{"uix_meta_title":"","uix_meta_description":"","uix_canonical_url":""},"product_brand":[],"product_cat":[114],"product_tag":[],"class_list":{"0":"post-4064","1":"product","2":"type-product","3":"status-publish","4":"has-post-thumbnail","6":"product_cat-secondary-packaging","8":"first","9":"instock","10":"shipping-taxable","11":"product-type-simple"},"_links":{"self":[{"href":"https:\/\/cormac.eu\/de\/wp-json\/wp\/v2\/product\/4064","targetHints":{"allow":["GET"]}}],"collection":[{"href":"https:\/\/cormac.eu\/de\/wp-json\/wp\/v2\/product"}],"about":[{"href":"https:\/\/cormac.eu\/de\/wp-json\/wp\/v2\/types\/product"}],"replies":[{"embeddable":true,"href":"https:\/\/cormac.eu\/de\/wp-json\/wp\/v2\/comments?post=4064"}],"wp:featuredmedia":[{"embeddable":true,"href":"https:\/\/cormac.eu\/de\/wp-json\/wp\/v2\/media\/4040"}],"wp:attachment":[{"href":"https:\/\/cormac.eu\/de\/wp-json\/wp\/v2\/media?parent=4064"}],"wp:term":[{"taxonomy":"product_brand","embeddable":true,"href":"https:\/\/cormac.eu\/de\/wp-json\/wp\/v2\/product_brand?post=4064"},{"taxonomy":"product_cat","embeddable":true,"href":"https:\/\/cormac.eu\/de\/wp-json\/wp\/v2\/product_cat?post=4064"},{"taxonomy":"product_tag","embeddable":true,"href":"https:\/\/cormac.eu\/de\/wp-json\/wp\/v2\/product_tag?post=4064"}],"curies":[{"name":"wp","href":"https:\/\/api.w.org\/{rel}","templated":true}]}}