{"id":4063,"date":"2023-11-10T14:34:54","date_gmt":"2023-11-10T13:34:54","guid":{"rendered":"https:\/\/cormac.eu\/?post_type=product&#038;p=4063"},"modified":"2023-11-10T14:38:03","modified_gmt":"2023-11-10T13:38:03","slug":"verschliesmaschine","status":"publish","type":"product","link":"https:\/\/cormac.eu\/de\/product\/lidding-machine\/","title":{"rendered":"Maschine zum Verschlie\u00dfen"},"content":{"rendered":"<p>Deckelmaschinen dienen zum Aufsetzen und Aufkleben von Kartondeckeln auf Schalen oder Displaykartons. Die Deckel werden aus flachen Zuschnitten geformt. Die Geschwindigkeit ist elektronisch einstellbar bis zu einem Maximum von 20 Schachteln pro Minute f\u00fcr Maschinen mit einem Deckelkopf. Es ist m\u00f6glich, Maschinen mit einem Doppelkopf f\u00fcr eine h\u00f6here Geschwindigkeit (bis zu 40 St\u00fcck\/min) zu konstruieren, je nach der erforderlichen Geschwindigkeit und den Eigenschaften der Zuschnitte.<\/p>\n<p><img fetchpriority=\"high\" decoding=\"async\" class=\"alignnone size-medium wp-image-4038\" src=\"https:\/\/cormac.eu\/wp-content\/uploads\/2023\/11\/lidding-process-300x232.jpg\" alt=\"\" width=\"300\" height=\"232\" srcset=\"https:\/\/cormac.eu\/wp-content\/uploads\/2023\/11\/lidding-process-300x232.jpg 300w, https:\/\/cormac.eu\/wp-content\/uploads\/2023\/11\/lidding-process.jpg 453w\" sizes=\"(max-width: 300px) 100vw, 300px\" \/><\/p>\n<p>&nbsp;<\/p>\n<p>VERF\u00dcGBARE MODELLE:<\/p>\n<ul>\n<li>Vertikale Hubverschlie\u00dfmaschine, max. Geschwindigkeit 20 St\u00fcck\/min pro Kopf<\/li>\n<li>Deckelmaschine, maximale Geschwindigkeit 18 St\u00fcck\/min pro Kopf<\/li>\n<li>SPEZIALE: Spezial-Deckelmaschine nach Kundenwunsch<\/li>\n<\/ul>\n<p>&nbsp;<\/p>\n<table style=\"height: 522px\" width=\"843\">\n<tbody>\n<tr>\n<td width=\"264\"><strong>F<\/strong><strong>eatures<\/strong><\/td>\n<td width=\"340\"><strong>Vorteile<\/strong><\/td>\n<\/tr>\n<tr>\n<td width=\"264\">Einfacher oder doppelter Deckelkopf<\/td>\n<td width=\"340\">Wahl des Geschwindigkeitsbereichs<\/td>\n<\/tr>\n<tr>\n<td width=\"264\">Elektrische Drehzahlregelung<\/td>\n<td width=\"340\">Einstellbare Geschwindigkeit<\/td>\n<\/tr>\n<tr>\n<td width=\"264\">Verschlie\u00dfen mit Hei\u00dfleim<\/td>\n<td width=\"340\">Sicheres Klebesystem<\/td>\n<\/tr>\n<tr>\n<td width=\"264\">Schnelles Umschalten<\/td>\n<td width=\"340\">Durchschnittlicher Formatwechsel 5-10 Minuten<\/td>\n<\/tr>\n<tr>\n<td width=\"264\">Integration m\u00f6glich<\/td>\n<td width=\"340\">Um komplette Verpackungslinien zu bilden<\/td>\n<\/tr>\n<tr>\n<td width=\"264\">Besondere Technik<\/td>\n<td width=\"340\">Verschiedene Konfigurationen m\u00f6glich<\/td>\n<\/tr>\n<tr>\n<td width=\"264\">Konstruktion aus rostfreiem oder lackiertem Stahl<\/td>\n<td width=\"340\">Geeignet f\u00fcr verschiedene Branchen<\/td>\n<\/tr>\n<\/tbody>\n<\/table>","protected":false},"excerpt":{"rendered":"<p>Die Lidding-Maschine dient zum Auflegen und Aufkleben von Pappdeckeln auf ein Tablett oder einen Displaykarton.<\/p>","protected":false},"featured_media":4037,"comment_status":"open","ping_status":"closed","template":"","meta":{"uix_meta_title":"","uix_meta_description":"","uix_canonical_url":""},"product_brand":[],"product_cat":[114],"product_tag":[],"class_list":{"0":"post-4063","1":"product","2":"type-product","3":"status-publish","4":"has-post-thumbnail","6":"product_cat-secondary-packaging","8":"first","9":"instock","10":"shipping-taxable","11":"product-type-simple"},"_links":{"self":[{"href":"https:\/\/cormac.eu\/de\/wp-json\/wp\/v2\/product\/4063","targetHints":{"allow":["GET"]}}],"collection":[{"href":"https:\/\/cormac.eu\/de\/wp-json\/wp\/v2\/product"}],"about":[{"href":"https:\/\/cormac.eu\/de\/wp-json\/wp\/v2\/types\/product"}],"replies":[{"embeddable":true,"href":"https:\/\/cormac.eu\/de\/wp-json\/wp\/v2\/comments?post=4063"}],"wp:featuredmedia":[{"embeddable":true,"href":"https:\/\/cormac.eu\/de\/wp-json\/wp\/v2\/media\/4037"}],"wp:attachment":[{"href":"https:\/\/cormac.eu\/de\/wp-json\/wp\/v2\/media?parent=4063"}],"wp:term":[{"taxonomy":"product_brand","embeddable":true,"href":"https:\/\/cormac.eu\/de\/wp-json\/wp\/v2\/product_brand?post=4063"},{"taxonomy":"product_cat","embeddable":true,"href":"https:\/\/cormac.eu\/de\/wp-json\/wp\/v2\/product_cat?post=4063"},{"taxonomy":"product_tag","embeddable":true,"href":"https:\/\/cormac.eu\/de\/wp-json\/wp\/v2\/product_tag?post=4063"}],"curies":[{"name":"wp","href":"https:\/\/api.w.org\/{rel}","templated":true}]}}