{"id":4058,"date":"2023-11-10T13:26:28","date_gmt":"2023-11-10T12:26:28","guid":{"rendered":"https:\/\/cormac.eu\/?post_type=product&#038;p=4058"},"modified":"2023-11-10T13:36:51","modified_gmt":"2023-11-10T12:36:51","slug":"komplette-sekundarverpackungslinie","status":"publish","type":"product","link":"https:\/\/cormac.eu\/de\/product\/complete-secondary-packaging-line\/","title":{"rendered":"Komplette Sekund\u00e4rverpackungslinie"},"content":{"rendered":"<p>Alle Einzelmaschinen aus dem verf\u00fcgbaren Angebot an Sekund\u00e4rverpackungsmaschinen f\u00fcr unterschiedliche Anwendungen k\u00f6nnen zu einer schl\u00fcsselfertigen Komplettlinie kombiniert werden. In solchen Komplettlinien verwenden wir selbst entwickelte zwei- und dreiachsige Roboter f\u00fcr die Produktplatzierung und -ausrichtung in verschiedenen Schachtelkonfigurationen. Die Beladeeinheiten k\u00f6nnen robotergest\u00fctzt oder automatisch sein. Unsere Forschungs- und Entwicklungsabteilung entwirft und entwickelt komplette Anlagen, bei denen das Produkt und die Verpackung des Kunden im Mittelpunkt stehen. Diese Anlagen k\u00f6nnen vollst\u00e4ndig an die Bed\u00fcrfnisse des Kunden angepasst werden, wobei die modernsten Technologien zum Einsatz kommen. Durch die Bereitstellung kompletter Linien gew\u00e4hrleisten wir die Einheitlichkeit der Logik der verschiedenen Maschinen, die Einheitlichkeit des Projektmanagements, einen schnellen Kundendienst und ein engagiertes Team, das sich umgehend um die Bed\u00fcrfnisse des Kunden k\u00fcmmert.<\/p>\n<p>&nbsp;<\/p>\n<p><img fetchpriority=\"high\" decoding=\"async\" class=\"alignnone size-medium wp-image-4039\" src=\"https:\/\/cormac.eu\/wp-content\/uploads\/2023\/11\/Robotic-loading-process-288x300.jpg\" alt=\"\" width=\"288\" height=\"300\" srcset=\"https:\/\/cormac.eu\/wp-content\/uploads\/2023\/11\/Robotic-loading-process-288x300.jpg 288w, https:\/\/cormac.eu\/wp-content\/uploads\/2023\/11\/Robotic-loading-process.jpg 407w\" sizes=\"(max-width: 288px) 100vw, 288px\" \/><\/p>\n<p><strong>\u00a0<\/strong><\/p>\n<p><u>SYSTEME, DIE IN DIE GESAMTANLAGEN INTEGRIERT WERDEN K\u00d6NNEN:<\/u><\/p>\n<ul>\n<li>Systeme zur Gewichtskontrolle<\/li>\n<li>Bildverarbeitungssysteme<\/li>\n<li>Auswurfsysteme f\u00fcr nicht konforme Produkte<\/li>\n<li>Etikettierungssysteme<\/li>\n<li>Kodier- und Drucksysteme<\/li>\n<li>Palettiersysteme<\/li>\n<\/ul>\n<p>&nbsp;<\/p>\n<table style=\"height: 307px\" width=\"805\">\n<tbody>\n<tr>\n<td width=\"264\"><strong>F<\/strong><strong>eatures<\/strong><\/td>\n<td width=\"340\"><strong>Vorteile<\/strong><\/td>\n<\/tr>\n<tr>\n<td width=\"264\">\u00a0Gesamte Technik der kompletten Linien<\/td>\n<td width=\"340\">Verschiedene Verpackungsl\u00f6sungen<\/td>\n<\/tr>\n<tr>\n<td width=\"264\">Robotisches Laden<\/td>\n<td width=\"340\">Schnell, effizient, zuverl\u00e4ssig<\/td>\n<\/tr>\n<tr>\n<td width=\"264\">Schl\u00fcsselfertige Lieferung<\/td>\n<td width=\"340\">Anbieter aus einer Hand mit Projektverantwortung<\/td>\n<\/tr>\n<tr>\n<td width=\"264\">Konstruktionen aus rostfreiem Stahl oder Paitensstahl<\/td>\n<td width=\"340\">Zuverl\u00e4ssig f\u00fcr die Industrie<\/td>\n<\/tr>\n<\/tbody>\n<\/table>","protected":false},"excerpt":{"rendered":"<p>Automatische Kartonformung, Beladung von Produkten mit Hilfe von robotergest\u00fctzten Pick-and-Place-Zellen oder anderen Systemen, einschlie\u00dflich End-of-Line-L\u00f6sungen und Palettierung.<\/p>","protected":false},"featured_media":4032,"comment_status":"open","ping_status":"closed","template":"","meta":{"uix_meta_title":"","uix_meta_description":"","uix_canonical_url":""},"product_brand":[],"product_cat":[114],"product_tag":[],"class_list":{"0":"post-4058","1":"product","2":"type-product","3":"status-publish","4":"has-post-thumbnail","6":"product_cat-secondary-packaging","8":"first","9":"instock","10":"shipping-taxable","11":"product-type-simple"},"_links":{"self":[{"href":"https:\/\/cormac.eu\/de\/wp-json\/wp\/v2\/product\/4058","targetHints":{"allow":["GET"]}}],"collection":[{"href":"https:\/\/cormac.eu\/de\/wp-json\/wp\/v2\/product"}],"about":[{"href":"https:\/\/cormac.eu\/de\/wp-json\/wp\/v2\/types\/product"}],"replies":[{"embeddable":true,"href":"https:\/\/cormac.eu\/de\/wp-json\/wp\/v2\/comments?post=4058"}],"wp:featuredmedia":[{"embeddable":true,"href":"https:\/\/cormac.eu\/de\/wp-json\/wp\/v2\/media\/4032"}],"wp:attachment":[{"href":"https:\/\/cormac.eu\/de\/wp-json\/wp\/v2\/media?parent=4058"}],"wp:term":[{"taxonomy":"product_brand","embeddable":true,"href":"https:\/\/cormac.eu\/de\/wp-json\/wp\/v2\/product_brand?post=4058"},{"taxonomy":"product_cat","embeddable":true,"href":"https:\/\/cormac.eu\/de\/wp-json\/wp\/v2\/product_cat?post=4058"},{"taxonomy":"product_tag","embeddable":true,"href":"https:\/\/cormac.eu\/de\/wp-json\/wp\/v2\/product_tag?post=4058"}],"curies":[{"name":"wp","href":"https:\/\/api.w.org\/{rel}","templated":true}]}}