{"id":4054,"date":"2023-11-10T13:13:17","date_gmt":"2023-11-10T12:13:17","guid":{"rendered":"https:\/\/cormac.eu\/?post_type=product&#038;p=4054"},"modified":"2023-11-10T13:26:17","modified_gmt":"2023-11-10T12:26:17","slug":"kartonverschliesmaschine-2","status":"publish","type":"product","link":"https:\/\/cormac.eu\/de\/product\/box-closing-machine\/","title":{"rendered":"Kartonverschlie\u00dfmaschine"},"content":{"rendered":"<p>Die Verschlie\u00dfmaschinen sind zum Verschlie\u00dfen von Schachteln mit Deckeln nach dem Bef\u00fcllen mit den Produkten bestimmt. Die Verschlie\u00dfmaschinen k\u00f6nnen f\u00fcr Hochgeschwindigkeitsl\u00f6sungen oder f\u00fcr Kartons mit 1-Klappen-Deckeln linear sein.<br \/>\nBei Schachteln mit 3-Klappen-Deckeln k\u00f6nnen die Maschinen winklig sein. Diese Maschinen haben eine kontinuierliche Bewegung. Die Schachteln k\u00f6nnen mit Hei\u00dfkleber oder mit einem Verriegelungssystem verschlossen werden.<br \/>\nDie Geschwindigkeit ist elektronisch einstellbar bis zu einem Maximum von 200 Kartons pro Minute. Der Formatwechsel ist schnell und einfach.<\/p>\n<p>Kapazit\u00e4t: Bis zu 200 Kartons pro Minute.<\/p>\n<p><img decoding=\"async\" class=\"alignnone size-medium wp-image-4055\" src=\"https:\/\/cormac.eu\/wp-content\/uploads\/2023\/11\/closing-process-300x123.jpg\" alt=\"\" width=\"300\" height=\"123\" srcset=\"https:\/\/cormac.eu\/wp-content\/uploads\/2023\/11\/closing-process-300x123.jpg 300w, https:\/\/cormac.eu\/wp-content\/uploads\/2023\/11\/closing-process-600x245.jpg 600w, https:\/\/cormac.eu\/wp-content\/uploads\/2023\/11\/closing-process.jpg 644w\" sizes=\"(max-width: 300px) 100vw, 300px\" \/><\/p>\n<p>&nbsp;<\/p>\n<p>&nbsp;<\/p>\n<table style=\"height: 395px\" width=\"841\">\n<tbody>\n<tr>\n<td width=\"264\"><strong>F<\/strong><strong>eatures<\/strong><\/td>\n<td width=\"340\"><strong>Vorteile<\/strong><\/td>\n<\/tr>\n<tr>\n<td width=\"264\">Intermittierende oder kontinuierliche Bewegung<\/td>\n<td width=\"340\">Systemintegration<\/td>\n<\/tr>\n<tr>\n<td width=\"264\">Geschwindigkeitskontrolle<\/td>\n<td width=\"340\">Einstellbare Geschwindigkeit<\/td>\n<\/tr>\n<tr>\n<td width=\"264\">Verschluss durch Hei\u00dfkleber oder Haken<\/td>\n<td width=\"340\">Sicherer Verschluss und kreative Boxengestaltung<\/td>\n<\/tr>\n<tr>\n<td width=\"264\">Schnelles Umschalten<\/td>\n<td width=\"340\">Durchschnittliche Ver\u00e4nderung \u00fcber die Zeit 5-10 Minuten<\/td>\n<\/tr>\n<tr>\n<td width=\"264\">Konstruktion aus rostfreiem oder lackiertem Stahl<\/td>\n<td width=\"340\">Geeignet f\u00fcr verschiedene Branchen<\/td>\n<\/tr>\n<\/tbody>\n<\/table>\n<p>&nbsp;<\/p>\n<p>&nbsp;<\/p>","protected":false},"excerpt":{"rendered":"<p>Maschine zum Verschlie\u00dfen von gef\u00fcllten Schachteln und Kartons mit einem Deckel.<\/p>","protected":false},"featured_media":4057,"comment_status":"open","ping_status":"closed","template":"","meta":{"uix_meta_title":"","uix_meta_description":"","uix_canonical_url":""},"product_brand":[],"product_cat":[114],"product_tag":[],"class_list":{"0":"post-4054","1":"product","2":"type-product","3":"status-publish","4":"has-post-thumbnail","6":"product_cat-secondary-packaging","8":"first","9":"instock","10":"shipping-taxable","11":"product-type-simple"},"_links":{"self":[{"href":"https:\/\/cormac.eu\/de\/wp-json\/wp\/v2\/product\/4054","targetHints":{"allow":["GET"]}}],"collection":[{"href":"https:\/\/cormac.eu\/de\/wp-json\/wp\/v2\/product"}],"about":[{"href":"https:\/\/cormac.eu\/de\/wp-json\/wp\/v2\/types\/product"}],"replies":[{"embeddable":true,"href":"https:\/\/cormac.eu\/de\/wp-json\/wp\/v2\/comments?post=4054"}],"wp:featuredmedia":[{"embeddable":true,"href":"https:\/\/cormac.eu\/de\/wp-json\/wp\/v2\/media\/4057"}],"wp:attachment":[{"href":"https:\/\/cormac.eu\/de\/wp-json\/wp\/v2\/media?parent=4054"}],"wp:term":[{"taxonomy":"product_brand","embeddable":true,"href":"https:\/\/cormac.eu\/de\/wp-json\/wp\/v2\/product_brand?post=4054"},{"taxonomy":"product_cat","embeddable":true,"href":"https:\/\/cormac.eu\/de\/wp-json\/wp\/v2\/product_cat?post=4054"},{"taxonomy":"product_tag","embeddable":true,"href":"https:\/\/cormac.eu\/de\/wp-json\/wp\/v2\/product_tag?post=4054"}],"curies":[{"name":"wp","href":"https:\/\/api.w.org\/{rel}","templated":true}]}}