{"id":4048,"date":"2023-11-10T12:43:37","date_gmt":"2023-11-10T11:43:37","guid":{"rendered":"https:\/\/cormac.eu\/?post_type=product&#038;p=4048"},"modified":"2023-11-10T12:59:40","modified_gmt":"2023-11-10T11:59:40","slug":"kartoniermaschine","status":"publish","type":"product","link":"https:\/\/cormac.eu\/de\/product\/cartoning-machine\/","title":{"rendered":"Kartoniermaschine"},"content":{"rendered":"<p>Die Palette der Kartoniermaschinen umfasst intermittierende, intermittierende mit mehreren Teilungen und kontinuierlich arbeitende Maschinen. Die Bewegung h\u00e4ngt von den Produktspezifikationen und der erforderlichen Geschwindigkeit ab, die bis zu 300 St\u00fcck pro Minute erreichen kann.<em>.<br \/>\n<\/em>Die Kartoniermaschinen sind f\u00fcr die <strong>Seitenbeladung<\/strong> und Verschlie\u00dfen von vorgeklebten Kartons mittels Schmelzkleber oder Verriegelungssystem. Der Formatwechsel ist schnell und einfach<em>. <\/em>Alle Modelle von Kartoniermaschinen sind mit einer Vielzahl von verschiedenen Maschinenteilungen erh\u00e4ltlich, um den unterschiedlichen Bed\u00fcrfnissen der Kunden gerecht zu werden<em>. <\/em>Es sind verschiedene L\u00f6sungen f\u00fcr die Produktzufuhr verf\u00fcgbar. Sonderausf\u00fchrungen f\u00fcr spezielle Abmessungen oder Formen der Kartons k\u00f6nnen untersucht werden.<\/p>\n<p><img decoding=\"async\" class=\"alignnone size-medium wp-image-4051\" src=\"https:\/\/cormac.eu\/wp-content\/uploads\/2023\/11\/carton-loading-process-300x91.jpg\" alt=\"\" width=\"300\" height=\"91\" srcset=\"https:\/\/cormac.eu\/wp-content\/uploads\/2023\/11\/carton-loading-process-300x91.jpg 300w, https:\/\/cormac.eu\/wp-content\/uploads\/2023\/11\/carton-loading-process.jpg 538w\" sizes=\"(max-width: 300px) 100vw, 300px\" \/><\/p>\n<p>Kapazit\u00e4ten\/Modelle<\/p>\n<ul>\n<li>Modell CCM100 : kontinuierliche Kartoniermaschine, maximale Geschwindigkeit 300 ppm<\/li>\n<li>Modell ICMMP100 : intermittierende Kartoniermaschine, mehrere Teilungen, maximale Geschwindigkeit 90 ppm<\/li>\n<li>Modell ICM100 : intermittierende Kartoniermaschine, maximale Geschwindigkeit 60 ppm<\/li>\n<li>Sonderausf\u00fchrungen : auf Anfrage<\/li>\n<\/ul>\n<p>&nbsp;<\/p>\n<table style=\"height: 487px\" width=\"698\">\n<tbody>\n<tr>\n<td width=\"264\"><strong>F<\/strong><strong>eatures<\/strong><\/td>\n<td width=\"340\"><strong>Vorteile<\/strong><\/td>\n<\/tr>\n<tr>\n<td width=\"264\">Intermittierende oder kontinuierliche Bewegung<\/td>\n<td width=\"340\">Systemintegration<\/td>\n<\/tr>\n<tr>\n<td width=\"264\">Robotische Produktverladung<\/td>\n<td width=\"340\">Effizient, hygienisch, schnell<\/td>\n<\/tr>\n<tr>\n<td width=\"264\">Kundenspezifisches Laden von Produkten<\/td>\n<td width=\"340\">Produktbeladung nach Kundenwunsch<\/td>\n<\/tr>\n<tr>\n<td width=\"264\">Elektronische Drehzahlregelung<\/td>\n<td width=\"340\">Einstellbare Geschwindigkeit<\/td>\n<\/tr>\n<tr>\n<td width=\"264\">Verschlie\u00dfen mit Hei\u00dfkleber<\/td>\n<td width=\"340\">Zuverl\u00e4ssiges Klebeverfahren<\/td>\n<\/tr>\n<tr>\n<td width=\"264\">Schnelles Umschalten<\/td>\n<td width=\"340\">Durchschnittliche Ver\u00e4nderung in 5-10 Minuten<\/td>\n<\/tr>\n<tr>\n<td width=\"264\">Konstruktion aus stahlfreiem oder lackiertem Stahl<\/td>\n<td width=\"340\">Geeignet f\u00fcr verschiedene Branchen<\/td>\n<\/tr>\n<\/tbody>\n<\/table>","protected":false},"excerpt":{"rendered":"<p>Maschine f\u00fcr das seitliche Einlegen von Produkten in vorgeklebte Kartons und das Verschlie\u00dfen derselben.<\/p>","protected":false},"featured_media":4028,"comment_status":"open","ping_status":"closed","template":"","meta":{"uix_meta_title":"","uix_meta_description":"","uix_canonical_url":""},"product_brand":[],"product_cat":[114],"product_tag":[300,271,299],"class_list":{"0":"post-4048","1":"product","2":"type-product","3":"status-publish","4":"has-post-thumbnail","6":"product_cat-secondary-packaging","7":"product_tag-cartoning","8":"product_tag-packaging-lines","9":"product_tag-secondary-packaging","11":"first","12":"instock","13":"shipping-taxable","14":"product-type-simple"},"_links":{"self":[{"href":"https:\/\/cormac.eu\/de\/wp-json\/wp\/v2\/product\/4048","targetHints":{"allow":["GET"]}}],"collection":[{"href":"https:\/\/cormac.eu\/de\/wp-json\/wp\/v2\/product"}],"about":[{"href":"https:\/\/cormac.eu\/de\/wp-json\/wp\/v2\/types\/product"}],"replies":[{"embeddable":true,"href":"https:\/\/cormac.eu\/de\/wp-json\/wp\/v2\/comments?post=4048"}],"wp:featuredmedia":[{"embeddable":true,"href":"https:\/\/cormac.eu\/de\/wp-json\/wp\/v2\/media\/4028"}],"wp:attachment":[{"href":"https:\/\/cormac.eu\/de\/wp-json\/wp\/v2\/media?parent=4048"}],"wp:term":[{"taxonomy":"product_brand","embeddable":true,"href":"https:\/\/cormac.eu\/de\/wp-json\/wp\/v2\/product_brand?post=4048"},{"taxonomy":"product_cat","embeddable":true,"href":"https:\/\/cormac.eu\/de\/wp-json\/wp\/v2\/product_cat?post=4048"},{"taxonomy":"product_tag","embeddable":true,"href":"https:\/\/cormac.eu\/de\/wp-json\/wp\/v2\/product_tag?post=4048"}],"curies":[{"name":"wp","href":"https:\/\/api.w.org\/{rel}","templated":true}]}}