{"id":4006,"date":"2023-11-02T21:54:50","date_gmt":"2023-11-02T20:54:50","guid":{"rendered":"https:\/\/cormac.eu\/?post_type=product&#038;p=4006"},"modified":"2023-11-02T22:35:46","modified_gmt":"2023-11-02T21:35:46","slug":"kcm-omega-schokolade-gieser","status":"publish","type":"product","link":"https:\/\/cormac.eu\/de\/product\/kcm-omega-chocolate-depositor\/","title":{"rendered":"KCM Omega Schokoladeneinleger"},"content":{"rendered":"<p>KCM 9\/18 Omega ist das ultimative Werkzeug f\u00fcr die handwerkliche Herstellung von One-Shot-Produkten. Er enth\u00e4lt einen vollst\u00e4ndig elektroservogesteuerten Gie\u00dfer mit patentiertem Drehkolbensystem. Das schlanke Geh\u00e4use passt in die kleinste Ecke und ist auf Rollen gelagert, so dass es \u00fcberall hin bewegt werden kann. Eine integrierte Sicherheitsabdeckung erm\u00f6glicht den vollen Zugang zu den Trichtern w\u00e4hrend der Produktion. Der Gie\u00dfer hat eine 35 mm Zylinderbuchse mit einer Auswahl von 3 verschiedenen Kolbendurchmessern 10\/20\/25 mm. Die Hubl\u00e4nge der Kolben betr\u00e4gt 32 mm. Die Maschine erm\u00f6glicht einen optimalen Durchsatz f\u00fcr Produkte mit Einschl\u00fcssen. Sie verf\u00fcgt \u00fcber eine individuelle Kolbenbet\u00e4tigung mit patentiertem Kupplungssystem. Die Seitenschienen sind von 380 bis 275 mm verstellbar. Dies erm\u00f6glicht Ihnen, Standardformen, vakuumgeformte Formen und Platten!<\/p>\n<p>&nbsp;<\/p>\n<table style=\"height: 366px\" width=\"879\">\n<tbody>\n<tr>\n<td width=\"197\">\u00a0<strong>Eigenschaften<\/strong><\/td>\n<td width=\"197\">\u00a0<strong>Vorteile<\/strong><\/td>\n<\/tr>\n<tr>\n<td>Maschine auf R\u00e4dern<\/td>\n<td>\n<ul>\n<li>leichtes Umziehen<\/li>\n<\/ul>\n<\/td>\n<\/tr>\n<tr>\n<td>Drehkolbensystem<\/td>\n<td>\n<ul>\n<li>h\u00f6chste Genauigkeit<\/li>\n<\/ul>\n<\/td>\n<\/tr>\n<tr>\n<td>Freitragender Kolbenblock<\/td>\n<td>\n<ul>\n<li>einfacher Zugang<\/li>\n<li>leichte Reinigung<\/li>\n<\/ul>\n<\/td>\n<\/tr>\n<tr>\n<td>D\u00fcsenplattenbefestigung mit Zentralverriegelung<\/td>\n<td>\n<ul>\n<li>Schneller Wechsel der D\u00fcsenplatte<\/li>\n<\/ul>\n<\/td>\n<\/tr>\n<\/tbody>\n<\/table>\n<p>&nbsp;<\/p>\n<p>&nbsp;<\/p>","protected":false},"excerpt":{"rendered":"<p>Hochpr\u00e4ziser und mobiler One-Shot-Schokoladengie\u00dfer f\u00fcr den ambitionierten Chocolatier.<\/p>","protected":false},"featured_media":4025,"comment_status":"open","ping_status":"closed","template":"","meta":{"uix_meta_title":"","uix_meta_description":"","uix_canonical_url":""},"product_brand":[],"product_cat":[107,104],"product_tag":[],"class_list":{"0":"post-4006","1":"product","2":"type-product","3":"status-publish","4":"has-post-thumbnail","6":"product_cat-artisanal","7":"product_cat-processing","9":"first","10":"instock","11":"shipping-taxable","12":"product-type-simple"},"_links":{"self":[{"href":"https:\/\/cormac.eu\/de\/wp-json\/wp\/v2\/product\/4006","targetHints":{"allow":["GET"]}}],"collection":[{"href":"https:\/\/cormac.eu\/de\/wp-json\/wp\/v2\/product"}],"about":[{"href":"https:\/\/cormac.eu\/de\/wp-json\/wp\/v2\/types\/product"}],"replies":[{"embeddable":true,"href":"https:\/\/cormac.eu\/de\/wp-json\/wp\/v2\/comments?post=4006"}],"wp:featuredmedia":[{"embeddable":true,"href":"https:\/\/cormac.eu\/de\/wp-json\/wp\/v2\/media\/4025"}],"wp:attachment":[{"href":"https:\/\/cormac.eu\/de\/wp-json\/wp\/v2\/media?parent=4006"}],"wp:term":[{"taxonomy":"product_brand","embeddable":true,"href":"https:\/\/cormac.eu\/de\/wp-json\/wp\/v2\/product_brand?post=4006"},{"taxonomy":"product_cat","embeddable":true,"href":"https:\/\/cormac.eu\/de\/wp-json\/wp\/v2\/product_cat?post=4006"},{"taxonomy":"product_tag","embeddable":true,"href":"https:\/\/cormac.eu\/de\/wp-json\/wp\/v2\/product_tag?post=4006"}],"curies":[{"name":"wp","href":"https:\/\/api.w.org\/{rel}","templated":true}]}}