{"id":3987,"date":"2023-10-27T14:59:24","date_gmt":"2023-10-27T12:59:24","guid":{"rendered":"https:\/\/cormac.eu\/?post_type=product&#038;p=3987"},"modified":"2023-10-27T15:28:07","modified_gmt":"2023-10-27T13:28:07","slug":"kugelmuhle","status":"publish","type":"product","link":"https:\/\/cormac.eu\/de\/product\/ball-mill\/","title":{"rendered":"Kugelm\u00fchle"},"content":{"rendered":"<p>Kugelm\u00fchle mit einem Fassungsverm\u00f6gen von 20-50 KG, geeignet f\u00fcr kleine und mittlere Schokoladenhersteller und Konditoreien. Die Maschine kann Cremes, Schokoladenmassen, Schokoladencremes und verschiedene Arten von Glasuren bis zu einer Feinheit von 20 Mikron verfeinern. Die Maschine ist solide, zuverl\u00e4ssig und leicht zu handhaben. Ihr Stromanschluss ist auf 220 V eingestellt, so dass sie problemlos in jeder Produktionsst\u00e4tte eingesetzt werden kann.<\/p>\n<p>&nbsp;<\/p>\n<table width=\"491\">\n<tbody>\n<tr>\n<td width=\"246\"><strong>Eigenschaften<\/strong><\/td>\n<td width=\"246\"><strong>Vorteile<\/strong><\/td>\n<\/tr>\n<tr>\n<td width=\"246\">Kompakte Bauweise<\/td>\n<td width=\"246\">Einfach zu platzieren und zu handhaben<\/td>\n<\/tr>\n<tr>\n<td width=\"246\">220 V Strom<\/td>\n<td width=\"246\">Kann in jeder Einrichtung, Werkstatt oder Labor verwendet werden<\/td>\n<\/tr>\n<tr>\n<td width=\"246\"><\/td>\n<td width=\"246\"><\/td>\n<\/tr>\n<tr>\n<td width=\"246\">Abmessungen<\/td>\n<td width=\"246\">L 875 x B 675 x H 1100 MM<\/td>\n<\/tr>\n<tr>\n<td width=\"246\">Gewicht<\/td>\n<td width=\"246\">340 kg<\/td>\n<\/tr>\n<\/tbody>\n<\/table>","protected":false},"excerpt":{"rendered":"<p>Kugelm\u00fchle mit geringer Kapazit\u00e4t f\u00fcr kleine und mittlere Schokoladenhersteller und Konditoreien.<\/p>","protected":false},"featured_media":3986,"comment_status":"open","ping_status":"closed","template":"","meta":{"uix_meta_title":"","uix_meta_description":"","uix_canonical_url":""},"product_brand":[],"product_cat":[104],"product_tag":[],"class_list":{"0":"post-3987","1":"product","2":"type-product","3":"status-publish","4":"has-post-thumbnail","6":"product_cat-processing","8":"first","9":"instock","10":"shipping-taxable","11":"product-type-simple"},"_links":{"self":[{"href":"https:\/\/cormac.eu\/de\/wp-json\/wp\/v2\/product\/3987","targetHints":{"allow":["GET"]}}],"collection":[{"href":"https:\/\/cormac.eu\/de\/wp-json\/wp\/v2\/product"}],"about":[{"href":"https:\/\/cormac.eu\/de\/wp-json\/wp\/v2\/types\/product"}],"replies":[{"embeddable":true,"href":"https:\/\/cormac.eu\/de\/wp-json\/wp\/v2\/comments?post=3987"}],"wp:featuredmedia":[{"embeddable":true,"href":"https:\/\/cormac.eu\/de\/wp-json\/wp\/v2\/media\/3986"}],"wp:attachment":[{"href":"https:\/\/cormac.eu\/de\/wp-json\/wp\/v2\/media?parent=3987"}],"wp:term":[{"taxonomy":"product_brand","embeddable":true,"href":"https:\/\/cormac.eu\/de\/wp-json\/wp\/v2\/product_brand?post=3987"},{"taxonomy":"product_cat","embeddable":true,"href":"https:\/\/cormac.eu\/de\/wp-json\/wp\/v2\/product_cat?post=3987"},{"taxonomy":"product_tag","embeddable":true,"href":"https:\/\/cormac.eu\/de\/wp-json\/wp\/v2\/product_tag?post=3987"}],"curies":[{"name":"wp","href":"https:\/\/api.w.org\/{rel}","templated":true}]}}