{"id":3938,"date":"2023-05-19T10:50:29","date_gmt":"2023-05-19T08:50:29","guid":{"rendered":"https:\/\/cormac.eu\/?post_type=product&#038;p=3938"},"modified":"2023-05-25T21:10:07","modified_gmt":"2023-05-25T19:10:07","slug":"automatischer-schneckenzufuhrer-2","status":"publish","type":"product","link":"https:\/\/cormac.eu\/de\/product\/automatic-slug-feeder\/","title":{"rendered":"Automatischer Schneckenzuf\u00fchrer"},"content":{"rendered":"<p>Der Schneckenzuf\u00fchrer geh\u00f6rt zur Kategorie der Handhabungszuf\u00fchrungssysteme. Es handelt sich um eine vertikale Lade- und Zuf\u00fchreinheit, die zwischen dem Auslauf einer Produktionslinie und der Verpackungs- bzw. Flowpack-Maschine installiert wird.<br \/>\nDer Slug Feeder erzeugt automatisch hochkant Portionen von Produkten. Diese Butzen werden dann automatisch \u00fcber eine 90\u00b0-Umsetzeinheit an das mitlaufende F\u00f6rderband \u00fcbergeben. Die Butzenanleger k\u00f6nnen 2 bis 16 Kan\u00e4le haben, abh\u00e4ngig von der Anzahl der Bahnen des ankommenden Produkts und ihrer Geschwindigkeit. Die Einheiten k\u00f6nnen auch zum Ablegen von Produkten in Trays verwendet werden.<\/p>\n<p><strong>Leistungsbereich<\/strong>: Ma\u00dfgeschneidert \/ auf Anfrage<\/p>\n<p>&nbsp;<\/p>\n<table>\n<tbody>\n<tr>\n<td><strong>Eigenschaften<\/strong><\/td>\n<td><strong>Vorteile<\/strong><\/td>\n<\/tr>\n<tr>\n<td>Einstellung der Stapell\u00e4nge<\/td>\n<td>Kompensation von Produktdickenabweichungen<\/td>\n<\/tr>\n<tr>\n<td>Modularer Aufbau<\/td>\n<td>Verf\u00fcgbar in verschiedenen Konfigurationen<\/td>\n<\/tr>\n<\/tbody>\n<\/table>","protected":false},"excerpt":{"rendered":"<p>The slug feeder belongs to the category of Handling Feeding Systems. It is a vertical loading and feeding unit, installed between the outfeed end of a production line and the packaging \/ flowpack machine. The Slug feeder automatically creates portions of products on edge. These slugs are then automatically transferred to the flighted conveyor via [&hellip;]<\/p>\n","protected":false},"featured_media":3897,"comment_status":"open","ping_status":"closed","template":"","meta":{"uix_meta_title":"","uix_meta_description":"","uix_canonical_url":""},"product_brand":[],"product_cat":[105],"product_tag":[265,266,271,279],"class_list":{"0":"post-3938","1":"product","2":"type-product","3":"status-publish","4":"has-post-thumbnail","6":"product_cat-packaging","7":"product_tag-flowpack","8":"product_tag-flowwrapping","9":"product_tag-packaging-lines","10":"product_tag-slug-feeder","12":"first","13":"instock","14":"shipping-taxable","15":"product-type-simple"},"_links":{"self":[{"href":"https:\/\/cormac.eu\/de\/wp-json\/wp\/v2\/product\/3938","targetHints":{"allow":["GET"]}}],"collection":[{"href":"https:\/\/cormac.eu\/de\/wp-json\/wp\/v2\/product"}],"about":[{"href":"https:\/\/cormac.eu\/de\/wp-json\/wp\/v2\/types\/product"}],"replies":[{"embeddable":true,"href":"https:\/\/cormac.eu\/de\/wp-json\/wp\/v2\/comments?post=3938"}],"wp:featuredmedia":[{"embeddable":true,"href":"https:\/\/cormac.eu\/de\/wp-json\/wp\/v2\/media\/3897"}],"wp:attachment":[{"href":"https:\/\/cormac.eu\/de\/wp-json\/wp\/v2\/media?parent=3938"}],"wp:term":[{"taxonomy":"product_brand","embeddable":true,"href":"https:\/\/cormac.eu\/de\/wp-json\/wp\/v2\/product_brand?post=3938"},{"taxonomy":"product_cat","embeddable":true,"href":"https:\/\/cormac.eu\/de\/wp-json\/wp\/v2\/product_cat?post=3938"},{"taxonomy":"product_tag","embeddable":true,"href":"https:\/\/cormac.eu\/de\/wp-json\/wp\/v2\/product_tag?post=3938"}],"curies":[{"name":"wp","href":"https:\/\/api.w.org\/{rel}","templated":true}]}}