{"id":3936,"date":"2023-05-19T10:38:59","date_gmt":"2023-05-19T08:38:59","guid":{"rendered":"https:\/\/cormac.eu\/?post_type=product&#038;p=3936"},"modified":"2023-05-25T21:11:43","modified_gmt":"2023-05-25T19:11:43","slug":"automatischer-rollenzufuhrer-2","status":"publish","type":"product","link":"https:\/\/cormac.eu\/de\/product\/automatic-roll-feeder\/","title":{"rendered":"Automatischer Rolleneinzug"},"content":{"rendered":"<p>Der automatische Rollenzuf\u00fchrer geh\u00f6rt zur Kategorie der Handhabungszuf\u00fchrungssysteme. Er wird zwischen dem Auslauf einer Produktionslinie und der Verpackungs- \/ Flowpack-Maschine installiert.<br \/>\nSie nimmt das Produkt auf und f\u00fchrt es der Flowpack-Maschine in der gew\u00fcnschten Anzahl und Gr\u00f6\u00dfe zu. Die Einheit verf\u00fcgt \u00fcber eine bestimmte Anzahl von Produktbeh\u00e4ltern, die f\u00fcr die spezifische Form des Produkts und die erforderliche Ausgabegeschwindigkeit ausgelegt sind. Jeder Trichter hat eine Freigabeklappe, und die Anzahl der Packungen wird durch Fotozellen ermittelt. F\u00f6rderb\u00e4nder mit Edelstahltr\u00e4gern laufen vor den Fotozellen vorbei und z\u00e4hlen die korrekte Anzahl der Produkte, die in jeden Produkttrichter gelangen.<\/p>\n<p><strong>Kapazit\u00e4t Bereich <\/strong>: Ma\u00dfgeschneidert\/ auf Anfrage<\/p>","protected":false},"excerpt":{"rendered":"<p>Maschine zum automatischen Z\u00e4hlen, Gruppieren und Zuf\u00fchren auf das Einlaufband eines Flowpackers.<\/p>","protected":false},"featured_media":3898,"comment_status":"open","ping_status":"closed","template":"","meta":{"uix_meta_title":"","uix_meta_description":"","uix_canonical_url":""},"product_brand":[],"product_cat":[105],"product_tag":[277,278,271],"class_list":{"0":"post-3936","1":"product","2":"type-product","3":"status-publish","4":"has-post-thumbnail","6":"product_cat-packaging","7":"product_tag-bread-roll-feeder","8":"product_tag-feeding-system","9":"product_tag-packaging-lines","11":"first","12":"instock","13":"shipping-taxable","14":"product-type-simple"},"_links":{"self":[{"href":"https:\/\/cormac.eu\/de\/wp-json\/wp\/v2\/product\/3936","targetHints":{"allow":["GET"]}}],"collection":[{"href":"https:\/\/cormac.eu\/de\/wp-json\/wp\/v2\/product"}],"about":[{"href":"https:\/\/cormac.eu\/de\/wp-json\/wp\/v2\/types\/product"}],"replies":[{"embeddable":true,"href":"https:\/\/cormac.eu\/de\/wp-json\/wp\/v2\/comments?post=3936"}],"wp:featuredmedia":[{"embeddable":true,"href":"https:\/\/cormac.eu\/de\/wp-json\/wp\/v2\/media\/3898"}],"wp:attachment":[{"href":"https:\/\/cormac.eu\/de\/wp-json\/wp\/v2\/media?parent=3936"}],"wp:term":[{"taxonomy":"product_brand","embeddable":true,"href":"https:\/\/cormac.eu\/de\/wp-json\/wp\/v2\/product_brand?post=3936"},{"taxonomy":"product_cat","embeddable":true,"href":"https:\/\/cormac.eu\/de\/wp-json\/wp\/v2\/product_cat?post=3936"},{"taxonomy":"product_tag","embeddable":true,"href":"https:\/\/cormac.eu\/de\/wp-json\/wp\/v2\/product_tag?post=3936"}],"curies":[{"name":"wp","href":"https:\/\/api.w.org\/{rel}","templated":true}]}}