{"id":3935,"date":"2023-05-18T23:09:21","date_gmt":"2023-05-18T21:09:21","guid":{"rendered":"https:\/\/cormac.eu\/?post_type=product&#038;p=3935"},"modified":"2023-05-19T10:50:05","modified_gmt":"2023-05-19T08:50:05","slug":"automatischer-stapelanleger-2","status":"publish","type":"product","link":"https:\/\/cormac.eu\/de\/product\/automatic-pile-feeder\/","title":{"rendered":"Automatischer Stapelanleger"},"content":{"rendered":"<p>Der automatische Stapelanleger geh\u00f6rt zur Kategorie der Handhabungszuf\u00fchrsysteme. Es handelt sich um eine horizontale Lade- und Zuf\u00fchreinheit, die am Auslauf der Produktionslinien installiert wird.  Seine Aufgabe ist es, flach liegende Produkte zu Stapeln zu gruppieren und die Stapel in die Einlaufrinnen der Schlauchbeutelmaschine(n) zu bef\u00f6rdern. Dieser Stapelanleger bildet die Stapel sanft in variablen H\u00f6hen, die von einer einzelnen Lage bis zur maximalen stabilen H\u00f6he reichen. Bei den zu verarbeitenden Produkten handelt es sich in der Regel um Kekse, Cracker, Sandwichkekse, Toastscheiben oder Crackerbrote.  Die vierachsige horizontale Zuf\u00fchreinheit des Spitzenmodells wird von 4 Servomotoren angetrieben.  Bei dieser Version kann die Stapelh\u00f6he bei laufender Maschine ohne Unterbrechung eingestellt werden. Es gibt auch eine zweiachsige Version, die von zwei Servomotoren angetrieben wird.<\/p>\n<p><strong>Leistungsbereich<\/strong> : ma\u00dfgeschneidert\/auf Anfrage<\/p>\n<p>&nbsp;<\/p>\n<table>\n<tbody>\n<tr>\n<td><strong>Eigenschaften<\/strong><\/td>\n<td><strong>Vorteile<\/strong><\/td>\n<\/tr>\n<tr>\n<td>Einstellung der Stapelh\u00f6he<\/td>\n<td>Fliegender Ausgleich von Produktdickenabweichungen<\/td>\n<\/tr>\n<tr>\n<td>Modularer Aufbau<\/td>\n<td>Verf\u00fcgbar in verschiedenen Konfigurationen<\/td>\n<\/tr>\n<\/tbody>\n<\/table>\n<p>&nbsp;<\/p>","protected":false},"excerpt":{"rendered":"<p>Diese Maschine stellt Produkte wie Kekse, Cracker und Toastscheiben zu Stapeln zusammen und f\u00fchrt diese dem Zuf\u00fchrband des Flowpackers zu.<\/p>","protected":false},"featured_media":3897,"comment_status":"open","ping_status":"closed","template":"","meta":{"uix_meta_title":"","uix_meta_description":"","uix_canonical_url":""},"product_brand":[],"product_cat":[105],"product_tag":[275,265,271,276],"class_list":{"0":"post-3935","1":"product","2":"type-product","3":"status-publish","4":"has-post-thumbnail","6":"product_cat-packaging","7":"product_tag-feeding","8":"product_tag-flowpack","9":"product_tag-packaging-lines","10":"product_tag-stacking","12":"first","13":"instock","14":"shipping-taxable","15":"product-type-simple"},"_links":{"self":[{"href":"https:\/\/cormac.eu\/de\/wp-json\/wp\/v2\/product\/3935","targetHints":{"allow":["GET"]}}],"collection":[{"href":"https:\/\/cormac.eu\/de\/wp-json\/wp\/v2\/product"}],"about":[{"href":"https:\/\/cormac.eu\/de\/wp-json\/wp\/v2\/types\/product"}],"replies":[{"embeddable":true,"href":"https:\/\/cormac.eu\/de\/wp-json\/wp\/v2\/comments?post=3935"}],"wp:featuredmedia":[{"embeddable":true,"href":"https:\/\/cormac.eu\/de\/wp-json\/wp\/v2\/media\/3897"}],"wp:attachment":[{"href":"https:\/\/cormac.eu\/de\/wp-json\/wp\/v2\/media?parent=3935"}],"wp:term":[{"taxonomy":"product_brand","embeddable":true,"href":"https:\/\/cormac.eu\/de\/wp-json\/wp\/v2\/product_brand?post=3935"},{"taxonomy":"product_cat","embeddable":true,"href":"https:\/\/cormac.eu\/de\/wp-json\/wp\/v2\/product_cat?post=3935"},{"taxonomy":"product_tag","embeddable":true,"href":"https:\/\/cormac.eu\/de\/wp-json\/wp\/v2\/product_tag?post=3935"}],"curies":[{"name":"wp","href":"https:\/\/api.w.org\/{rel}","templated":true}]}}