{"id":3934,"date":"2023-05-18T23:02:16","date_gmt":"2023-05-18T21:02:16","guid":{"rendered":"https:\/\/cormac.eu\/?post_type=product&#038;p=3934"},"modified":"2023-05-18T23:08:29","modified_gmt":"2023-05-18T21:08:29","slug":"flowpack-maschine-pack-9000","status":"publish","type":"product","link":"https:\/\/cormac.eu\/de\/product\/flowpack-machine-pack-9000\/","title":{"rendered":"Schlauchbeutelmaschine - pack 9000"},"content":{"rendered":"<p>Diese Flowpack-Maschine geh\u00f6rt zur 9er-Serie, die mit einem oberen Folienrollenhalter ausgestattet ist. Diese Konstruktionsplattform wird f\u00fcr mehrere Konfigurationen verwendet, die in Kombination mit einer breiten Palette von Zubeh\u00f6rteilen die Anpassung der Maschine an viele verschiedene zu verpackende Produkte in unterschiedlichen Produktionsumgebungen erm\u00f6glichen. Die Maschine kann in verschiedenen Versionen geliefert werden, z. B. f\u00fcr Hei\u00df- oder Kaltsiegelung, mit rotierendem Siegelger\u00e4t\/Schneider, in Edelstahl und in Rechts- oder Linksausf\u00fchrung sowie mit verschiedenen Zuf\u00fchrsystemen.<\/p>\n<p>Leistungsbereich: 600- 800 St\u00fcck pro Minute; 80 m\/Minute<\/p>\n<p>&nbsp;<\/p>\n<table>\n<tbody>\n<tr>\n<td>\n<p style=\"text-align: center\"><strong>Eigenschaften<\/strong><\/p>\n<\/td>\n<td>\n<p style=\"text-align: center\"><strong>Vorteile<\/strong><\/p>\n<\/td>\n<\/tr>\n<tr>\n<td>Freitragende Konstruktion<\/td>\n<td>\n<ul>\n<li>Guter Zugang zu allen Maschinenteilen<\/li>\n<li>Einfache Wartung<\/li>\n<\/ul>\n<\/td>\n<\/tr>\n<tr>\n<td>F\u00f6rderband mit Schiebepaddeln<\/td>\n<td>\n<ul>\n<li>Einfache Abstandsvariation der Dr\u00fccker<\/li>\n<li>ohne Werkzeuge zu ben\u00f6tigen<\/li>\n<\/ul>\n<\/td>\n<\/tr>\n<tr>\n<td>Modularer Aufbau<\/td>\n<td>\n<ul>\n<li>Anpassungsf\u00e4higkeit an Kundenanforderungen<\/li>\n<\/ul>\n<\/td>\n<\/tr>\n<tr>\n<td>Pneumatischer Spulenhalter<\/td>\n<td>\n<ul>\n<li>Einfacher Spulenwechsel<\/li>\n<li>Axiale Einstellung bei laufender Maschine<\/li>\n<\/ul>\n<\/td>\n<\/tr>\n<tr>\n<td>Fester Formkasten<\/td>\n<td>\n<ul>\n<li>Entwickelt f\u00fcr ein bestimmtes Produkt<\/li>\n<\/ul>\n<\/td>\n<\/tr>\n<tr>\n<td>Modul f\u00fcr die L\u00e4ngsabdichtung<\/td>\n<td>\n<ul>\n<li>1 Paar Kaltfolien-Ziehscheiben<\/li>\n<li>2 Paar beheizte Dichtungsscheiben<\/li>\n<li>1 Paar konische Flossendichtungs-Klappr\u00e4der<\/li>\n<\/ul>\n<\/td>\n<\/tr>\n<tr>\n<td>Modul L\u00e4ngsnahtschwei\u00dfen<\/td>\n<td>\n<ul>\n<li>Leicht zu entfernen\/ersetzen<\/li>\n<li>Leichte Reinigung<\/li>\n<\/ul>\n<\/td>\n<\/tr>\n<tr>\n<td>Modul f\u00fcr rotierendes Schneiden und Schwei\u00dfen<\/td>\n<td>\n<ul>\n<li>Hergestellt nach Produkten und Filmen<\/li>\n<\/ul>\n<\/td>\n<\/tr>\n<tr>\n<td>Auslaufband mit Auswurf<\/td>\n<td>\n<ul>\n<li>Variable Geschwindigkeit<\/li>\n<li>System zur Erkennung und Ausleitung von Leer-\/Doppelpackungen<\/li>\n<\/ul>\n<\/td>\n<\/tr>\n<tr>\n<td>\u00a0Touchscreen-Anzeige<\/td>\n<td>\n<ul>\n<li>Vollelektronische Kontrolle<\/li>\n<li>Intuitive Bedienung<\/li>\n<li>Speicherung der Parameter<\/li>\n<li>Alarme und Warnungen<\/li>\n<\/ul>\n<\/td>\n<\/tr>\n<\/tbody>\n<\/table>\n<p>&nbsp;<\/p>","protected":false},"excerpt":{"rendered":"<p>Flowpack-Maschine f\u00fcr das Flowwrapping regelm\u00e4\u00dfiger Produkte bei hoher Produktionsgeschwindigkeit mit mehrfachem Formatwechsel unter Verwendung eines automatischen Zuf\u00fchrsystems.<\/p>","protected":false},"featured_media":3896,"comment_status":"open","ping_status":"closed","template":"","meta":{"uix_meta_title":"","uix_meta_description":"","uix_canonical_url":""},"product_brand":[],"product_cat":[105],"product_tag":[265,266,271],"class_list":{"0":"post-3934","1":"product","2":"type-product","3":"status-publish","4":"has-post-thumbnail","6":"product_cat-packaging","7":"product_tag-flowpack","8":"product_tag-flowwrapping","9":"product_tag-packaging-lines","11":"first","12":"instock","13":"shipping-taxable","14":"product-type-simple"},"_links":{"self":[{"href":"https:\/\/cormac.eu\/de\/wp-json\/wp\/v2\/product\/3934","targetHints":{"allow":["GET"]}}],"collection":[{"href":"https:\/\/cormac.eu\/de\/wp-json\/wp\/v2\/product"}],"about":[{"href":"https:\/\/cormac.eu\/de\/wp-json\/wp\/v2\/types\/product"}],"replies":[{"embeddable":true,"href":"https:\/\/cormac.eu\/de\/wp-json\/wp\/v2\/comments?post=3934"}],"wp:featuredmedia":[{"embeddable":true,"href":"https:\/\/cormac.eu\/de\/wp-json\/wp\/v2\/media\/3896"}],"wp:attachment":[{"href":"https:\/\/cormac.eu\/de\/wp-json\/wp\/v2\/media?parent=3934"}],"wp:term":[{"taxonomy":"product_brand","embeddable":true,"href":"https:\/\/cormac.eu\/de\/wp-json\/wp\/v2\/product_brand?post=3934"},{"taxonomy":"product_cat","embeddable":true,"href":"https:\/\/cormac.eu\/de\/wp-json\/wp\/v2\/product_cat?post=3934"},{"taxonomy":"product_tag","embeddable":true,"href":"https:\/\/cormac.eu\/de\/wp-json\/wp\/v2\/product_tag?post=3934"}],"curies":[{"name":"wp","href":"https:\/\/api.w.org\/{rel}","templated":true}]}}