{"id":3930,"date":"2023-05-18T22:35:25","date_gmt":"2023-05-18T20:35:25","guid":{"rendered":"https:\/\/cormac.eu\/?post_type=product&#038;p=3930"},"modified":"2023-05-18T22:46:02","modified_gmt":"2023-05-18T20:46:02","slug":"flowpack-maschine-pack-90-2","status":"publish","type":"product","link":"https:\/\/cormac.eu\/de\/product\/flowpack-machine-pack-90\/","title":{"rendered":"Flowpack-Maschine - Pack 90"},"content":{"rendered":"<p>Diese Flowpack-Maschine geh\u00f6rt zur 9er-Serie, die mit einem oberen Folienrollenhalter ausgestattet ist. Diese Konstruktionsplattform wird f\u00fcr mehrere Konfigurationen verwendet, die in Kombination mit einer breiten Palette von Zubeh\u00f6rteilen die Anpassung der Maschine an viele verschiedene zu verpackende Produkte in unterschiedlichen Produktionsumgebungen erm\u00f6glichen. Die Maschine kann in verschiedenen Versionen geliefert werden, z.B. f\u00fcr Hei\u00df- oder Kaltsiegelung, mit rotierendem Siegelger\u00e4t\/Schneider, in Edelstahl und in Rechts- oder Linksausf\u00fchrung.<\/p>\n<p><strong>Kapazit\u00e4tsbereich:<\/strong> 100-300 ppm; 30 mts \/min<\/p>\n<p>&nbsp;<\/p>\n<table style=\"height: 709px\" width=\"717\">\n<tbody>\n<tr>\n<td><strong>Eigenschaften<\/strong><\/td>\n<td><strong>Vorteile<\/strong><\/td>\n<\/tr>\n<tr>\n<td>Freitragende Konstruktion<\/td>\n<td>\n<ul>\n<li>Guter Zugang zu allen Maschinenteilen<\/li>\n<li>Einfache Wartung<\/li>\n<\/ul>\n<\/td>\n<\/tr>\n<tr>\n<td><\/td>\n<td><\/td>\n<\/tr>\n<tr>\n<td>Modularer Aufbau<\/td>\n<td>\n<ul>\n<li>Anpassungsf\u00e4higkeit an Kundenanforderungen<\/li>\n<\/ul>\n<\/td>\n<\/tr>\n<tr>\n<td>Pneumatischer Spulenhalter<\/td>\n<td>\n<ul>\n<li>Einfacher Spulenwechsel<\/li>\n<li>Axiale Einstellung bei laufender Maschine<\/li>\n<\/ul>\n<\/td>\n<\/tr>\n<tr>\n<td>Modulare L\u00e4ngsdichtungseinheit<\/td>\n<td>\n<ul>\n<li>1 Paar kalte R\u00e4der zum Ziehen der Folie<\/li>\n<li>2 Paar beheizte R\u00e4der zur Versiegelung<\/li>\n<li>1 Paar konische R\u00e4der zum Falten der Flossendichtung<\/li>\n<\/ul>\n<\/td>\n<\/tr>\n<tr>\n<td>Universal-Formkasten<\/td>\n<td>\n<ul>\n<li>Einstellbar auf verschiedene Produktgr\u00f6\u00dfen<\/li>\n<\/ul>\n<\/td>\n<\/tr>\n<tr>\n<td>Auslaufband mit variabler Geschwindigkeit<\/td>\n<td>\n<ul>\n<li>Einstellbar auf die Wickelgeschwindigkeit<\/li>\n<\/ul>\n<\/td>\n<\/tr>\n<tr>\n<td>\u00a0Touchscreen-Anzeige<\/td>\n<td>\n<ul>\n<li>Vollelektronische Kontrolle<\/li>\n<li>Intuitive Bedienung<\/li>\n<li>Speicherung von Parametern<\/li>\n<li>Alarme und Warnungen<\/li>\n<\/ul>\n<\/td>\n<\/tr>\n<\/tbody>\n<\/table>","protected":false},"excerpt":{"rendered":"<p>Flowpack-Maschine f\u00fcr das Flowwrapping regelm\u00e4\u00dfiger Produkte bei niedrigen bis mittleren Produktionsgeschwindigkeiten.<\/p>","protected":false},"featured_media":3892,"comment_status":"open","ping_status":"closed","template":"","meta":{"uix_meta_title":"","uix_meta_description":"","uix_canonical_url":""},"product_brand":[],"product_cat":[105],"product_tag":[265,266,271],"class_list":{"0":"post-3930","1":"product","2":"type-product","3":"status-publish","4":"has-post-thumbnail","6":"product_cat-packaging","7":"product_tag-flowpack","8":"product_tag-flowwrapping","9":"product_tag-packaging-lines","11":"first","12":"instock","13":"shipping-taxable","14":"product-type-simple"},"_links":{"self":[{"href":"https:\/\/cormac.eu\/de\/wp-json\/wp\/v2\/product\/3930","targetHints":{"allow":["GET"]}}],"collection":[{"href":"https:\/\/cormac.eu\/de\/wp-json\/wp\/v2\/product"}],"about":[{"href":"https:\/\/cormac.eu\/de\/wp-json\/wp\/v2\/types\/product"}],"replies":[{"embeddable":true,"href":"https:\/\/cormac.eu\/de\/wp-json\/wp\/v2\/comments?post=3930"}],"wp:featuredmedia":[{"embeddable":true,"href":"https:\/\/cormac.eu\/de\/wp-json\/wp\/v2\/media\/3892"}],"wp:attachment":[{"href":"https:\/\/cormac.eu\/de\/wp-json\/wp\/v2\/media?parent=3930"}],"wp:term":[{"taxonomy":"product_brand","embeddable":true,"href":"https:\/\/cormac.eu\/de\/wp-json\/wp\/v2\/product_brand?post=3930"},{"taxonomy":"product_cat","embeddable":true,"href":"https:\/\/cormac.eu\/de\/wp-json\/wp\/v2\/product_cat?post=3930"},{"taxonomy":"product_tag","embeddable":true,"href":"https:\/\/cormac.eu\/de\/wp-json\/wp\/v2\/product_tag?post=3930"}],"curies":[{"name":"wp","href":"https:\/\/api.w.org\/{rel}","templated":true}]}}