{"id":3928,"date":"2023-05-18T22:24:24","date_gmt":"2023-05-18T20:24:24","guid":{"rendered":"https:\/\/cormac.eu\/?post_type=product&#038;p=3928"},"modified":"2023-05-18T22:33:28","modified_gmt":"2023-05-18T20:33:28","slug":"flowpack-maschine-pack-600","status":"publish","type":"product","link":"https:\/\/cormac.eu\/de\/product\/flowpack-machine-pack-600\/","title":{"rendered":"Flowpack-Maschine - Pack 600"},"content":{"rendered":"<p>Diese Flowpack-Maschine geh\u00f6rt zur 6er-Serie, die mit einem unteren Folienrollenhalter ausgestattet ist. Diese Konstruktionsplattform wird f\u00fcr mehrere Konfigurationen verwendet, die in Kombination mit einer breiten Palette von Zubeh\u00f6rteilen die Anpassung der Maschine an viele verschiedene zu verpackende Produkte in unterschiedlichen Produktionsumgebungen erm\u00f6glichen. Die Maschine kann in verschiedenen Versionen geliefert werden, z.B. f\u00fcr Hei\u00df- oder Kaltsiegelung, mit rotierendem Siegelger\u00e4t\/Schneider, in Edelstahl und in Rechts- oder Linksausf\u00fchrung. Die Maschine kann mit verschiedenen ma\u00dfgeschneiderten Zuf\u00fchrsystemen geliefert werden.<\/p>\n<p>Leistungsbereich: 200 - 600 St\u00fcck pro Minute; 40 mts\/min.<\/p>\n<table style=\"height: 868px\" width=\"692\">\n<tbody>\n<tr>\n<td>\n<p style=\"text-align: center\"><strong>Eigenschaften<\/strong><\/p>\n<\/td>\n<td>\n<p style=\"text-align: center\"><strong>Vorteile<\/strong><\/p>\n<\/td>\n<\/tr>\n<tr>\n<td>Freitragende Konstruktion<\/td>\n<td>\n<ul>\n<li>Guter Zugang zu allen Maschinenteilen<\/li>\n<li>Einfache Wartung<\/li>\n<\/ul>\n<\/td>\n<\/tr>\n<tr>\n<td>Modularer Aufbau<\/td>\n<td>\n<ul>\n<li>Anpassungsf\u00e4higkeit an Kundenanforderungen<\/li>\n<li>Hohe Flexibilit\u00e4t<\/li>\n<\/ul>\n<\/td>\n<\/tr>\n<tr>\n<td>Palettenf\u00f6rderband<\/td>\n<td>\n<ul>\n<li>Leicht einstellbarer St\u00f6\u00dfelabstand<\/li>\n<li>ohne Werkzeuge<\/li>\n<\/ul>\n<\/td>\n<\/tr>\n<tr>\n<td>Pneumatischer Spulenhalter<\/td>\n<td>\n<ul>\n<li>Einfacher Spulenwechsel<\/li>\n<li>Axiale Einstellung bei laufender Maschine<\/li>\n<\/ul>\n<\/td>\n<\/tr>\n<tr>\n<td>Universal-Formkasten<\/td>\n<td>\n<ul>\n<li>Einstellbar auf verschiedene Produktgr\u00f6\u00dfen<\/li>\n<\/ul>\n<\/td>\n<\/tr>\n<tr>\n<td>Modulare L\u00e4ngsdichtungseinheit<\/td>\n<td>\n<ul>\n<li>1 Paar Kaltfolien-Ziehscheiben<\/li>\n<li>2 Paar beheizte Dichtungsscheiben<\/li>\n<li>1 Paar konische Flossendichtungs-Klappr\u00e4der<\/li>\n<\/ul>\n<\/td>\n<\/tr>\n<tr>\n<td>Modul L\u00e4ngsnahtschwei\u00dfen<\/td>\n<td>\n<ul>\n<li>Leicht zu reinigen<\/li>\n<li>Leicht zu entfernen\/ersetzen<\/li>\n<\/ul>\n<\/td>\n<\/tr>\n<tr>\n<td>Auslaufband mit Auswurf<\/td>\n<td>\n<ul>\n<li>Variable Geschwindigkeitseinstellung<\/li>\n<li>Erkennung und Zur\u00fcckweisung von leeren oder doppelten Verpackungen<\/li>\n<\/ul>\n<\/td>\n<\/tr>\n<tr>\n<td>\u00a010,4\" Touchscreen-Display<\/td>\n<td>\n<ul>\n<li>Vollelektronische Kontrolle<\/li>\n<li>Intuitive Bedienung<\/li>\n<li>Alle angezeigten Parameter<\/li>\n<li>Angezeigte Alarme und Warnungen<\/li>\n<\/ul>\n<\/td>\n<\/tr>\n<\/tbody>\n<\/table>","protected":false},"excerpt":{"rendered":"<p>Flowpack-Maschine f\u00fcr das Flowwrapping von unregelm\u00e4\u00dfigen oder zerbrechlichen Produkten bei mittleren bis hohen Produktionsgeschwindigkeiten.<\/p>","protected":false},"featured_media":3894,"comment_status":"open","ping_status":"closed","template":"","meta":{"uix_meta_title":"","uix_meta_description":"","uix_canonical_url":""},"product_brand":[],"product_cat":[105],"product_tag":[265,266,271],"class_list":{"0":"post-3928","1":"product","2":"type-product","3":"status-publish","4":"has-post-thumbnail","6":"product_cat-packaging","7":"product_tag-flowpack","8":"product_tag-flowwrapping","9":"product_tag-packaging-lines","11":"first","12":"instock","13":"shipping-taxable","14":"product-type-simple"},"_links":{"self":[{"href":"https:\/\/cormac.eu\/de\/wp-json\/wp\/v2\/product\/3928","targetHints":{"allow":["GET"]}}],"collection":[{"href":"https:\/\/cormac.eu\/de\/wp-json\/wp\/v2\/product"}],"about":[{"href":"https:\/\/cormac.eu\/de\/wp-json\/wp\/v2\/types\/product"}],"replies":[{"embeddable":true,"href":"https:\/\/cormac.eu\/de\/wp-json\/wp\/v2\/comments?post=3928"}],"wp:featuredmedia":[{"embeddable":true,"href":"https:\/\/cormac.eu\/de\/wp-json\/wp\/v2\/media\/3894"}],"wp:attachment":[{"href":"https:\/\/cormac.eu\/de\/wp-json\/wp\/v2\/media?parent=3928"}],"wp:term":[{"taxonomy":"product_brand","embeddable":true,"href":"https:\/\/cormac.eu\/de\/wp-json\/wp\/v2\/product_brand?post=3928"},{"taxonomy":"product_cat","embeddable":true,"href":"https:\/\/cormac.eu\/de\/wp-json\/wp\/v2\/product_cat?post=3928"},{"taxonomy":"product_tag","embeddable":true,"href":"https:\/\/cormac.eu\/de\/wp-json\/wp\/v2\/product_tag?post=3928"}],"curies":[{"name":"wp","href":"https:\/\/api.w.org\/{rel}","templated":true}]}}