{"id":3912,"date":"2023-05-18T21:19:48","date_gmt":"2023-05-18T19:19:48","guid":{"rendered":"https:\/\/cormac.eu\/?post_type=product&#038;p=3912"},"modified":"2023-05-19T11:04:56","modified_gmt":"2023-05-19T09:04:56","slug":"flowpack-maschine-pack-300","status":"publish","type":"product","link":"https:\/\/cormac.eu\/de\/product\/flowpack-machine-pack-300\/","title":{"rendered":"Flowpack-Maschine - Pack 300"},"content":{"rendered":"<p>Diese Flowpack-Maschine geh\u00f6rt zur '3er-Serie', die \u00fcber einen oberen und unteren Folienrollenhalter verf\u00fcgt. Diese Konstruktionsplattform wird f\u00fcr mehrere Konfigurationen verwendet, die in Kombination mit einer breiten Palette von Zubeh\u00f6rteilen die Anpassung der Maschine an viele verschiedene zu verpackende Produkte in unterschiedlichen Produktionsumgebungen erm\u00f6glicht. Die Maschine kann in verschiedenen Versionen geliefert werden, z. B. f\u00fcr Hei\u00df- oder Kaltsiegelung, mit rotierendem Siegelger\u00e4t\/Schneider, in Edelstahl und in Rechts- oder Linksausf\u00fchrung. Die Maschine kann mit verschiedenen kundenspezifischen Zuf\u00fchrsystemen geliefert werden.<\/p>\n<p><strong>Leistungsbereich<\/strong>200 - 600 St\u00fcck pro Minute; 40 mts\/min.<\/p>\n<p>&nbsp;<\/p>\n<table>\n<tbody>\n<tr>\n<td><strong>Eigenschaften<\/strong><\/td>\n<td><strong>Vorteile<\/strong><\/td>\n<\/tr>\n<tr>\n<td>Freitragende Konstruktion<\/td>\n<td>\n<ul>\n<li>Guter Zugang zu allen Maschinenteilen<\/li>\n<li>Einfache Wartung<\/li>\n<\/ul>\n<\/td>\n<\/tr>\n<tr>\n<td>Modularer Aufbau<\/td>\n<td>\n<ul>\n<li>Anpassungsf\u00e4higkeit an Kundenanforderungen<\/li>\n<li>hohe Flexibilit\u00e4t<\/li>\n<\/ul>\n<\/td>\n<\/tr>\n<tr>\n<td>Palettenf\u00f6rderer<\/td>\n<td>\n<ul>\n<li>Leicht abnehmbare Dr\u00fccker<\/li>\n<li>Leicht einstellbarer Schieberabstand<\/li>\n<li>werkzeuglos<\/li>\n<\/ul>\n<\/td>\n<\/tr>\n<tr>\n<td>Pneumatischer Spulenhalter<\/td>\n<td>\n<ul>\n<li>Einfacher Spulenwechsel<\/li>\n<li>Axiale Einstellung bei laufender Maschine<\/li>\n<\/ul>\n<\/td>\n<\/tr>\n<tr>\n<td>Modulare L\u00e4ngsdichtungseinheit<\/td>\n<td>\n<ul>\n<li>1 Paar Kaltabziehr\u00e4der<\/li>\n<li>2 Paar beheizte Dichtungsscheiben<\/li>\n<li>1 Paar konische Flossendichtungs-Klappr\u00e4der<\/li>\n<\/ul>\n<\/td>\n<\/tr>\n<tr>\n<td>L\u00e4ngsnahtschwei\u00dfger\u00e4t<\/td>\n<td>\n<ul>\n<li>Einfaches Entfernen\/Ersetzen<\/li>\n<li>Leichte Reinigung<\/li>\n<\/ul>\n<\/td>\n<\/tr>\n<tr>\n<td>Auslaufband mit Auswurf<\/td>\n<td>\n<ul>\n<li>Variable Geschwindigkeitseinstellung<\/li>\n<li>Erkennung und Auswurf von Leer-\/Doppelpackungen<\/li>\n<\/ul>\n<\/td>\n<\/tr>\n<tr>\n<td>\u00a010,4\" Touchscreen-Display<\/td>\n<td>\n<ul>\n<li>Vollelektronische Kontrolle<\/li>\n<li>Intuitive Bedienung<\/li>\n<li>Speicherung von Parametern<\/li>\n<li>Angezeigte Alarme und Warnungen<\/li>\n<\/ul>\n<\/td>\n<\/tr>\n<\/tbody>\n<\/table>","protected":false},"excerpt":{"rendered":"<p>Flowpack-Maschine f\u00fcr das Flowwrapping von Flachprodukten bei mittleren bis hohen Geschwindigkeiten.<\/p>","protected":false},"featured_media":3893,"comment_status":"open","ping_status":"closed","template":"","meta":{"uix_meta_title":"","uix_meta_description":"","uix_canonical_url":""},"product_brand":[],"product_cat":[105],"product_tag":[265,266,271],"class_list":{"0":"post-3912","1":"product","2":"type-product","3":"status-publish","4":"has-post-thumbnail","6":"product_cat-packaging","7":"product_tag-flowpack","8":"product_tag-flowwrapping","9":"product_tag-packaging-lines","11":"first","12":"instock","13":"shipping-taxable","14":"product-type-simple"},"_links":{"self":[{"href":"https:\/\/cormac.eu\/de\/wp-json\/wp\/v2\/product\/3912","targetHints":{"allow":["GET"]}}],"collection":[{"href":"https:\/\/cormac.eu\/de\/wp-json\/wp\/v2\/product"}],"about":[{"href":"https:\/\/cormac.eu\/de\/wp-json\/wp\/v2\/types\/product"}],"replies":[{"embeddable":true,"href":"https:\/\/cormac.eu\/de\/wp-json\/wp\/v2\/comments?post=3912"}],"wp:featuredmedia":[{"embeddable":true,"href":"https:\/\/cormac.eu\/de\/wp-json\/wp\/v2\/media\/3893"}],"wp:attachment":[{"href":"https:\/\/cormac.eu\/de\/wp-json\/wp\/v2\/media?parent=3912"}],"wp:term":[{"taxonomy":"product_brand","embeddable":true,"href":"https:\/\/cormac.eu\/de\/wp-json\/wp\/v2\/product_brand?post=3912"},{"taxonomy":"product_cat","embeddable":true,"href":"https:\/\/cormac.eu\/de\/wp-json\/wp\/v2\/product_cat?post=3912"},{"taxonomy":"product_tag","embeddable":true,"href":"https:\/\/cormac.eu\/de\/wp-json\/wp\/v2\/product_tag?post=3912"}],"curies":[{"name":"wp","href":"https:\/\/api.w.org\/{rel}","templated":true}]}}