{"id":3790,"date":"2023-03-05T18:01:43","date_gmt":"2023-03-05T17:01:43","guid":{"rendered":"https:\/\/cormac.eu\/?post_type=product&#038;p=3790"},"modified":"2023-03-05T18:01:43","modified_gmt":"2023-03-05T17:01:43","slug":"palettenetikettiersystem-2","status":"publish","type":"product","link":"https:\/\/cormac.eu\/de\/product\/pallet-labelling-system\/","title":{"rendered":"Paletten-Etikettiersystem"},"content":{"rendered":"<p>Ein vollst\u00e4ndig integriertes End-of-Line-System muss eine perfekte R\u00fcckverfolgbarkeit der Produkte gew\u00e4hrleisten. Dies erfordert ein integriertes System, das mit dem Managementsystem des Kunden verbunden ist und einen Palettierer, einen Stretchwickler und ein Palettenetikettiersystem umfasst. Unser voll integriertes Palettenetikettiersystem ist vom Hardware-Design bis zum Software-Design perfekt integriert. Das automatische Druck- und Designsystem f\u00fcr die Palettenetikettierung ist in der Lage, Etiketten auf zwei Seiten der Palette zu drucken und anzubringen, und wird mit einer Vakuumplatte zum Halten der Etiketten, einem Barcodeleser zur \u00dcberpr\u00fcfung der Positionierung und Lesbarkeit der Etiketten und einem Sicherheitsmodul geliefert, um die Sicherheit des Benutzers zu gew\u00e4hrleisten.<\/p>\n<p>&nbsp;<\/p>\n<table width=\"491\">\n<tbody>\n<tr>\n<td width=\"491\"><strong>Eigenschaften \u00a0<\/strong><\/td>\n<\/tr>\n<tr>\n<td width=\"491\">Anbringen von Etiketten auf zwei Seiten der Palette<\/td>\n<\/tr>\n<tr>\n<td width=\"491\">Vakuumplatte f\u00fcr Etikettenhalterung<\/td>\n<\/tr>\n<tr>\n<td width=\"491\">Barcode-Leser<\/td>\n<\/tr>\n<tr>\n<td width=\"491\">Sicherheitsmodul<\/td>\n<\/tr>\n<\/tbody>\n<\/table>\n<p>&nbsp;<\/p>","protected":false},"excerpt":{"rendered":"<p>Palettenetikettierger\u00e4t zur Integration in ein Palettiersystem<\/p>","protected":false},"featured_media":3789,"comment_status":"open","ping_status":"closed","template":"","meta":{"uix_meta_title":"","uix_meta_description":"","uix_canonical_url":""},"product_brand":[],"product_cat":[257],"product_tag":[],"class_list":{"0":"post-3790","1":"product","2":"type-product","3":"status-publish","4":"has-post-thumbnail","6":"product_cat-end-of-line-packaging","8":"first","9":"instock","10":"shipping-taxable","11":"product-type-simple"},"_links":{"self":[{"href":"https:\/\/cormac.eu\/de\/wp-json\/wp\/v2\/product\/3790","targetHints":{"allow":["GET"]}}],"collection":[{"href":"https:\/\/cormac.eu\/de\/wp-json\/wp\/v2\/product"}],"about":[{"href":"https:\/\/cormac.eu\/de\/wp-json\/wp\/v2\/types\/product"}],"replies":[{"embeddable":true,"href":"https:\/\/cormac.eu\/de\/wp-json\/wp\/v2\/comments?post=3790"}],"wp:featuredmedia":[{"embeddable":true,"href":"https:\/\/cormac.eu\/de\/wp-json\/wp\/v2\/media\/3789"}],"wp:attachment":[{"href":"https:\/\/cormac.eu\/de\/wp-json\/wp\/v2\/media?parent=3790"}],"wp:term":[{"taxonomy":"product_brand","embeddable":true,"href":"https:\/\/cormac.eu\/de\/wp-json\/wp\/v2\/product_brand?post=3790"},{"taxonomy":"product_cat","embeddable":true,"href":"https:\/\/cormac.eu\/de\/wp-json\/wp\/v2\/product_cat?post=3790"},{"taxonomy":"product_tag","embeddable":true,"href":"https:\/\/cormac.eu\/de\/wp-json\/wp\/v2\/product_tag?post=3790"}],"curies":[{"name":"wp","href":"https:\/\/api.w.org\/{rel}","templated":true}]}}