{"id":3783,"date":"2023-03-05T16:29:34","date_gmt":"2023-03-05T15:29:34","guid":{"rendered":"https:\/\/cormac.eu\/?post_type=product&#038;p=3783"},"modified":"2023-03-05T16:33:43","modified_gmt":"2023-03-05T15:33:43","slug":"palettiersystem-fur-kisten-und-pakete-2","status":"publish","type":"product","link":"https:\/\/cormac.eu\/de\/product\/palletizing-system-for-cases-and-bundles\/","title":{"rendered":"Palettiersystem f\u00fcr Kisten und Pakete"},"content":{"rendered":"<p>Die Palette der Palettierer umfasst automatische Hoch- und Tiefpalettierer f\u00fcr feste oder mobile Paletten. Diese Systeme sind vollst\u00e4ndig auf die Anforderungen des Kunden zugeschnitten. Je nach verf\u00fcgbarem Platz k\u00f6nnen sie mit gro\u00dfer oder kleiner Stellfl\u00e4che konzipiert werden.<br \/>\nSie k\u00f6nnen mit Einzel-, Doppel- oder Dreifacheinzug und Lagenbildungsvorrichtungen mit Einzel- oder Doppelschiebern, Bl\u00f6cken oder Robotern ausgestattet werden. Die meisten Systeme k\u00f6nnen so programmiert werden, dass sie sich automatisch an unterschiedliche Produktgr\u00f6\u00dfen anpassen.<\/p>\n<p>&nbsp;<\/p>\n<table width=\"528\">\n<tbody>\n<tr>\n<td width=\"528\"><strong>Eigenschaften<\/strong><\/td>\n<\/tr>\n<tr>\n<td>Systeme f\u00fcr mobile oder feste Paletten<\/td>\n<\/tr>\n<tr>\n<td>90\u00b0-Schichttransfer-System<\/td>\n<\/tr>\n<tr>\n<td>Hoch- oder Niederflur-Zuf\u00fchrungsf\u00f6rderer<\/td>\n<\/tr>\n<tr>\n<td>Automatische Regelung der Produktgr\u00f6\u00dfe<\/td>\n<\/tr>\n<tr>\n<td>Ma\u00dfgeschneidert auf Kundenanforderungen<\/td>\n<\/tr>\n<\/tbody>\n<\/table>\n<p>&nbsp;<\/p>\n<p><strong>Kapazit\u00e4ten f\u00fcr verschiedene Systeme<\/strong><\/p>\n<table style=\"height: 707px\" width=\"616\">\n<tbody>\n<tr>\n<td width=\"172\"><strong>Palettiersystem<\/strong><\/td>\n<td width=\"57\">\n<p style=\"text-align: center\"><strong>Palette<\/strong><\/p>\n<\/td>\n<td colspan=\"2\" width=\"131\">\n<p style=\"text-align: center\"><strong>Produktionsgeschwindigkeiten<\/strong><\/p>\n<\/td>\n<\/tr>\n<tr>\n<td width=\"172\"><\/td>\n<td width=\"57\"><\/td>\n<td width=\"67\">\n<p style=\"text-align: center\"><strong>CMP<\/strong><\/p>\n<\/td>\n<td width=\"64\">\n<p style=\"text-align: center\"><strong>SPM<\/strong><\/p>\n<\/td>\n<\/tr>\n<tr>\n<td width=\"172\">Kompakter niedriger Pegel<\/td>\n<td width=\"57\">\n<p style=\"text-align: center\">\n<\/td>\n<td style=\"text-align: center\" width=\"67\">25<\/td>\n<td width=\"64\">\n<p style=\"text-align: center\">2,5<\/p>\n<\/td>\n<\/tr>\n<tr>\n<td width=\"172\">Kompakte Roboterinsel<\/td>\n<td width=\"57\">\n<p style=\"text-align: center\">\n<\/td>\n<td style=\"text-align: center\" width=\"67\">25<\/td>\n<td width=\"64\">\n<p style=\"text-align: center\">2,5<\/p>\n<\/td>\n<\/tr>\n<tr>\n<td width=\"172\">Roboter-Insel<\/td>\n<td width=\"57\">\n<p style=\"text-align: center\">\n<\/td>\n<td style=\"text-align: center\" width=\"67\">25<\/td>\n<td width=\"64\">\n<p style=\"text-align: center\">2,5<\/p>\n<\/td>\n<\/tr>\n<tr>\n<td width=\"172\">Kompakt auf hohem Niveau<\/td>\n<td width=\"57\">\n<p style=\"text-align: center\">\n<\/td>\n<td style=\"text-align: center\" width=\"67\">40<\/td>\n<td width=\"64\">\n<p style=\"text-align: center\">4<\/p>\n<\/td>\n<\/tr>\n<tr>\n<td width=\"172\">Hochrangige Multimarke<\/td>\n<td width=\"57\">\n<p style=\"text-align: center\">fest<\/p>\n<\/td>\n<td style=\"text-align: center\" width=\"67\">40<\/td>\n<td width=\"64\">\n<p style=\"text-align: center\">4,5<\/p>\n<\/td>\n<\/tr>\n<tr>\n<td width=\"172\">Robotersystem<\/td>\n<td width=\"57\">\n<p style=\"text-align: center\">\n<\/td>\n<td style=\"text-align: center\" width=\"67\">60<\/td>\n<td width=\"64\">\n<p style=\"text-align: center\">4,5<\/p>\n<\/td>\n<\/tr>\n<tr>\n<td width=\"172\">Einspeisung auf hohem Niveau<\/td>\n<td width=\"57\">\n<p style=\"text-align: center\">fest<\/p>\n<\/td>\n<td style=\"text-align: center\" width=\"67\">60<\/td>\n<td style=\"text-align: center\" width=\"64\">4,5<\/td>\n<\/tr>\n<tr>\n<td width=\"172\">Hohes Niveau Einspeisung<\/td>\n<td width=\"57\">\n<p style=\"text-align: center\">mobil<\/p>\n<\/td>\n<td style=\"text-align: center\" width=\"67\">120<\/td>\n<td width=\"64\">\n<p style=\"text-align: center\">8<\/p>\n<\/td>\n<\/tr>\n<tr>\n<td width=\"172\">Hohes Niveau Einspeisung<\/td>\n<td width=\"57\">\n<p style=\"text-align: center\">\n<\/td>\n<td style=\"text-align: center\" width=\"67\">140<\/td>\n<td width=\"64\">\n<p style=\"text-align: center\">11<\/p>\n<\/td>\n<\/tr>\n<\/tbody>\n<\/table>","protected":false},"excerpt":{"rendered":"<p>Kundenspezifisches automatisches Palettiersystem f\u00fcr Kartons und Pakete mit niedriger, mittlerer und hoher Kapazit\u00e4t.<\/p>","protected":false},"featured_media":3785,"comment_status":"open","ping_status":"closed","template":"","meta":{"uix_meta_title":"","uix_meta_description":"","uix_canonical_url":""},"product_brand":[],"product_cat":[257],"product_tag":[],"class_list":{"0":"post-3783","1":"product","2":"type-product","3":"status-publish","4":"has-post-thumbnail","6":"product_cat-end-of-line-packaging","8":"first","9":"instock","10":"shipping-taxable","11":"product-type-simple"},"_links":{"self":[{"href":"https:\/\/cormac.eu\/de\/wp-json\/wp\/v2\/product\/3783","targetHints":{"allow":["GET"]}}],"collection":[{"href":"https:\/\/cormac.eu\/de\/wp-json\/wp\/v2\/product"}],"about":[{"href":"https:\/\/cormac.eu\/de\/wp-json\/wp\/v2\/types\/product"}],"replies":[{"embeddable":true,"href":"https:\/\/cormac.eu\/de\/wp-json\/wp\/v2\/comments?post=3783"}],"wp:featuredmedia":[{"embeddable":true,"href":"https:\/\/cormac.eu\/de\/wp-json\/wp\/v2\/media\/3785"}],"wp:attachment":[{"href":"https:\/\/cormac.eu\/de\/wp-json\/wp\/v2\/media?parent=3783"}],"wp:term":[{"taxonomy":"product_brand","embeddable":true,"href":"https:\/\/cormac.eu\/de\/wp-json\/wp\/v2\/product_brand?post=3783"},{"taxonomy":"product_cat","embeddable":true,"href":"https:\/\/cormac.eu\/de\/wp-json\/wp\/v2\/product_cat?post=3783"},{"taxonomy":"product_tag","embeddable":true,"href":"https:\/\/cormac.eu\/de\/wp-json\/wp\/v2\/product_tag?post=3783"}],"curies":[{"name":"wp","href":"https:\/\/api.w.org\/{rel}","templated":true}]}}